{"id":9990,"date":"2021-11-03T18:45:35","date_gmt":"2021-11-03T17:45:35","guid":{"rendered":"https:\/\/newmoteuretsens.e-madgin.com\/?post_type=product&#038;p=9990"},"modified":"2022-02-15T15:51:09","modified_gmt":"2022-02-15T14:51:09","slug":"mclaren-650s-spider","status":"publish","type":"product","link":"https:\/\/newmoteuretsens.e-madgin.com\/index.php\/produit\/mclaren-650s-spider\/","title":{"rendered":"MCLAREN &#8211; 650S Spider"},"content":{"rendered":"<p>Un concentr\u00e9 de technologie, de maitrise et de savoir-faire issu de la comp\u00e9tition. McLaren revoie sa copie MP4 et pr\u00e9sente la 650S, au menu, la fameuse monocoque carbone et le V8 biturbo au souffle in\u00e9puisable. Le look ainsi que la fiabilit\u00e9 sont am\u00e9lior\u00e9s et pour \u00eatre honn\u00eate, cette auto est peut \u00eatre ce qui se fait de mieux dans cette gamme de prix. Performances ahurissantes, look ravageur, exclusivit\u00e9, et l&rsquo;avantage d&rsquo;avoir un cabriolet aussi rigide et performant que le coup\u00e9. Car chez McLaren le b\u00e9n\u00e9fice de la coque carbone ne profite pas seulement a l&rsquo;agilit\u00e9 et \u00e0 la rigidit\u00e9, mais aussi \u00e0 ne n\u00e9cessiter qu&rsquo;une vingtaine de kilos de renfort afin de profiter des vocalises du V8 cheveux au vent. Quant au feeling de direction McLaren, c&rsquo;est peut \u00eatre le meilleur toute marque confondu d\u00e8s qu&rsquo;il s&rsquo;agit de tourner le volant.<\/p>\n<p>Notre mod\u00e8le est en parfait \u00e9tat. En plus d&rsquo;une peinture Orange Tarocco, elle est dot\u00e9e d&rsquo;un sublime int\u00e9rieur en alcantara contrast\u00e9 par des surpiqures oranges le tout sublim\u00e9 par des touches de carbone (colonne centrale, int\u00e9rieur de porte\u2026). Bref, une configuration parfaite ! La voiture sort fraichement d&rsquo;un gros entretiens chez McLaren Paris et son entretiens \u00e0 toujours \u00e9t\u00e9 suivi !<\/p>\n","protected":false},"excerpt":{"rendered":"<ul>\n<li>Pack ext\u00e9rieur en carbone<\/li>\n<li>Echappement sport<\/li>\n<li>Si\u00e8ges \u00e9lectriques \u00e0 m\u00e9moire<\/li>\n<li>Si\u00e8ges chauffants<\/li>\n<li>Garniture int\u00e9rieur en fibre de carbone<\/li>\n<li>Surpiq\u00fbres contrast\u00e9es sur le tableau de bord et le volant<\/li>\n<li>Tapis de sol McLaren<\/li>\n<li>Seuil de porte en fibre de carbone McLaren<\/li>\n<li>Colonne de direction \u00e9lectrique<\/li>\n<li>Jantes \u00e0 finition diamant\u00e9e<\/li>\n<li>\u00c9triers de frein de couleur sp\u00e9ciale<\/li>\n<li>Syst\u00e8me son Meridian<\/li>\n<li>Capteurs de stationnement AV\/AR<\/li>\n<li>Cam\u00e9ral de recul<\/li>\n<li>Syst\u00e8me de suivi et alarme volum\u00e9trique<\/li>\n<li>Lift System<\/li>\n<li>Boite de vitesses robotis\u00e9e, 7 rapports<\/li>\n<\/ul>\n","protected":false},"featured_media":9991,"comment_status":"open","ping_status":"closed","template":"","meta":[],"product_cat":[22],"product_tag":[],"class_list":["post-9990","product","type-product","status-publish","has-post-thumbnail","hentry","product_cat-mclaren","entry","has-media"],"_links":{"self":[{"href":"https:\/\/newmoteuretsens.e-madgin.com\/index.php\/wp-json\/wp\/v2\/product\/9990","targetHints":{"allow":["GET"]}}],"collection":[{"href":"https:\/\/newmoteuretsens.e-madgin.com\/index.php\/wp-json\/wp\/v2\/product"}],"about":[{"href":"https:\/\/newmoteuretsens.e-madgin.com\/index.php\/wp-json\/wp\/v2\/types\/product"}],"replies":[{"embeddable":true,"href":"https:\/\/newmoteuretsens.e-madgin.com\/index.php\/wp-json\/wp\/v2\/comments?post=9990"}],"wp:featuredmedia":[{"embeddable":true,"href":"https:\/\/newmoteuretsens.e-madgin.com\/index.php\/wp-json\/wp\/v2\/media\/9991"}],"wp:attachment":[{"href":"https:\/\/newmoteuretsens.e-madgin.com\/index.php\/wp-json\/wp\/v2\/media?parent=9990"}],"wp:term":[{"taxonomy":"product_cat","embeddable":true,"href":"https:\/\/newmoteuretsens.e-madgin.com\/index.php\/wp-json\/wp\/v2\/product_cat?post=9990"},{"taxonomy":"product_tag","embeddable":true,"href":"https:\/\/newmoteuretsens.e-madgin.com\/index.php\/wp-json\/wp\/v2\/product_tag?post=9990"}],"curies":[{"name":"wp","href":"https:\/\/api.w.org\/{rel}","templated":true}]}}