{"id":9929,"date":"2021-11-03T18:38:54","date_gmt":"2021-11-03T17:38:54","guid":{"rendered":"https:\/\/newmoteuretsens.e-madgin.com\/?post_type=product&#038;p=9929"},"modified":"2021-11-24T11:45:10","modified_gmt":"2021-11-24T10:45:10","slug":"mclaren-mp4-12c-coupe","status":"publish","type":"product","link":"https:\/\/newmoteuretsens.e-madgin.com\/index.php\/produit\/mclaren-mp4-12c-coupe\/","title":{"rendered":"MCLAREN &#8211; MP4-12C COUPE"},"content":{"rendered":"<p>La MP4-12C marque la renaissance de McLaren dans la production de voiture de s\u00e9ries. Sortie en 2011, cette auto s&rsquo;impose directement en tant que t\u00eate d&rsquo;affiche sur le march\u00e9 des supercars, avec l&rsquo;aide notamment son moteur V8 3.8L bi-turbo qui d\u00e9veloppe 600ch, son ch\u00e2ssis monocoque carbone, ou encore son syst\u00e8me de suspension hydraulique ultra sophistiqu\u00e9. Un look toujours futuriste aujourd&rsquo;hui, des performances \u00e9poustouflantes, une exclusivit\u00e9 certaine, le tout pour un prix d\u00e9fiant toute concurrence. Notre exemplaire est dans un super \u00e9tat, toujours suivi par Mclaren (Carnet + Historique d&rsquo;entretiens disponible)<\/p>\n","protected":false},"excerpt":{"rendered":"<div class=\"options\">\n<ul>\n<li>Exterior Elite Paint &#8211; Supernova Silver<\/li>\n<li>Door Mirror &#8211; Carbon Fibre<\/li>\n<li>Sports Exhaust<\/li>\n<li>Stealth Pack<\/li>\n<li>Front Splitter &#8211; Carbon Fibre<\/li>\n<li>Engine Bay Panels &#8211; Carbon Fibre<\/li>\n<li>Engine Covers in Carbon Fibre<\/li>\n<li>Side Intake &#8211; Body Colour<\/li>\n<li>Wheel Arch &#8211; Carbon Fibre<\/li>\n<li>Diffuser &#8211; Carbon Fibre<\/li>\n<li>Alcantara &amp; Leather Interior<\/li>\n<li>Sill Panel &#8211; Carbon Fibre<\/li>\n<li>Electric &amp; Heated Memory Seats<\/li>\n<li>Seat Back &#8211; Standard<\/li>\n<li>Carbon fibre interior Upgrade<\/li>\n<li>Steering Wheel &#8211; Carbon Black Leather<\/li>\n<li>Seat Outer &#8211; Carbon Black Leather<\/li>\n<li>Seat Inner &#8211; Carbon Black Alcantara<\/li>\n<li>Contrast Stitch &#8211; Stone Grey<\/li>\n<li>Door Insert &#8211; Carbon Black Alcantara<\/li>\n<li>Facia Outer &#8211; Carbon Black Leather<\/li>\n<li>Facia Inner &#8211; Carbon Black Alcantara<\/li>\n<li>Cast Wheel &#8211; Stealth<\/li>\n<li>Iron Brakes &#8211; Black Calipers<\/li>\n<li>Tyre pressure Monitoring system<\/li>\n<li>Meridian Surround Sound System<\/li>\n<li>Parking Sensors (Front &amp; Rear)<\/li>\n<li>Volumetric Alarm<\/li>\n<li>Vehicle Tracking System<\/li>\n<\/ul>\n<\/div>\n<div class=\"config\"><\/div>\n","protected":false},"featured_media":9930,"comment_status":"open","ping_status":"closed","template":"","meta":[],"product_cat":[22],"product_tag":[],"class_list":["post-9929","product","type-product","status-publish","has-post-thumbnail","hentry","product_cat-mclaren","entry","has-media"],"_links":{"self":[{"href":"https:\/\/newmoteuretsens.e-madgin.com\/index.php\/wp-json\/wp\/v2\/product\/9929","targetHints":{"allow":["GET"]}}],"collection":[{"href":"https:\/\/newmoteuretsens.e-madgin.com\/index.php\/wp-json\/wp\/v2\/product"}],"about":[{"href":"https:\/\/newmoteuretsens.e-madgin.com\/index.php\/wp-json\/wp\/v2\/types\/product"}],"replies":[{"embeddable":true,"href":"https:\/\/newmoteuretsens.e-madgin.com\/index.php\/wp-json\/wp\/v2\/comments?post=9929"}],"wp:featuredmedia":[{"embeddable":true,"href":"https:\/\/newmoteuretsens.e-madgin.com\/index.php\/wp-json\/wp\/v2\/media\/9930"}],"wp:attachment":[{"href":"https:\/\/newmoteuretsens.e-madgin.com\/index.php\/wp-json\/wp\/v2\/media?parent=9929"}],"wp:term":[{"taxonomy":"product_cat","embeddable":true,"href":"https:\/\/newmoteuretsens.e-madgin.com\/index.php\/wp-json\/wp\/v2\/product_cat?post=9929"},{"taxonomy":"product_tag","embeddable":true,"href":"https:\/\/newmoteuretsens.e-madgin.com\/index.php\/wp-json\/wp\/v2\/product_tag?post=9929"}],"curies":[{"name":"wp","href":"https:\/\/api.w.org\/{rel}","templated":true}]}}