{"id":9871,"date":"2021-11-03T18:29:43","date_gmt":"2021-11-03T17:29:43","guid":{"rendered":"https:\/\/newmoteuretsens.e-madgin.com\/?post_type=product&#038;p=9871"},"modified":"2021-11-22T11:47:38","modified_gmt":"2021-11-22T10:47:38","slug":"porsche-911-type-991-gt3-rs-2","status":"publish","type":"product","link":"https:\/\/newmoteuretsens.e-madgin.com\/index.php\/produit\/porsche-911-type-991-gt3-rs-2\/","title":{"rendered":"PORSCHE &#8211; 911 TYPE 991 GT3 RS"},"content":{"rendered":"<p>\u00ab\u00a0Voiture de sport \u00e0 moteur atmosph\u00e9rique et concept haut r\u00e9gime, ch\u00e2ssis con\u00e7u pour le circuit\u00a0\u00bb : tel sont les mots d&rsquo;Andreas Preuninger (chef de projet de la GT3 RS) pour d\u00e9crire cette machine \u00e0 chasser le chrono. Avec son ch\u00e2ssis d&rsquo;une efficacit\u00e9 stup\u00e9fiante, un moteur prenant des tours \u00e0 n&rsquo;en plus finir et sa sonorit\u00e9 atypique, la GT3 RS est d\u00e9finitivement la reine de sa cat\u00e9gorie. Notre exemplaire est pr\u00e9sent\u00e9 dans cette fameuse livr\u00e9e Vert L\u00e9zard et est extr\u00eamement bien optionn\u00e9 en parfait \u00e9tat.<\/p>\n","protected":false},"excerpt":{"rendered":"<ul>\n<li>Pack Clubsport<\/li>\n<li>R\u00e9servoir 90L<\/li>\n<li>R\u00e9gulateur de vitesse<\/li>\n<li>Syst\u00e8me de levage de l&rsquo;essieu avant<\/li>\n<li>Extincteur<\/li>\n<li>Pack Fumeur<\/li>\n<li>Cam\u00e9ra de recul<\/li>\n<li>Tapis de sol<\/li>\n<li>Couronne de volant avec marquage \u00ab\u00a0A midi\u00a0\u00bb en Vert L\u00e9zard<\/li>\n<li>BOSE Surround Sound System<\/li>\n<li>R\u00e9troviseurs int\u00e9rieur et ext\u00e9rieurs anti-\u00e9blouissement<\/li>\n<li>Pack Sport Chrono avec pr\u00e9-\u00e9quipement Laptrigger<\/li>\n<li>Radio num\u00e9rique<\/li>\n<li>Phare \u00e0 LED incluant le Porche Dynamic Light System Plus (PDLS+)<\/li>\n<li>Jantes peintes en Noir (Finition Satin\u00e9e) avec entourage de la jante peint en Vert L\u00e9zard<\/li>\n<li>Vitrage en verre l\u00e9ger fum\u00e9 (Vitres lat\u00e9rales arri\u00e8re et lunette arri\u00e8re)<\/li>\n<\/ul>\n","protected":false},"featured_media":9872,"comment_status":"open","ping_status":"closed","template":"","meta":[],"product_cat":[21],"product_tag":[],"class_list":["post-9871","product","type-product","status-publish","has-post-thumbnail","hentry","product_cat-porsche","entry","has-media"],"_links":{"self":[{"href":"https:\/\/newmoteuretsens.e-madgin.com\/index.php\/wp-json\/wp\/v2\/product\/9871","targetHints":{"allow":["GET"]}}],"collection":[{"href":"https:\/\/newmoteuretsens.e-madgin.com\/index.php\/wp-json\/wp\/v2\/product"}],"about":[{"href":"https:\/\/newmoteuretsens.e-madgin.com\/index.php\/wp-json\/wp\/v2\/types\/product"}],"replies":[{"embeddable":true,"href":"https:\/\/newmoteuretsens.e-madgin.com\/index.php\/wp-json\/wp\/v2\/comments?post=9871"}],"wp:featuredmedia":[{"embeddable":true,"href":"https:\/\/newmoteuretsens.e-madgin.com\/index.php\/wp-json\/wp\/v2\/media\/9872"}],"wp:attachment":[{"href":"https:\/\/newmoteuretsens.e-madgin.com\/index.php\/wp-json\/wp\/v2\/media?parent=9871"}],"wp:term":[{"taxonomy":"product_cat","embeddable":true,"href":"https:\/\/newmoteuretsens.e-madgin.com\/index.php\/wp-json\/wp\/v2\/product_cat?post=9871"},{"taxonomy":"product_tag","embeddable":true,"href":"https:\/\/newmoteuretsens.e-madgin.com\/index.php\/wp-json\/wp\/v2\/product_tag?post=9871"}],"curies":[{"name":"wp","href":"https:\/\/api.w.org\/{rel}","templated":true}]}}