{"id":9345,"date":"2021-11-03T11:00:35","date_gmt":"2021-11-03T10:00:35","guid":{"rendered":"https:\/\/newmoteuretsens.e-madgin.com\/?post_type=product&#038;p=9345"},"modified":"2021-11-29T14:57:55","modified_gmt":"2021-11-29T13:57:55","slug":"ferrari-california-v8-460ch","status":"publish","type":"product","link":"https:\/\/newmoteuretsens.e-madgin.com\/index.php\/produit\/ferrari-california-v8-460ch\/","title":{"rendered":"FERRARI &#8211; California 460ch"},"content":{"rendered":"<p>La California tient une place bien sp\u00e9ciale dans la gamme Ferrari car celle-ci f\u00fbt le premier mod\u00e8le coup\u00e9 cabriolet de la marque au cheval cabr\u00e9. A sa sortie, elle a tout de suite s\u00e9duit une nouvelle client\u00e8le, plus jeune, propos\u00e9e \u00e0 un prix attractif, elle a permis \u00e0 bon nombre de passionn\u00e9es de pouvoir mettre un pied dans l&rsquo;univers de Maranello. A la conduite, l&rsquo;auto s&rsquo;aborde avec une facilit\u00e9 d\u00e9concertante avec une direction l\u00e9g\u00e8re. De nature plut\u00f4t GT elle s&rsquo;av\u00e8re \u00eatre confortable mais pas fade pour autant avec une sonorit\u00e9 musicale et rageuse qui nous rappelle d&rsquo;o\u00f9 vient le moteur V8. La California est quasi sans concurrence car rare sont les constructeur sur le march\u00e9 \u00e0 proposer un d\u00e9licieux moteur V8 \u00e0 consommer cheveux au vent, jusqu&rsquo;\u00e0 4 personnes, et le tout pour moins de 100K\u20ac dans l&rsquo;atmosph\u00e8re si particuli\u00e8re de la marque de Maranello. Notre exemplaire pr\u00e9sente une configuration sobre et \u00e9l\u00e9gante. L&rsquo;auto est fran\u00e7aise d&rsquo;origine et pr\u00e9sente un suivi d&rsquo;entretiens complet uniquement r\u00e9alis\u00e9s chez Ferrari. Une nouvelle r\u00e9vision sera effectu\u00e9e pour la vente chez Ferrari.<\/p>\n","protected":false},"excerpt":{"rendered":"<ul>\n<li>Freins c\u00e9ramiques<\/li>\n<li>Carnet d&rsquo;entretien<\/li>\n<li>Facture d&rsquo;entretien<\/li>\n<li>Pochette compl\u00e8te<\/li>\n<li>Ecussons Scuderia sur ailes avant<\/li>\n<li>Fond de compteur jaune<\/li>\n<li>Si\u00e8ges \u00e9lectriques \u00e0 m\u00e9moires<\/li>\n<li>Si\u00e8ges chauffants<\/li>\n<li>Etriers de freins jaunes<\/li>\n<li>Radars de parking arri\u00e8re<\/li>\n<li>Sellerie cuir type Daytona<\/li>\n<li>Volant Carbon avec LED<\/li>\n<li>Palettes au Volant Carbone<\/li>\n<\/ul>\n","protected":false},"featured_media":9346,"comment_status":"open","ping_status":"closed","template":"","meta":[],"product_cat":[23],"product_tag":[],"class_list":["post-9345","product","type-product","status-publish","has-post-thumbnail","hentry","product_cat-ferrari","entry","has-media"],"_links":{"self":[{"href":"https:\/\/newmoteuretsens.e-madgin.com\/index.php\/wp-json\/wp\/v2\/product\/9345","targetHints":{"allow":["GET"]}}],"collection":[{"href":"https:\/\/newmoteuretsens.e-madgin.com\/index.php\/wp-json\/wp\/v2\/product"}],"about":[{"href":"https:\/\/newmoteuretsens.e-madgin.com\/index.php\/wp-json\/wp\/v2\/types\/product"}],"replies":[{"embeddable":true,"href":"https:\/\/newmoteuretsens.e-madgin.com\/index.php\/wp-json\/wp\/v2\/comments?post=9345"}],"wp:featuredmedia":[{"embeddable":true,"href":"https:\/\/newmoteuretsens.e-madgin.com\/index.php\/wp-json\/wp\/v2\/media\/9346"}],"wp:attachment":[{"href":"https:\/\/newmoteuretsens.e-madgin.com\/index.php\/wp-json\/wp\/v2\/media?parent=9345"}],"wp:term":[{"taxonomy":"product_cat","embeddable":true,"href":"https:\/\/newmoteuretsens.e-madgin.com\/index.php\/wp-json\/wp\/v2\/product_cat?post=9345"},{"taxonomy":"product_tag","embeddable":true,"href":"https:\/\/newmoteuretsens.e-madgin.com\/index.php\/wp-json\/wp\/v2\/product_tag?post=9345"}],"curies":[{"name":"wp","href":"https:\/\/api.w.org\/{rel}","templated":true}]}}