{"id":926,"date":"2021-09-13T18:57:51","date_gmt":"2021-09-13T16:57:51","guid":{"rendered":"https:\/\/newmoteuretsens.e-madgin.com\/?post_type=product&#038;p=926"},"modified":"2021-11-29T15:02:20","modified_gmt":"2021-11-29T14:02:20","slug":"aston-martin-v8-new-vantage-coupe-amr","status":"publish","type":"product","link":"https:\/\/newmoteuretsens.e-madgin.com\/index.php\/produit\/aston-martin-v8-new-vantage-coupe-amr\/","title":{"rendered":"ASTON MARTIN &#8211; V8 New Vantage Coup\u00e9 AMR"},"content":{"rendered":"<p>Des proportions compactes et muscl\u00e9es, une excellente position de conduite, un ch\u00e2ssis incisif et rigide, le mod\u00e8le le plus sportif de la marque anglaise revient avec une version AMR limit\u00e9e \u00e0 200 exemplaires . Sous le capot , le V8 &#8211; 4.0 biturbo issu de l&rsquo;AMG GT n&rsquo;a jamais paru aussi vivant. Toujours 510 ch mais \u00e0 un d\u00e9tail pr\u00e8s (qui n&rsquo;en n&rsquo;est pas un), l&rsquo;auto re\u00e7oit la fameuse boite m\u00e9canique 7 vitesses \u00e0 \u00ab\u00a0Dogleg\u00a0\u00bb issu de la comp\u00e9tition. En se s\u00e9parant de la boite automatique de la version de base et en optant pour des freins carbone c\u00e9ramique, l&rsquo;AMR s&rsquo;all\u00e8ge de 95 kg faisant tomber le poids sur la balance \u00e0 1.499 kg exactement. Si ce mod\u00e8le est devenu l&rsquo;officiel Safetycar des courses de formule 1, c&rsquo;est tout sauf un hasard. Cette version s&rsquo;adresse au puriste, avide de sensations et de ressenti de conduite. Notre exemplaire est dans un \u00e9tat neuf, et pr\u00e9sent\u00e9 dans cette sublime livr\u00e9e china grey.<\/p>\n","protected":false},"excerpt":{"rendered":"<p>Des proportions compactes et muscl\u00e9es, une excellente position de conduite, un ch\u00e2ssis incisif et rigide, le mod\u00e8le le plus sportif de la marque anglaise revient avec une version AMR limit\u00e9e \u00e0 200 exemplaires . Sous le capot , le V8 &#8211; 4.0 biturbo issu de l&rsquo;AMG GT n&rsquo;a jamais paru aussi vivant. Toujours 510 ch [&hellip;]<\/p>\n","protected":false},"featured_media":928,"comment_status":"open","ping_status":"closed","template":"","meta":[],"product_cat":[25],"product_tag":[],"class_list":["post-926","product","type-product","status-publish","has-post-thumbnail","hentry","product_cat-aston-martin","entry","has-media"],"_links":{"self":[{"href":"https:\/\/newmoteuretsens.e-madgin.com\/index.php\/wp-json\/wp\/v2\/product\/926","targetHints":{"allow":["GET"]}}],"collection":[{"href":"https:\/\/newmoteuretsens.e-madgin.com\/index.php\/wp-json\/wp\/v2\/product"}],"about":[{"href":"https:\/\/newmoteuretsens.e-madgin.com\/index.php\/wp-json\/wp\/v2\/types\/product"}],"replies":[{"embeddable":true,"href":"https:\/\/newmoteuretsens.e-madgin.com\/index.php\/wp-json\/wp\/v2\/comments?post=926"}],"wp:featuredmedia":[{"embeddable":true,"href":"https:\/\/newmoteuretsens.e-madgin.com\/index.php\/wp-json\/wp\/v2\/media\/928"}],"wp:attachment":[{"href":"https:\/\/newmoteuretsens.e-madgin.com\/index.php\/wp-json\/wp\/v2\/media?parent=926"}],"wp:term":[{"taxonomy":"product_cat","embeddable":true,"href":"https:\/\/newmoteuretsens.e-madgin.com\/index.php\/wp-json\/wp\/v2\/product_cat?post=926"},{"taxonomy":"product_tag","embeddable":true,"href":"https:\/\/newmoteuretsens.e-madgin.com\/index.php\/wp-json\/wp\/v2\/product_tag?post=926"}],"curies":[{"name":"wp","href":"https:\/\/api.w.org\/{rel}","templated":true}]}}