{"id":8824,"date":"2021-10-28T12:01:14","date_gmt":"2021-10-28T10:01:14","guid":{"rendered":"https:\/\/newmoteuretsens.e-madgin.com\/?post_type=product&#038;p=8824"},"modified":"2021-10-28T12:01:14","modified_gmt":"2021-10-28T10:01:14","slug":"lamborghini-aventador-s-740ch","status":"publish","type":"product","link":"https:\/\/newmoteuretsens.e-madgin.com\/index.php\/produit\/lamborghini-aventador-s-740ch\/","title":{"rendered":"LAMBORGHINI &#8211; Aventador S 740CH"},"content":{"rendered":"<p>Ce mod\u00e8le S est une suite logique. L&rsquo;appellation ne doit rien au hasard. Comme ses a\u00een\u00e9es qui y ont eu droit avant elle, ce badge apporte un surcro\u00eet de performances. Quasiment aussi sportif qu&rsquo;une SV, le mod\u00e8le S lui oppose une capacit\u00e9 \u00e0 se plier \u00e0 toutes les utilisations. La modification par rapport \u00e0 l&rsquo;Aventador, a permis de gagner 20% sur le poids de l&rsquo;\u00e9chappement mais elle a \u00e9galement lib\u00e9r\u00e9 la m\u00e9lodie retranscrite par le V12. C&rsquo;est certain que son son ravira les m\u00e9lomanes ! Elle p\u00e9rennise \u00e9galement son talent sportif avec \u00e0 40 ch suppl\u00e9mentaires par rapport \u00e0 la premi\u00e8re LP 700-4. Gr\u00e2ce \u00e0 de nouveaux boucliers et diffuseur, l&rsquo;appui augmente de 130% \u00e0 l&rsquo;avant et de 50% \u00e0 l&rsquo;arri\u00e8re. La r\u00e9volution de cette version c&rsquo;est surtout l&rsquo;int\u00e9gration d&rsquo;un nouveau syst\u00e8me de quatre roues directrices, une premi\u00e8re sur une Lamborghini de s\u00e9rie, except\u00e9e, la \u00ab\u00a0Centenario\u00a0\u00bb qui en disposait. Nous vous pr\u00e9sentons ce magnifique mod\u00e8le en parfait \u00e9tat, il s&rsquo;agit d&rsquo;une premi\u00e8re main fran\u00e7aise, d\u00e9j\u00e0 immatricul\u00e9e et taxes pay\u00e9es. L&rsquo;auto est \u00e0 jour de r\u00e9vision chez Lamborghini Paris (Derni\u00e8re r\u00e9vision en 06\/2021 \u00e0 8 500km). La voiture est int\u00e9gralement prot\u00e9g\u00e9e par un film transparent, et un silencieux Lamborghini \u00e0 Valve Tronic a \u00e9galement \u00e9t\u00e9 install\u00e9 par Lamborghini.<\/p>\n","protected":false},"excerpt":{"rendered":"<ul>\n<li>Q0B1 &#8211; Nero Pegaso Metallic color<\/li>\n<li>F98 &#8211; Rims Dione Forged 20&Prime;\/21&Prime; High gloss black<\/li>\n<li>PCC &#8211; Orange brakes calipers<\/li>\n<li>2MP &#8211; Black rear suspension rings<\/li>\n<li>W10 &#8211; Style package<\/li>\n<li>6FH &#8211; Rear view mirrors in High Gloss Black<\/li>\n<li>NM2 &#8211; Transparent engine bonnet<\/li>\n<li>9VK &#8211; Sensonum premium sound system<\/li>\n<li>7X9 &#8211; Park Assistance (Parking sensor and rear view camera)<\/li>\n<li>WV1 &#8211; Fully electric and heated seats<\/li>\n<li>2ZH &#8211; Multifunction steering wheel with perforated leather inserts<\/li>\n<li>PSA &#8211; Visibility ans light package<\/li>\n<li>0UA &#8211; Unicolor interior<\/li>\n<li>YCS &#8211; Colored optional stitching<\/li>\n<li>PN4 &#8211; Branding Package with Lamborghini shield embrouidered on leather<\/li>\n<li>PJ0 &#8211; Interior details in high gloss black<\/li>\n<li>4XD &#8211; Rooflining pillard and windscreen frame in leather<\/li>\n<li>7HD &#8211; Rear bench and rocker cover in leather<\/li>\n<\/ul>\n","protected":false},"featured_media":8825,"comment_status":"open","ping_status":"closed","template":"","meta":[],"product_cat":[29],"product_tag":[],"class_list":["post-8824","product","type-product","status-publish","has-post-thumbnail","hentry","product_cat-lamborghini","entry","has-media"],"_links":{"self":[{"href":"https:\/\/newmoteuretsens.e-madgin.com\/index.php\/wp-json\/wp\/v2\/product\/8824","targetHints":{"allow":["GET"]}}],"collection":[{"href":"https:\/\/newmoteuretsens.e-madgin.com\/index.php\/wp-json\/wp\/v2\/product"}],"about":[{"href":"https:\/\/newmoteuretsens.e-madgin.com\/index.php\/wp-json\/wp\/v2\/types\/product"}],"replies":[{"embeddable":true,"href":"https:\/\/newmoteuretsens.e-madgin.com\/index.php\/wp-json\/wp\/v2\/comments?post=8824"}],"wp:featuredmedia":[{"embeddable":true,"href":"https:\/\/newmoteuretsens.e-madgin.com\/index.php\/wp-json\/wp\/v2\/media\/8825"}],"wp:attachment":[{"href":"https:\/\/newmoteuretsens.e-madgin.com\/index.php\/wp-json\/wp\/v2\/media?parent=8824"}],"wp:term":[{"taxonomy":"product_cat","embeddable":true,"href":"https:\/\/newmoteuretsens.e-madgin.com\/index.php\/wp-json\/wp\/v2\/product_cat?post=8824"},{"taxonomy":"product_tag","embeddable":true,"href":"https:\/\/newmoteuretsens.e-madgin.com\/index.php\/wp-json\/wp\/v2\/product_tag?post=8824"}],"curies":[{"name":"wp","href":"https:\/\/api.w.org\/{rel}","templated":true}]}}