{"id":8823,"date":"2021-10-28T11:53:47","date_gmt":"2021-10-28T09:53:47","guid":{"rendered":"https:\/\/newmoteuretsens.e-madgin.com\/?post_type=product&#038;p=8823"},"modified":"2021-12-13T14:34:15","modified_gmt":"2021-12-13T13:34:15","slug":"ac-cobra-superformance-427-2","status":"publish","type":"product","link":"https:\/\/newmoteuretsens.e-madgin.com\/index.php\/produit\/ac-cobra-superformance-427-2\/","title":{"rendered":"AC &#8211; COBRA SUPERFORMANCE 427"},"content":{"rendered":"<p>Ayant arr\u00eat\u00e9 la comp\u00e9tition automobile en 1960, \u00e0 37 ans, pour cause de sant\u00e9, le pilote texan Carroll Shelby veut d\u00e9velopper une voiture am\u00e9ricaine capable de battre les Ferrari en cat\u00e9gorie GT. Sa qu\u00eate d&rsquo;un ch\u00e2ssis l&rsquo;am\u00e8ne chez AC, firme anglaise qui construit en petite quantit\u00e9 des voitures de sport, l&rsquo;AC Bristol, qui combine une carrosserie ressemblant \u00e0 la Ferrari 166, et surtout \u00e0 la Talbot-Lago T26GS Le Mans. \u00c0 partir de 1965, Shelby lance la Cobra 427 avec des voies \u00e9largies, des ailes gonfl\u00e9es pour accueillir des pneus plus larges, et de nouvelles suspensions. Notre mod\u00e8le ici est une r\u00e9plique faite par la firme Superformance (la seule a \u00eatre sous licence officielle Carrol Shelby) qui prodigue des exemplaires de grande qualit\u00e9, rendant l&rsquo;auto nettement plus abordable \u00e0 la conduite que peuvent l&rsquo;\u00eatre toutes les autres r\u00e9pliques. Partie moteur, il s&rsquo;agit d&rsquo;un V8 Ford 351ci Windsor avec culasse Edelbrock s\u00e9rie Victor Jr. coupl\u00e9 \u00e0 une boite Tremec magnum 6 rapports, quant \u00e0 la carburation elle est sign\u00e9e Holley Performance. Niveau freinage, l&rsquo;auto est \u00e9quip\u00e9e de 4 freins \u00e0 disques ventil\u00e9s. Bien entendu la voiture est immatricul\u00e9e en France (d\u00e9marche d\u00e9sormais devenue impossible pour importer une auto) et la derni\u00e8re r\u00e9vision a \u00e9t\u00e9 faite en 2020.<\/p>\n","protected":false},"excerpt":{"rendered":"<div class=\"options\">\n<ul>\n<li>Caisse Polyester<\/li>\n<li>Ch\u00e2ssis tubulaire rectangulaire \u00e9poxy noir<\/li>\n<li>Freins \u00e0 disques avec assistance<\/li>\n<li>Boite Tr\u00e9mec Magnum 6 Vitesses<\/li>\n<li>Jantes 15&prime; Halibrand \u00e0 Spinners<\/li>\n<li>Volant cuir Motolita<\/li>\n<li>Instrumentation SMITHS<\/li>\n<li>Embrayage \u00e0 commande Hydraulique<\/li>\n<li>Couvre tonneau Vinyl noir<\/li>\n<li>Capote et vitres lat\u00e9rales en vinyl noir<\/li>\n<li>Echappement lat\u00e9raux peinture c\u00e9ramique silver<\/li>\n<li>Arceau conducteur chrom\u00e9<\/li>\n<li>Bananes de pare chocs chrom\u00e9s<\/li>\n<li>Si\u00e8ges cuir noir r\u00e9glable cot\u00e9 conducteur<\/li>\n<li>Volant bois 14&prime;<\/li>\n<\/ul>\n<\/div>\n<div class=\"config\"><\/div>\n","protected":false},"featured_media":9012,"comment_status":"open","ping_status":"closed","template":"","meta":[],"product_cat":[44],"product_tag":[],"class_list":["post-8823","product","type-product","status-publish","has-post-thumbnail","hentry","product_cat-ac","entry","has-media"],"_links":{"self":[{"href":"https:\/\/newmoteuretsens.e-madgin.com\/index.php\/wp-json\/wp\/v2\/product\/8823","targetHints":{"allow":["GET"]}}],"collection":[{"href":"https:\/\/newmoteuretsens.e-madgin.com\/index.php\/wp-json\/wp\/v2\/product"}],"about":[{"href":"https:\/\/newmoteuretsens.e-madgin.com\/index.php\/wp-json\/wp\/v2\/types\/product"}],"replies":[{"embeddable":true,"href":"https:\/\/newmoteuretsens.e-madgin.com\/index.php\/wp-json\/wp\/v2\/comments?post=8823"}],"wp:featuredmedia":[{"embeddable":true,"href":"https:\/\/newmoteuretsens.e-madgin.com\/index.php\/wp-json\/wp\/v2\/media\/9012"}],"wp:attachment":[{"href":"https:\/\/newmoteuretsens.e-madgin.com\/index.php\/wp-json\/wp\/v2\/media?parent=8823"}],"wp:term":[{"taxonomy":"product_cat","embeddable":true,"href":"https:\/\/newmoteuretsens.e-madgin.com\/index.php\/wp-json\/wp\/v2\/product_cat?post=8823"},{"taxonomy":"product_tag","embeddable":true,"href":"https:\/\/newmoteuretsens.e-madgin.com\/index.php\/wp-json\/wp\/v2\/product_tag?post=8823"}],"curies":[{"name":"wp","href":"https:\/\/api.w.org\/{rel}","templated":true}]}}