{"id":8679,"date":"2021-10-28T11:20:58","date_gmt":"2021-10-28T09:20:58","guid":{"rendered":"https:\/\/newmoteuretsens.e-madgin.com\/?post_type=product&#038;p=8679"},"modified":"2021-10-28T11:21:52","modified_gmt":"2021-10-28T09:21:52","slug":"porsche-911-r-4-0-2","status":"publish","type":"product","link":"https:\/\/newmoteuretsens.e-madgin.com\/index.php\/produit\/porsche-911-r-4-0-2\/","title":{"rendered":"PORSCHE &#8211; 911 R 4.0"},"content":{"rendered":"<p>Une \u00e2me radicale, une l\u00e9g\u00e8ret\u00e9 retrouv\u00e9e, le noble moteur flat 6 atmosph\u00e9rique grimpant jusqu&rsquo;\u00e0 9000tr\/min, une boite m\u00e9canique 6 vitesses, une v\u00e9locit\u00e9 unique au monde, la Porsche 911 R fait rena\u00eetre et conserve l&rsquo;essence m\u00eame de la sportivit\u00e9 automobile. Dans la s\u00e9rie 991, la GT3RS n&rsquo;avait pas \u00e9t\u00e9 propos\u00e9e en boite m\u00e9canique et \u00e9tait disponible uniquement en PDK. Cette \u00e9dition limit\u00e9e \u00e0 991 exemplaires dans la monde (toutes vendues avant la pr\u00e9sentation de l&rsquo;auto) p\u00e8se 50KG de moins que la GT3RS, conserve les roues arri\u00e8res directrices et re\u00e7oit un amortissement un peu plus souple, en corr\u00e9lation avec la philosophie sportive mais moins radicale de l&rsquo;auto. Notre exemplaire est absolument exceptionnel, c&rsquo;est une premi\u00e8re main fran\u00e7aise qui regorge d&rsquo;options et notamment certaines options Porsche exclusives, un v\u00e9ritable collector !<\/p>\n","protected":false},"excerpt":{"rendered":"<p>Une \u00e2me radicale, une l\u00e9g\u00e8ret\u00e9 retrouv\u00e9e, le noble moteur flat 6 atmosph\u00e9rique grimpant jusqu&rsquo;\u00e0 9000tr\/min, une boite m\u00e9canique 6 vitesses, une v\u00e9locit\u00e9 unique au monde, la Porsche 911 R fait rena\u00eetre et conserve l&rsquo;essence m\u00eame de la sportivit\u00e9 automobile. Dans la s\u00e9rie 991, la GT3RS n&rsquo;avait pas \u00e9t\u00e9 propos\u00e9e en boite m\u00e9canique et \u00e9tait disponible [&hellip;]<\/p>\n","protected":false},"featured_media":8350,"comment_status":"open","ping_status":"closed","template":"","meta":[],"product_cat":[21],"product_tag":[],"class_list":["post-8679","product","type-product","status-publish","has-post-thumbnail","hentry","product_cat-porsche","entry","has-media"],"_links":{"self":[{"href":"https:\/\/newmoteuretsens.e-madgin.com\/index.php\/wp-json\/wp\/v2\/product\/8679","targetHints":{"allow":["GET"]}}],"collection":[{"href":"https:\/\/newmoteuretsens.e-madgin.com\/index.php\/wp-json\/wp\/v2\/product"}],"about":[{"href":"https:\/\/newmoteuretsens.e-madgin.com\/index.php\/wp-json\/wp\/v2\/types\/product"}],"replies":[{"embeddable":true,"href":"https:\/\/newmoteuretsens.e-madgin.com\/index.php\/wp-json\/wp\/v2\/comments?post=8679"}],"wp:featuredmedia":[{"embeddable":true,"href":"https:\/\/newmoteuretsens.e-madgin.com\/index.php\/wp-json\/wp\/v2\/media\/8350"}],"wp:attachment":[{"href":"https:\/\/newmoteuretsens.e-madgin.com\/index.php\/wp-json\/wp\/v2\/media?parent=8679"}],"wp:term":[{"taxonomy":"product_cat","embeddable":true,"href":"https:\/\/newmoteuretsens.e-madgin.com\/index.php\/wp-json\/wp\/v2\/product_cat?post=8679"},{"taxonomy":"product_tag","embeddable":true,"href":"https:\/\/newmoteuretsens.e-madgin.com\/index.php\/wp-json\/wp\/v2\/product_tag?post=8679"}],"curies":[{"name":"wp","href":"https:\/\/api.w.org\/{rel}","templated":true}]}}