{"id":8635,"date":"2021-10-28T10:54:08","date_gmt":"2021-10-28T08:54:08","guid":{"rendered":"https:\/\/newmoteuretsens.e-madgin.com\/?post_type=product&#038;p=8635"},"modified":"2021-10-28T10:55:29","modified_gmt":"2021-10-28T08:55:29","slug":"mclaren-720s-coupe","status":"publish","type":"product","link":"https:\/\/newmoteuretsens.e-madgin.com\/index.php\/produit\/mclaren-720s-coupe\/","title":{"rendered":"MCLAREN &#8211; 720S  COUPE"},"content":{"rendered":"<p>Sortie en 2017, la 720S succ\u00e8de \u00e0 la 650S dans la gamme des Super Series chez Mclaren. Le moteur V8 Bi-turbo s&rsquo;est vu pass\u00e9 de 3.8L \u00e0 4.0L et d\u00e9veloppe d\u00e9sormais une puissance de 720ch. On reconnait toujours le somptueux coup de crayon de M. Frank Stephenson : designer entre autres de la McLaren P1, qui a optimis\u00e9 l&rsquo;a\u00e9rodynamique au maximum sur cette version, notamment par l&rsquo;utilisation de ses phares avant comme entr\u00e9es d&rsquo;air. Le ch\u00e2ssis en carbone a \u00e9galement \u00e9t\u00e9 modifi\u00e9 (Proactive ch\u00e2ssis control II) pour gagner en l\u00e9g\u00e8ret\u00e9 et rigidit\u00e9 ce qui am\u00e9liore les performances et le comportement g\u00e9n\u00e9ral de l&rsquo;auto. Notre mod\u00e8le est exceptionnel, il est entre autre dot\u00e9 du rare et d\u00e9sirable Track Pack (Arceau, Harnais, Si\u00e8ges baquets carbone),d&rsquo;une peinture Elite \u00ab\u00a0Vega blue\u00a0\u00bb et plusieurs \u00e9l\u00e9ments carbone.<\/p>\n","protected":false},"excerpt":{"rendered":"<p>Sortie en 2017, la 720S succ\u00e8de \u00e0 la 650S dans la gamme des Super Series chez Mclaren. Le moteur V8 Bi-turbo s&rsquo;est vu pass\u00e9 de 3.8L \u00e0 4.0L et d\u00e9veloppe d\u00e9sormais une puissance de 720ch. On reconnait toujours le somptueux coup de crayon de M. Frank Stephenson : designer entre autres de la McLaren P1, [&hellip;]<\/p>\n","protected":false},"featured_media":8427,"comment_status":"open","ping_status":"closed","template":"","meta":[],"product_cat":[22],"product_tag":[],"class_list":["post-8635","product","type-product","status-publish","has-post-thumbnail","hentry","product_cat-mclaren","entry","has-media"],"_links":{"self":[{"href":"https:\/\/newmoteuretsens.e-madgin.com\/index.php\/wp-json\/wp\/v2\/product\/8635","targetHints":{"allow":["GET"]}}],"collection":[{"href":"https:\/\/newmoteuretsens.e-madgin.com\/index.php\/wp-json\/wp\/v2\/product"}],"about":[{"href":"https:\/\/newmoteuretsens.e-madgin.com\/index.php\/wp-json\/wp\/v2\/types\/product"}],"replies":[{"embeddable":true,"href":"https:\/\/newmoteuretsens.e-madgin.com\/index.php\/wp-json\/wp\/v2\/comments?post=8635"}],"wp:featuredmedia":[{"embeddable":true,"href":"https:\/\/newmoteuretsens.e-madgin.com\/index.php\/wp-json\/wp\/v2\/media\/8427"}],"wp:attachment":[{"href":"https:\/\/newmoteuretsens.e-madgin.com\/index.php\/wp-json\/wp\/v2\/media?parent=8635"}],"wp:term":[{"taxonomy":"product_cat","embeddable":true,"href":"https:\/\/newmoteuretsens.e-madgin.com\/index.php\/wp-json\/wp\/v2\/product_cat?post=8635"},{"taxonomy":"product_tag","embeddable":true,"href":"https:\/\/newmoteuretsens.e-madgin.com\/index.php\/wp-json\/wp\/v2\/product_tag?post=8635"}],"curies":[{"name":"wp","href":"https:\/\/api.w.org\/{rel}","templated":true}]}}