{"id":8569,"date":"2021-10-24T22:39:28","date_gmt":"2021-10-24T20:39:28","guid":{"rendered":"https:\/\/newmoteuretsens.e-madgin.com\/?post_type=product&#038;p=8569"},"modified":"2021-12-16T19:25:32","modified_gmt":"2021-12-16T18:25:32","slug":"mclaren-600lt-coupe-2","status":"publish","type":"product","link":"https:\/\/newmoteuretsens.e-madgin.com\/index.php\/produit\/mclaren-600lt-coupe-2\/","title":{"rendered":"MCLAREN &#8211; 600LT Coup\u00e9"},"content":{"rendered":"<p>La 600LT (600 pour la puissance en chevaux et LT pour Long Tail en rapport \u00e0 son aileron) tr\u00f4ne comme Reine dans la cat\u00e9gorie des sports s\u00e9ries dont font parties la 540C, 570S et 570GT. Ce n&rsquo;est pas juste une 570S avec plus de puissance mais bel et bien une toute autre voiture en termes d&rsquo;\u00e9quilibre, d&rsquo;appui et de performance. Malgr\u00e9 ses attributs de supercar, la long tail offre pour autant la m\u00eame conduite instinctive que ses petites s\u0153urs. Avec son moteur bi-turbo et son a\u00e9ro \u00e9volu\u00e9e, cette auto pourrait sembler \u00eatre une voiture d&rsquo;ing\u00e9nieur, froide et sans saveur mais c&rsquo;est absolument l&rsquo;inverse, son comportement et son temp\u00e9rament sportif procurent un plaisir de conduite omnipr\u00e9sent. Et si cela ne suffisait pas, les deux sorties d&rsquo;\u00e9chappements log\u00e9es derri\u00e8re vos oreilles en rajoutent une couche. Notre exemplaire est absolument sublime dans cette teinte MSO \u00ab\u00a0Orange NYAN\u00a0\u00bb, c&rsquo;est une premi\u00e8re main, \u00e9quip\u00e9e des packs carbone 1 et 2 ainsi que du d\u00e9sirable Pack MSO Clubsport Pro (30 000\u20ac) incluant les baquets de la Senna. La voiture est en parfait \u00e9tat et \u00e0 jour de r\u00e9vision chez McLaren (derni\u00e8re en 05\/2021 \u00e0 7 000km)<\/p>\n","protected":false},"excerpt":{"rendered":"<p>Interior Trim<\/p>\n<p>Alcantara LT<\/p>\n<p>Volant carbon Black Alcantara<\/p>\n<p>Carbon fibre Exterior Upgrade 1<\/p>\n<p>Carbon fibre Exterior Upgrade 2<\/p>\n<p>Branded floor mat set<\/p>\n<p>Soft Close Doors<\/p>\n<p>MSO Clubsport Pro Pack<\/p>\n<p>10 Spoke U\/L\/W Wheel-Satin Raw Metal<\/p>\n<p>Mclaren Track Telemetry &#8211; App Only<\/p>\n<p>Lift system<\/p>\n<p>Fire Extinguisher<\/p>\n<p>Sill Finisher &#8211; Carbon fibre<\/p>\n<p>Interior components &#8211; Carbon fibre<\/p>\n<p>Bowers &amp; Wilkins 12-speaker audio system<\/p>\n<p>Ceramic brakes &#8211; Orange Caliper<\/p>\n<p>Camera<\/p>\n","protected":false},"featured_media":8430,"comment_status":"open","ping_status":"closed","template":"","meta":[],"product_cat":[22],"product_tag":[],"class_list":["post-8569","product","type-product","status-publish","has-post-thumbnail","hentry","product_cat-mclaren","entry","has-media"],"_links":{"self":[{"href":"https:\/\/newmoteuretsens.e-madgin.com\/index.php\/wp-json\/wp\/v2\/product\/8569","targetHints":{"allow":["GET"]}}],"collection":[{"href":"https:\/\/newmoteuretsens.e-madgin.com\/index.php\/wp-json\/wp\/v2\/product"}],"about":[{"href":"https:\/\/newmoteuretsens.e-madgin.com\/index.php\/wp-json\/wp\/v2\/types\/product"}],"replies":[{"embeddable":true,"href":"https:\/\/newmoteuretsens.e-madgin.com\/index.php\/wp-json\/wp\/v2\/comments?post=8569"}],"wp:featuredmedia":[{"embeddable":true,"href":"https:\/\/newmoteuretsens.e-madgin.com\/index.php\/wp-json\/wp\/v2\/media\/8430"}],"wp:attachment":[{"href":"https:\/\/newmoteuretsens.e-madgin.com\/index.php\/wp-json\/wp\/v2\/media?parent=8569"}],"wp:term":[{"taxonomy":"product_cat","embeddable":true,"href":"https:\/\/newmoteuretsens.e-madgin.com\/index.php\/wp-json\/wp\/v2\/product_cat?post=8569"},{"taxonomy":"product_tag","embeddable":true,"href":"https:\/\/newmoteuretsens.e-madgin.com\/index.php\/wp-json\/wp\/v2\/product_tag?post=8569"}],"curies":[{"name":"wp","href":"https:\/\/api.w.org\/{rel}","templated":true}]}}