{"id":851,"date":"2021-09-13T15:24:04","date_gmt":"2021-09-13T13:24:04","guid":{"rendered":"https:\/\/newmoteuretsens.e-madgin.com\/?post_type=product&#038;p=851"},"modified":"2021-10-28T12:44:27","modified_gmt":"2021-10-28T10:44:27","slug":"porsche-718-cayman-gt4","status":"publish","type":"product","link":"https:\/\/newmoteuretsens.e-madgin.com\/index.php\/produit\/porsche-718-cayman-gt4\/","title":{"rendered":"PORSCHE &#8211; 718 Cayman GT4"},"content":{"rendered":"<p>Avec l&rsquo;arriv\u00e9e des moteurs 4 cylindres sur la gamme 718, les adeptes des mod\u00e8les Cayman\/Boxster \u00e9taient inquiets quant au sort qui \u00e9tait r\u00e9serv\u00e9 \u00e0 la version radicale. Le GT4 est finalement bien pr\u00e9sent\u00e9 avec le fameux Flat 6 atmosph\u00e9rique, et le moins que l&rsquo;on puisse dire c&rsquo;est qu&rsquo;une fois implant\u00e9 dans ce ch\u00e2ssis, l&rsquo;exp\u00e9rience ne d\u00e9\u00e7oit pas ! Les caract\u00e9ristiques atypiques qui ont fait la force et le succ\u00e8s du 981 sont conserv\u00e9s : Une boite m\u00e9canique, un moteur merveilleusement bien implant\u00e9 en position central dans un ch\u00e2ssis de course, le tout dans poids contenu. Dans cette version, le GT4 h\u00e9rite du train avant et du syst\u00e8me de freinage de la 911 GT3. L&rsquo;a\u00e9rodynamique a \u00e9t\u00e9 retravaill\u00e9 et apporte une bonne grosse dose d&rsquo;appui suppl\u00e9mentaire gr\u00e2ce \u00e0 un aileron et un diffuseur plus performants. Le moteur est le m\u00eame que la 911 type 992 qui a \u00e9t\u00e9 r\u00e9al\u00e9s\u00e9 \u00e0 4.0 litres et auquel la suralimentation a \u00e9t\u00e9 supprim\u00e9, il atteint d\u00e9sormais 420ch. Notre exemplaire est une premi\u00e8re main fran\u00e7aise d\u00e9j\u00e0 immatricul\u00e9 dans un \u00e9tat neuf et encore sous garantie constructeur. La configuration est sportive, \u00e9l\u00e9gante et l&rsquo;auto poss\u00e8de un grand niveau d&rsquo;\u00e9quipement.<\/p>\n","protected":false},"excerpt":{"rendered":"<p>Avec l&rsquo;arriv\u00e9e des moteurs 4 cylindres sur la gamme 718, les adeptes des mod\u00e8les Cayman\/Boxster \u00e9taient inquiets quant au sort qui \u00e9tait r\u00e9serv\u00e9 \u00e0 la version radicale. Le GT4 est finalement bien pr\u00e9sent\u00e9 avec le fameux Flat 6 atmosph\u00e9rique, et le moins que l&rsquo;on puisse dire c&rsquo;est qu&rsquo;une fois implant\u00e9 dans ce ch\u00e2ssis, l&rsquo;exp\u00e9rience ne [&hellip;]<\/p>\n","protected":false},"featured_media":853,"comment_status":"open","ping_status":"closed","template":"","meta":[],"product_cat":[21],"product_tag":[],"class_list":["post-851","product","type-product","status-publish","has-post-thumbnail","hentry","product_cat-porsche","entry","has-media"],"_links":{"self":[{"href":"https:\/\/newmoteuretsens.e-madgin.com\/index.php\/wp-json\/wp\/v2\/product\/851","targetHints":{"allow":["GET"]}}],"collection":[{"href":"https:\/\/newmoteuretsens.e-madgin.com\/index.php\/wp-json\/wp\/v2\/product"}],"about":[{"href":"https:\/\/newmoteuretsens.e-madgin.com\/index.php\/wp-json\/wp\/v2\/types\/product"}],"replies":[{"embeddable":true,"href":"https:\/\/newmoteuretsens.e-madgin.com\/index.php\/wp-json\/wp\/v2\/comments?post=851"}],"wp:featuredmedia":[{"embeddable":true,"href":"https:\/\/newmoteuretsens.e-madgin.com\/index.php\/wp-json\/wp\/v2\/media\/853"}],"wp:attachment":[{"href":"https:\/\/newmoteuretsens.e-madgin.com\/index.php\/wp-json\/wp\/v2\/media?parent=851"}],"wp:term":[{"taxonomy":"product_cat","embeddable":true,"href":"https:\/\/newmoteuretsens.e-madgin.com\/index.php\/wp-json\/wp\/v2\/product_cat?post=851"},{"taxonomy":"product_tag","embeddable":true,"href":"https:\/\/newmoteuretsens.e-madgin.com\/index.php\/wp-json\/wp\/v2\/product_tag?post=851"}],"curies":[{"name":"wp","href":"https:\/\/api.w.org\/{rel}","templated":true}]}}