{"id":8279,"date":"2021-10-21T18:10:33","date_gmt":"2021-10-21T16:10:33","guid":{"rendered":"https:\/\/newmoteuretsens.e-madgin.com\/?post_type=product&#038;p=8279"},"modified":"2021-10-21T18:10:33","modified_gmt":"2021-10-21T16:10:33","slug":"dodge-viper-gts-8-4l-v10","status":"publish","type":"product","link":"https:\/\/newmoteuretsens.e-madgin.com\/index.php\/produit\/dodge-viper-gts-8-4l-v10\/","title":{"rendered":"DODGE &#8211; VIPER GTS 8.4L V10"},"content":{"rendered":"<p>La Dodge Viper est un mythe roulant, \u00e0 l&rsquo;\u00e9gal de la Corvette, mais beaucoup plus rare, d&rsquo;autant plus chez nous, en France. Non import\u00e9e, non homologu\u00e9e, elle a fait r\u00eaver des g\u00e9n\u00e9rations enti\u00e8res gr\u00e2ce \u00e0 son moteur d\u00e9ment, un V10 de 8.4L, sa puissance d\u00e9mesur\u00e9e, sa ligne profil\u00e9e et agressive, ses \u00e9chappements lat\u00e9raux, et sa r\u00e9putation d&rsquo;auto exigeante. Aujourd&rsquo;hui le mod\u00e8le que nous proposons, est le dernier de sa lign\u00e9e. La production de ce mythe roulant s&rsquo;\u00e9tant arr\u00eat\u00e9. La bonne nouvelle, c&rsquo;est que cette g\u00e9n\u00e9ration a plus que corrig\u00e9 le comportement parfois limite des g\u00e9n\u00e9rations pr\u00e9c\u00e9dentes, en pr\u00e9servant l&rsquo;essentiel des ingr\u00e9dients qui ont fait sa l\u00e9gende. Son moteur, sa boite m\u00e9canique et son look. Utilisable facilement gr\u00e2ce a sa dotation de s\u00e9rie tr\u00e8s compl\u00e8te et son traction control, la Viper est exploitable et son couple gargantuesque de 814 nm passe facilement sur les roues arri\u00e8res. Le poids est inf\u00e9rieur \u00e0 1 500 kg gr\u00e2ce a l&rsquo;utilisation massive de carbone. La puissance est ph\u00e9nom\u00e9nale, le comportement efficace et la finition int\u00e9rieure en net progr\u00e8s ! Cet exemplaire est une deuxi\u00e8me main, et chose rare elle est d\u00e9j\u00e0 immatricul\u00e9e en France, enfin, elle sort tout juste de r\u00e9vision !<\/p>\n","protected":false},"excerpt":{"rendered":"<p>La Dodge Viper est un mythe roulant, \u00e0 l&rsquo;\u00e9gal de la Corvette, mais beaucoup plus rare, d&rsquo;autant plus chez nous, en France. Non import\u00e9e, non homologu\u00e9e, elle a fait r\u00eaver des g\u00e9n\u00e9rations enti\u00e8res gr\u00e2ce \u00e0 son moteur d\u00e9ment, un V10 de 8.4L, sa puissance d\u00e9mesur\u00e9e, sa ligne profil\u00e9e et agressive, ses \u00e9chappements lat\u00e9raux, et sa [&hellip;]<\/p>\n","protected":false},"featured_media":8280,"comment_status":"open","ping_status":"closed","template":"","meta":[],"product_cat":[35],"product_tag":[],"class_list":["post-8279","product","type-product","status-publish","has-post-thumbnail","hentry","product_cat-dodge","entry","has-media"],"_links":{"self":[{"href":"https:\/\/newmoteuretsens.e-madgin.com\/index.php\/wp-json\/wp\/v2\/product\/8279","targetHints":{"allow":["GET"]}}],"collection":[{"href":"https:\/\/newmoteuretsens.e-madgin.com\/index.php\/wp-json\/wp\/v2\/product"}],"about":[{"href":"https:\/\/newmoteuretsens.e-madgin.com\/index.php\/wp-json\/wp\/v2\/types\/product"}],"replies":[{"embeddable":true,"href":"https:\/\/newmoteuretsens.e-madgin.com\/index.php\/wp-json\/wp\/v2\/comments?post=8279"}],"wp:featuredmedia":[{"embeddable":true,"href":"https:\/\/newmoteuretsens.e-madgin.com\/index.php\/wp-json\/wp\/v2\/media\/8280"}],"wp:attachment":[{"href":"https:\/\/newmoteuretsens.e-madgin.com\/index.php\/wp-json\/wp\/v2\/media?parent=8279"}],"wp:term":[{"taxonomy":"product_cat","embeddable":true,"href":"https:\/\/newmoteuretsens.e-madgin.com\/index.php\/wp-json\/wp\/v2\/product_cat?post=8279"},{"taxonomy":"product_tag","embeddable":true,"href":"https:\/\/newmoteuretsens.e-madgin.com\/index.php\/wp-json\/wp\/v2\/product_tag?post=8279"}],"curies":[{"name":"wp","href":"https:\/\/api.w.org\/{rel}","templated":true}]}}