{"id":8270,"date":"2021-10-21T17:18:08","date_gmt":"2021-10-21T15:18:08","guid":{"rendered":"https:\/\/newmoteuretsens.e-madgin.com\/?post_type=product&#038;p=8270"},"modified":"2021-10-21T17:18:08","modified_gmt":"2021-10-21T15:18:08","slug":"mercedes-amg-gt-roadster","status":"publish","type":"product","link":"https:\/\/newmoteuretsens.e-madgin.com\/index.php\/produit\/mercedes-amg-gt-roadster\/","title":{"rendered":"MERCEDES &#8211; AMG GT Roadster"},"content":{"rendered":"<p>Pr\u00e9sent\u00e9e en 2014, l&rsquo;AMG GT vient remplac\u00e9e la SLS AMG. Elle est \u00e9quip\u00e9e d&rsquo;un moteur V8 Bi-turbo coupl\u00e9 \u00e0 une boite de vitesses double embrayage SSG 7 rapports en disposition Transaxle. Mercedes aura attendu deux bonnes ann\u00e9es avant d\u2019\u00f4ter le pavillon de son AMG GT pour en faire un Roadster \u00e0 la robe soign\u00e9e. Le Roadster arbore aussi une nouvelle calandre Panamericana, comme l\u2019ensemble de la collection AMG inspir\u00e9e de son a\u00efeul, la Mercedes 300 SL. Niveau moteur la puissance est upgrad\u00e9 \u00e0 476 ch et 630 Nm. Nous vous proposons aujourd&rsquo;hui un mod\u00e8le premi\u00e8re main, superbement \u00e9quip\u00e9e et en parfait \u00e9tat. L&rsquo;auto a \u00e9t\u00e9 r\u00e9vis\u00e9e par Mercedes en 08\/2020 \u00e0 2700km.<\/p>\n","protected":false},"excerpt":{"rendered":"<p>Pr\u00e9sent\u00e9e en 2014, l&rsquo;AMG GT vient remplac\u00e9e la SLS AMG. Elle est \u00e9quip\u00e9e d&rsquo;un moteur V8 Bi-turbo coupl\u00e9 \u00e0 une boite de vitesses double embrayage SSG 7 rapports en disposition Transaxle. Mercedes aura attendu deux bonnes ann\u00e9es avant d\u2019\u00f4ter le pavillon de son AMG GT pour en faire un Roadster \u00e0 la robe soign\u00e9e. Le [&hellip;]<\/p>\n","protected":false},"featured_media":8271,"comment_status":"open","ping_status":"closed","template":"","meta":[],"product_cat":[19],"product_tag":[],"class_list":["post-8270","product","type-product","status-publish","has-post-thumbnail","hentry","product_cat-mercedes","entry","has-media"],"_links":{"self":[{"href":"https:\/\/newmoteuretsens.e-madgin.com\/index.php\/wp-json\/wp\/v2\/product\/8270","targetHints":{"allow":["GET"]}}],"collection":[{"href":"https:\/\/newmoteuretsens.e-madgin.com\/index.php\/wp-json\/wp\/v2\/product"}],"about":[{"href":"https:\/\/newmoteuretsens.e-madgin.com\/index.php\/wp-json\/wp\/v2\/types\/product"}],"replies":[{"embeddable":true,"href":"https:\/\/newmoteuretsens.e-madgin.com\/index.php\/wp-json\/wp\/v2\/comments?post=8270"}],"wp:featuredmedia":[{"embeddable":true,"href":"https:\/\/newmoteuretsens.e-madgin.com\/index.php\/wp-json\/wp\/v2\/media\/8271"}],"wp:attachment":[{"href":"https:\/\/newmoteuretsens.e-madgin.com\/index.php\/wp-json\/wp\/v2\/media?parent=8270"}],"wp:term":[{"taxonomy":"product_cat","embeddable":true,"href":"https:\/\/newmoteuretsens.e-madgin.com\/index.php\/wp-json\/wp\/v2\/product_cat?post=8270"},{"taxonomy":"product_tag","embeddable":true,"href":"https:\/\/newmoteuretsens.e-madgin.com\/index.php\/wp-json\/wp\/v2\/product_tag?post=8270"}],"curies":[{"name":"wp","href":"https:\/\/api.w.org\/{rel}","templated":true}]}}