{"id":8260,"date":"2021-10-21T12:28:12","date_gmt":"2021-10-21T10:28:12","guid":{"rendered":"https:\/\/newmoteuretsens.e-madgin.com\/?post_type=product&#038;p=8260"},"modified":"2021-10-21T12:28:13","modified_gmt":"2021-10-21T10:28:13","slug":"ferrari-458-4-5-speciale","status":"publish","type":"product","link":"https:\/\/newmoteuretsens.e-madgin.com\/index.php\/produit\/ferrari-458-4-5-speciale\/","title":{"rendered":"FERRARI &#8211; 458 4.5 Speciale"},"content":{"rendered":"<p>La Speciale est l&rsquo;ultime expression du V8 4.5L atmosph\u00e9rique. \u00c9lu plusieurs ann\u00e9es de suite meilleur moteur, celui-ci hurle son bonheur jusqu\u2019\u00e0 pr\u00e8s de 10 000 tr\/min. L&rsquo;ensemble moteur\/boite double embrayage est fabuleux, le ch\u00e2ssis est encore plus aff\u00fbt\u00e9 et la direction est digne d&rsquo;un scalpel ! La berlinette reste n\u00e9anmoins polyvalente et confortable, ce qui repr\u00e9sente une vraie diff\u00e9rence avec la Scuderia qu&rsquo;elle remplace. Notre exemplaire rosso corsa est fran\u00e7ais d&rsquo;origine. L&rsquo;auto a \u00e9t\u00e9 entretenue chaque ann\u00e9e selon les \u00e9ch\u00e9ances constructeur, la derni\u00e8re r\u00e9vision \u00e0 \u00e9t\u00e9 faite en 06\/2021\u00e0 21600km.<\/p>\n","protected":false},"excerpt":{"rendered":"<p>La Speciale est l&rsquo;ultime expression du V8 4.5L atmosph\u00e9rique. \u00c9lu plusieurs ann\u00e9es de suite meilleur moteur, celui-ci hurle son bonheur jusqu\u2019\u00e0 pr\u00e8s de 10 000 tr\/min. L&rsquo;ensemble moteur\/boite double embrayage est fabuleux, le ch\u00e2ssis est encore plus aff\u00fbt\u00e9 et la direction est digne d&rsquo;un scalpel ! La berlinette reste n\u00e9anmoins polyvalente et confortable, ce qui [&hellip;]<\/p>\n","protected":false},"featured_media":8222,"comment_status":"open","ping_status":"closed","template":"","meta":[],"product_cat":[23],"product_tag":[],"class_list":["post-8260","product","type-product","status-publish","has-post-thumbnail","hentry","product_cat-ferrari","entry","has-media"],"_links":{"self":[{"href":"https:\/\/newmoteuretsens.e-madgin.com\/index.php\/wp-json\/wp\/v2\/product\/8260","targetHints":{"allow":["GET"]}}],"collection":[{"href":"https:\/\/newmoteuretsens.e-madgin.com\/index.php\/wp-json\/wp\/v2\/product"}],"about":[{"href":"https:\/\/newmoteuretsens.e-madgin.com\/index.php\/wp-json\/wp\/v2\/types\/product"}],"replies":[{"embeddable":true,"href":"https:\/\/newmoteuretsens.e-madgin.com\/index.php\/wp-json\/wp\/v2\/comments?post=8260"}],"wp:featuredmedia":[{"embeddable":true,"href":"https:\/\/newmoteuretsens.e-madgin.com\/index.php\/wp-json\/wp\/v2\/media\/8222"}],"wp:attachment":[{"href":"https:\/\/newmoteuretsens.e-madgin.com\/index.php\/wp-json\/wp\/v2\/media?parent=8260"}],"wp:term":[{"taxonomy":"product_cat","embeddable":true,"href":"https:\/\/newmoteuretsens.e-madgin.com\/index.php\/wp-json\/wp\/v2\/product_cat?post=8260"},{"taxonomy":"product_tag","embeddable":true,"href":"https:\/\/newmoteuretsens.e-madgin.com\/index.php\/wp-json\/wp\/v2\/product_tag?post=8260"}],"curies":[{"name":"wp","href":"https:\/\/api.w.org\/{rel}","templated":true}]}}