{"id":8211,"date":"2021-10-21T12:11:56","date_gmt":"2021-10-21T10:11:56","guid":{"rendered":"https:\/\/newmoteuretsens.e-madgin.com\/?post_type=product&#038;p=8211"},"modified":"2021-10-21T12:11:56","modified_gmt":"2021-10-21T10:11:56","slug":"ferrari-430-scuderia-16m-spider","status":"publish","type":"product","link":"https:\/\/newmoteuretsens.e-madgin.com\/index.php\/produit\/ferrari-430-scuderia-16m-spider\/","title":{"rendered":"FERRARI &#8211; 430 Scuderia 16M Spider"},"content":{"rendered":"<p>16M comme le 16\u00e8me titre de constructeur en formule 1 pour la Scuderia Ferrari \u00e0 l&rsquo;\u00e9poque de la sortie de cette incroyable berlinette radicale et d\u00e9couvrable \u00e0 moteur V8. Si certaines \u00e9ditions limit\u00e9es sont parfois d\u00e9nu\u00e9es d&rsquo;int\u00e9r\u00eat, ce n&rsquo;est vraiment pas le cas des 499 exemplaires de la 16M qui est une v\u00e9ritable pompe \u00e0 feu avec ce moteur atmosph\u00e9rique prenant des tours \u00e0 n&rsquo;en plus finir, alli\u00e9 \u00e0 la boite F1 qui permet un passage de rapport en 60ms (soit aussi rapide que les F1 en course quelques ann\u00e9es plus t\u00f4t). La scuderia coup\u00e9 avait \u00e9t\u00e9 d\u00e9velopp\u00e9e en collaboration avec un certains Mickael Schumacher, et on retrouve le m\u00eame caract\u00e8re radicale et affut\u00e9 dans cette version spider. Notre exemplaire est pr\u00e9sent\u00e9e dans cette sublime livr\u00e9e Rosso Corsa bande italienne. L&rsquo;auto a toujours \u00e9t\u00e9 scrupuleusement suivie chez Ferrari. La derni\u00e8re grosse r\u00e9vision a \u00e9t\u00e9 r\u00e9alis\u00e9e chez Pozzi en 11\/2020 \u00e0 13000 kilom\u00e8tres. La face avant est int\u00e9gralement film\u00e9e.<\/p>\n","protected":false},"excerpt":{"rendered":"<ul>\n<li>Pack carbone int\u00e9rieur<\/li>\n<li>Seuil de porte en carbone<\/li>\n<li>R\u00e9troviseurs carbone<\/li>\n<li>Volant carbone<\/li>\n<li>Etriers de freins rouges<\/li>\n<li>Carnet d&rsquo;entretien<\/li>\n<li>Trousse \u00e0 outils<\/li>\n<li>Pochette compl\u00e8te<\/li>\n<li>Ecussons Scuderia sur ailes avant<\/li>\n<li>Fond de compteur jaune<\/li>\n<\/ul>\n","protected":false},"featured_media":8212,"comment_status":"open","ping_status":"closed","template":"","meta":[],"product_cat":[23],"product_tag":[],"class_list":["post-8211","product","type-product","status-publish","has-post-thumbnail","hentry","product_cat-ferrari","entry","has-media"],"_links":{"self":[{"href":"https:\/\/newmoteuretsens.e-madgin.com\/index.php\/wp-json\/wp\/v2\/product\/8211","targetHints":{"allow":["GET"]}}],"collection":[{"href":"https:\/\/newmoteuretsens.e-madgin.com\/index.php\/wp-json\/wp\/v2\/product"}],"about":[{"href":"https:\/\/newmoteuretsens.e-madgin.com\/index.php\/wp-json\/wp\/v2\/types\/product"}],"replies":[{"embeddable":true,"href":"https:\/\/newmoteuretsens.e-madgin.com\/index.php\/wp-json\/wp\/v2\/comments?post=8211"}],"wp:featuredmedia":[{"embeddable":true,"href":"https:\/\/newmoteuretsens.e-madgin.com\/index.php\/wp-json\/wp\/v2\/media\/8212"}],"wp:attachment":[{"href":"https:\/\/newmoteuretsens.e-madgin.com\/index.php\/wp-json\/wp\/v2\/media?parent=8211"}],"wp:term":[{"taxonomy":"product_cat","embeddable":true,"href":"https:\/\/newmoteuretsens.e-madgin.com\/index.php\/wp-json\/wp\/v2\/product_cat?post=8211"},{"taxonomy":"product_tag","embeddable":true,"href":"https:\/\/newmoteuretsens.e-madgin.com\/index.php\/wp-json\/wp\/v2\/product_tag?post=8211"}],"curies":[{"name":"wp","href":"https:\/\/api.w.org\/{rel}","templated":true}]}}