{"id":8154,"date":"2021-10-21T11:51:52","date_gmt":"2021-10-21T09:51:52","guid":{"rendered":"https:\/\/newmoteuretsens.e-madgin.com\/?post_type=product&#038;p=8154"},"modified":"2021-10-21T11:51:52","modified_gmt":"2021-10-21T09:51:52","slug":"chevrolet-corvette-z06","status":"publish","type":"product","link":"https:\/\/newmoteuretsens.e-madgin.com\/index.php\/produit\/chevrolet-corvette-z06\/","title":{"rendered":"CHEVROLET &#8211; Corvette Z06"},"content":{"rendered":"<p>La Corvette est une institution US dans la voiture de sport depuis 1953. La Corvette C6 s\u2019est dot\u00e9e en 2006 d\u2019une version aff\u00fbt\u00e9e la Z06. Le V8 grimpe en cylindr\u00e9e pour atteindre 7 litres et 513 ch tandis que le ch\u00e2ssis se met au diapason. Virile mais d\u00e9sormais efficace, la Corvette Z06 se frotte sans complexe \u00e0 une concurrence europ\u00e9enne hupp\u00e9e avec un avantage prix d\u00e9fiant toute concurrence !<\/p>\n","protected":false},"excerpt":{"rendered":"<ul>\n<li>Syst\u00e8me son Bose<\/li>\n<li>Affichage t\u00eate haute<\/li>\n<\/ul>\n","protected":false},"featured_media":8155,"comment_status":"open","ping_status":"closed","template":"","meta":[],"product_cat":[26],"product_tag":[],"class_list":["post-8154","product","type-product","status-publish","has-post-thumbnail","hentry","product_cat-chevrolet","entry","has-media"],"_links":{"self":[{"href":"https:\/\/newmoteuretsens.e-madgin.com\/index.php\/wp-json\/wp\/v2\/product\/8154","targetHints":{"allow":["GET"]}}],"collection":[{"href":"https:\/\/newmoteuretsens.e-madgin.com\/index.php\/wp-json\/wp\/v2\/product"}],"about":[{"href":"https:\/\/newmoteuretsens.e-madgin.com\/index.php\/wp-json\/wp\/v2\/types\/product"}],"replies":[{"embeddable":true,"href":"https:\/\/newmoteuretsens.e-madgin.com\/index.php\/wp-json\/wp\/v2\/comments?post=8154"}],"wp:featuredmedia":[{"embeddable":true,"href":"https:\/\/newmoteuretsens.e-madgin.com\/index.php\/wp-json\/wp\/v2\/media\/8155"}],"wp:attachment":[{"href":"https:\/\/newmoteuretsens.e-madgin.com\/index.php\/wp-json\/wp\/v2\/media?parent=8154"}],"wp:term":[{"taxonomy":"product_cat","embeddable":true,"href":"https:\/\/newmoteuretsens.e-madgin.com\/index.php\/wp-json\/wp\/v2\/product_cat?post=8154"},{"taxonomy":"product_tag","embeddable":true,"href":"https:\/\/newmoteuretsens.e-madgin.com\/index.php\/wp-json\/wp\/v2\/product_tag?post=8154"}],"curies":[{"name":"wp","href":"https:\/\/api.w.org\/{rel}","templated":true}]}}