{"id":8152,"date":"2021-10-21T11:49:06","date_gmt":"2021-10-21T09:49:06","guid":{"rendered":"https:\/\/newmoteuretsens.e-madgin.com\/?post_type=product&#038;p=8152"},"modified":"2021-10-21T11:49:07","modified_gmt":"2021-10-21T09:49:07","slug":"nissan-gt-r-track-edition-570ch","status":"publish","type":"product","link":"https:\/\/newmoteuretsens.e-madgin.com\/index.php\/produit\/nissan-gt-r-track-edition-570ch\/","title":{"rendered":"NISSAN &#8211; GT-R Track Edition 570ch"},"content":{"rendered":"<p>La Nissan GT-R Track Pack Edition est le parfait \u00e9quilibre entre une GT-R de base vieillissante et la GT-R Nismo dont le tarif d\u00e9passe les 200K\u20ac. Si cette \u00e9dition s&rsquo;\u00e9loigne du tarif \u00e9lev\u00e9 de la Nismo, elle s&rsquo;approche cependant de tr\u00e8s de la version ultime tant en puissance (570Ch) qu&rsquo;en \u00e9quipement (Jantes Nismo ultral\u00e9g\u00e8res en alu forg\u00e9, syst\u00e8me d\u2019amortissement aux ressorts Bilstein). Une fois \u00e0 son bord, plus aucun doute sur la vocation pistarde de l&rsquo;auto: on sent le diff\u00e9rentiel m\u00e9canique travailler, on entend la transmission, le souffle des turbos, surtout en mode \u00ab R \u00bb o\u00f9 la sonorit\u00e9 les p\u00e9tarades au r\u00e9trogradage sont d\u00e9cupl\u00e9s. Que dire du ch\u00e2ssis diaboliquement efficace avec une r\u00e9partition des masses de 54\/46 (moteur \u00e0 l\u2019avant et bo\u00eete juste devant le train arri\u00e8re pour un excellent \u00e9quilibre) associ\u00e9 \u00e0 une transmission int\u00e9grale qui d\u00e9livre un grip extraordinaire. Notre exemplaire est une premi\u00e8re main fran\u00e7aise qui dispose de la peinture m\u00e9tallis\u00e9 sp\u00e9ciale \u00ab\u00a0Katsura Orange\u00a0\u00bb. L&rsquo;auto est dans un \u00e9tat parfait et sort juste de r\u00e9vision chez Nissan.<\/p>\n","protected":false},"excerpt":{"rendered":"<ul>\n<li>peinture m\u00e9tallis\u00e9e<\/li>\n<\/ul>\n","protected":false},"featured_media":8153,"comment_status":"open","ping_status":"closed","template":"","meta":[],"product_cat":[42],"product_tag":[],"class_list":["post-8152","product","type-product","status-publish","has-post-thumbnail","hentry","product_cat-nissan","entry","has-media"],"_links":{"self":[{"href":"https:\/\/newmoteuretsens.e-madgin.com\/index.php\/wp-json\/wp\/v2\/product\/8152","targetHints":{"allow":["GET"]}}],"collection":[{"href":"https:\/\/newmoteuretsens.e-madgin.com\/index.php\/wp-json\/wp\/v2\/product"}],"about":[{"href":"https:\/\/newmoteuretsens.e-madgin.com\/index.php\/wp-json\/wp\/v2\/types\/product"}],"replies":[{"embeddable":true,"href":"https:\/\/newmoteuretsens.e-madgin.com\/index.php\/wp-json\/wp\/v2\/comments?post=8152"}],"wp:featuredmedia":[{"embeddable":true,"href":"https:\/\/newmoteuretsens.e-madgin.com\/index.php\/wp-json\/wp\/v2\/media\/8153"}],"wp:attachment":[{"href":"https:\/\/newmoteuretsens.e-madgin.com\/index.php\/wp-json\/wp\/v2\/media?parent=8152"}],"wp:term":[{"taxonomy":"product_cat","embeddable":true,"href":"https:\/\/newmoteuretsens.e-madgin.com\/index.php\/wp-json\/wp\/v2\/product_cat?post=8152"},{"taxonomy":"product_tag","embeddable":true,"href":"https:\/\/newmoteuretsens.e-madgin.com\/index.php\/wp-json\/wp\/v2\/product_tag?post=8152"}],"curies":[{"name":"wp","href":"https:\/\/api.w.org\/{rel}","templated":true}]}}