{"id":7907,"date":"2021-10-20T13:18:15","date_gmt":"2021-10-20T11:18:15","guid":{"rendered":"https:\/\/newmoteuretsens.e-madgin.com\/?post_type=product&#038;p=7907"},"modified":"2021-10-20T13:18:15","modified_gmt":"2021-10-20T11:18:15","slug":"ferrari-488-gtb","status":"publish","type":"product","link":"https:\/\/newmoteuretsens.e-madgin.com\/index.php\/produit\/ferrari-488-gtb\/","title":{"rendered":"FERRARI &#8211; 488 GTB"},"content":{"rendered":"<p>La 488 GTB sous des airs assez proches de la 458, \u00e9volue en profondeur. D&rsquo;abord son bloc moteur qui, r\u00e9volution, passe a la suralimentation et d\u00e9veloppe 670 chevaux ! Il gagne aussi en couple (760 Nm soit 41 % de plus par rapport \u00e0 l\u2019ancien 4.5L atmosph\u00e9rique !) et propose un agr\u00e9ment rare sur de telles motorisations. La mont\u00e9e en r\u00e9gime est fluide et la r\u00e9ponse \u00e0 la p\u00e9dale sans aucun lag. La sonorit\u00e9 est plus rauque que l&rsquo;ancien atmo mais la disponibilit\u00e9 de la puissance bien plus imm\u00e9diate et les performances d&rsquo;un autre monde. La boite elle aussi \u00e9volue et devient quasi parfaite, proposant moins d&rsquo;\u00e0 coup et plus de rapidit\u00e9 ! Le confort fait \u00e9galement un bon en avant tout comme la polyvalence, et les commandes int\u00e9rieures sont plus intuitives. Notre exemplaire est une deuxi\u00e8me main fran\u00e7aise parfaitement optionn\u00e9e avec tous les \u00e9l\u00e9ments carbon int\u00e9rieur, la cam\u00e9ra de recul, les si\u00e8ges Goldrake carbone. L&rsquo;entretiens est suivi et la derni\u00e8re r\u00e9vision a \u00e9t\u00e9 faite en novembre 2020 et l&rsquo;auto est sous garantie power encore 2 ans<\/p>\n","protected":false},"excerpt":{"rendered":"<p>La 488 GTB sous des airs assez proches de la 458, \u00e9volue en profondeur. D&rsquo;abord son bloc moteur qui, r\u00e9volution, passe a la suralimentation et d\u00e9veloppe 670 chevaux ! Il gagne aussi en couple (760 Nm soit 41 % de plus par rapport \u00e0 l\u2019ancien 4.5L atmosph\u00e9rique !) et propose un agr\u00e9ment rare sur de [&hellip;]<\/p>\n","protected":false},"featured_media":7908,"comment_status":"open","ping_status":"closed","template":"","meta":[],"product_cat":[23],"product_tag":[],"class_list":["post-7907","product","type-product","status-publish","has-post-thumbnail","hentry","product_cat-ferrari","entry","has-media"],"_links":{"self":[{"href":"https:\/\/newmoteuretsens.e-madgin.com\/index.php\/wp-json\/wp\/v2\/product\/7907","targetHints":{"allow":["GET"]}}],"collection":[{"href":"https:\/\/newmoteuretsens.e-madgin.com\/index.php\/wp-json\/wp\/v2\/product"}],"about":[{"href":"https:\/\/newmoteuretsens.e-madgin.com\/index.php\/wp-json\/wp\/v2\/types\/product"}],"replies":[{"embeddable":true,"href":"https:\/\/newmoteuretsens.e-madgin.com\/index.php\/wp-json\/wp\/v2\/comments?post=7907"}],"wp:featuredmedia":[{"embeddable":true,"href":"https:\/\/newmoteuretsens.e-madgin.com\/index.php\/wp-json\/wp\/v2\/media\/7908"}],"wp:attachment":[{"href":"https:\/\/newmoteuretsens.e-madgin.com\/index.php\/wp-json\/wp\/v2\/media?parent=7907"}],"wp:term":[{"taxonomy":"product_cat","embeddable":true,"href":"https:\/\/newmoteuretsens.e-madgin.com\/index.php\/wp-json\/wp\/v2\/product_cat?post=7907"},{"taxonomy":"product_tag","embeddable":true,"href":"https:\/\/newmoteuretsens.e-madgin.com\/index.php\/wp-json\/wp\/v2\/product_tag?post=7907"}],"curies":[{"name":"wp","href":"https:\/\/api.w.org\/{rel}","templated":true}]}}