{"id":7898,"date":"2021-10-20T13:09:43","date_gmt":"2021-10-20T11:09:43","guid":{"rendered":"https:\/\/newmoteuretsens.e-madgin.com\/?post_type=product&#038;p=7898"},"modified":"2021-10-20T13:09:44","modified_gmt":"2021-10-20T11:09:44","slug":"lamborghini-murcielago-coupe-lp-640-4-e-gear","status":"publish","type":"product","link":"https:\/\/newmoteuretsens.e-madgin.com\/index.php\/produit\/lamborghini-murcielago-coupe-lp-640-4-e-gear\/","title":{"rendered":"LAMBORGHINI &#8211; MURCIELAGO COUPE LP 640-4 E-GEAR"},"content":{"rendered":"<p>En plus d\u2019\u00eatre bestiale \u00e0 regarder, la Murcielago est sans doute l\u2019une des voitures les plus m\u00e9chantes \u00e0 conduire au monde. Tout est r\u00e9uni dans ce chef d&rsquo;\u0153uvre pour vous subjuguer, vous impressionner, vous \u00e9merveiller. Il faut tout d&rsquo;abord commencer par ouvrir la superbe porte en \u00e9lytre pour s&rsquo;immiscer \u00e0 l&rsquo;int\u00e9rieur et prendre place dans l&rsquo;habitacle isol\u00e9 (qui pour autant n&rsquo;est pas inconfortable), avant de r\u00e9veiller et mettre en route le monstrueux V12 6.5 litres log\u00e9 en position centrale arri\u00e8re de la sublime Italienne. D\u00e9j\u00e0 impressionnant au ralenti, le moteur devient totalement hyst\u00e9rique, voire effrayant une fois qu&rsquo;il grimpe dans les tours. La pouss\u00e9e est tout simplement d\u00e9moniaque et elle s\u2019accompagne de hurlements nous rappelant sans cesses qu&rsquo;une b\u00eate f\u00e9roce est nich\u00e9e dans notre dos et n&rsquo;attends qu&rsquo;une caresse de la p\u00e9dale d&rsquo;acc\u00e9l\u00e9rateur pour se mettre \u00e0 rugir. Notre exemplaire est sous kilom\u00e9tr\u00e9 car il ne totalise que 16 000km et une r\u00e9vision a r\u00e9cemment \u00e9t\u00e9 effectu\u00e9e chez Lamborghini \u00e0 15 250km.<\/p>\n","protected":false},"excerpt":{"rendered":"<p>En plus d\u2019\u00eatre bestiale \u00e0 regarder, la Murcielago est sans doute l\u2019une des voitures les plus m\u00e9chantes \u00e0 conduire au monde. Tout est r\u00e9uni dans ce chef d&rsquo;\u0153uvre pour vous subjuguer, vous impressionner, vous \u00e9merveiller. Il faut tout d&rsquo;abord commencer par ouvrir la superbe porte en \u00e9lytre pour s&rsquo;immiscer \u00e0 l&rsquo;int\u00e9rieur et prendre place dans [&hellip;]<\/p>\n","protected":false},"featured_media":7899,"comment_status":"open","ping_status":"closed","template":"","meta":[],"product_cat":[29],"product_tag":[],"class_list":["post-7898","product","type-product","status-publish","has-post-thumbnail","hentry","product_cat-lamborghini","entry","has-media"],"_links":{"self":[{"href":"https:\/\/newmoteuretsens.e-madgin.com\/index.php\/wp-json\/wp\/v2\/product\/7898","targetHints":{"allow":["GET"]}}],"collection":[{"href":"https:\/\/newmoteuretsens.e-madgin.com\/index.php\/wp-json\/wp\/v2\/product"}],"about":[{"href":"https:\/\/newmoteuretsens.e-madgin.com\/index.php\/wp-json\/wp\/v2\/types\/product"}],"replies":[{"embeddable":true,"href":"https:\/\/newmoteuretsens.e-madgin.com\/index.php\/wp-json\/wp\/v2\/comments?post=7898"}],"wp:featuredmedia":[{"embeddable":true,"href":"https:\/\/newmoteuretsens.e-madgin.com\/index.php\/wp-json\/wp\/v2\/media\/7899"}],"wp:attachment":[{"href":"https:\/\/newmoteuretsens.e-madgin.com\/index.php\/wp-json\/wp\/v2\/media?parent=7898"}],"wp:term":[{"taxonomy":"product_cat","embeddable":true,"href":"https:\/\/newmoteuretsens.e-madgin.com\/index.php\/wp-json\/wp\/v2\/product_cat?post=7898"},{"taxonomy":"product_tag","embeddable":true,"href":"https:\/\/newmoteuretsens.e-madgin.com\/index.php\/wp-json\/wp\/v2\/product_tag?post=7898"}],"curies":[{"name":"wp","href":"https:\/\/api.w.org\/{rel}","templated":true}]}}