{"id":7840,"date":"2021-10-20T13:05:27","date_gmt":"2021-10-20T11:05:27","guid":{"rendered":"https:\/\/newmoteuretsens.e-madgin.com\/?post_type=product&#038;p=7840"},"modified":"2021-10-20T13:05:28","modified_gmt":"2021-10-20T11:05:28","slug":"lamborghini-aventador-s-3","status":"publish","type":"product","link":"https:\/\/newmoteuretsens.e-madgin.com\/index.php\/produit\/lamborghini-aventador-s-3\/","title":{"rendered":"LAMBORGHINI &#8211; Aventador S"},"content":{"rendered":"<p>L&rsquo;Aventador est un chef d&rsquo;oeuvre \u00e0 plus d&rsquo;un titre. Sa ligne est \u00e0 couper le souffle et n&rsquo;a absolument pas pris une ride, son moteur V12 est dantesque et sa sonorit\u00e9 vient d&rsquo;un autre monde. Au contraire de ce que sugg\u00e8re son look bestial cette auto n&rsquo;est pas pi\u00e9geuse et \u00e0 de vraies aptitudes dynamiques ! La diff\u00e9rence avec d&rsquo;autres autos, c&rsquo;est que chaque moment pass\u00e9 \u00e0 son volant, devient unique et sp\u00e9cial, tant la b\u00eate est intimidante et fabuleuse \u00e0 d\u00e9couvrir. La grande nouveaut\u00e9 sur cette version S, rempla\u00e7ante de l&rsquo;Aventador LP700-4, c&rsquo;est qu&rsquo;elle adopte les 4 roues directrices dans le but d&rsquo;am\u00e9liorer la maniabilit\u00e9 \u00e0 faible allure et assurer une meilleure stabilit\u00e9 lorsque l&rsquo;on roule \u00e0 forte vitesse. Cet exemplaire est dans un \u00e9tat parfait et pr\u00e9sente une configuration de go\u00fbt dans cette teinte Giallo Orion, \u00e9triers de freins jaunes, et des rappels int\u00e9rieurs de la couleur de la carrosserie \u00e9galement. Entretiens uniquement chez Lamborghini et r\u00e9vision \u00e0 jour (Derni\u00e8re en 10\/2020). TVA r\u00e9cup\u00e9rable<\/p>\n","protected":false},"excerpt":{"rendered":"<ul>\n<li>ciel de toit alcantara<\/li>\n<li>Lift System<\/li>\n<li>Cam\u00e9ra de recul<\/li>\n<li>Si\u00e8ges chauffants<\/li>\n<li>Etriers de freins jaunes<\/li>\n<\/ul>\n","protected":false},"featured_media":7885,"comment_status":"open","ping_status":"closed","template":"","meta":[],"product_cat":[29],"product_tag":[],"class_list":["post-7840","product","type-product","status-publish","has-post-thumbnail","hentry","product_cat-lamborghini","entry","has-media"],"_links":{"self":[{"href":"https:\/\/newmoteuretsens.e-madgin.com\/index.php\/wp-json\/wp\/v2\/product\/7840","targetHints":{"allow":["GET"]}}],"collection":[{"href":"https:\/\/newmoteuretsens.e-madgin.com\/index.php\/wp-json\/wp\/v2\/product"}],"about":[{"href":"https:\/\/newmoteuretsens.e-madgin.com\/index.php\/wp-json\/wp\/v2\/types\/product"}],"replies":[{"embeddable":true,"href":"https:\/\/newmoteuretsens.e-madgin.com\/index.php\/wp-json\/wp\/v2\/comments?post=7840"}],"wp:featuredmedia":[{"embeddable":true,"href":"https:\/\/newmoteuretsens.e-madgin.com\/index.php\/wp-json\/wp\/v2\/media\/7885"}],"wp:attachment":[{"href":"https:\/\/newmoteuretsens.e-madgin.com\/index.php\/wp-json\/wp\/v2\/media?parent=7840"}],"wp:term":[{"taxonomy":"product_cat","embeddable":true,"href":"https:\/\/newmoteuretsens.e-madgin.com\/index.php\/wp-json\/wp\/v2\/product_cat?post=7840"},{"taxonomy":"product_tag","embeddable":true,"href":"https:\/\/newmoteuretsens.e-madgin.com\/index.php\/wp-json\/wp\/v2\/product_tag?post=7840"}],"curies":[{"name":"wp","href":"https:\/\/api.w.org\/{rel}","templated":true}]}}