{"id":7789,"date":"2021-10-20T12:58:45","date_gmt":"2021-10-20T10:58:45","guid":{"rendered":"https:\/\/newmoteuretsens.e-madgin.com\/?post_type=product&#038;p=7789"},"modified":"2021-10-20T12:58:45","modified_gmt":"2021-10-20T10:58:45","slug":"ferrari-812-superfast-2","status":"publish","type":"product","link":"https:\/\/newmoteuretsens.e-madgin.com\/index.php\/produit\/ferrari-812-superfast-2\/","title":{"rendered":"FERRARI &#8211; 812 Superfast"},"content":{"rendered":"<p>La 812 Superfast est la Ferrari \u00e0 moteur avant la plus puissante de l&rsquo;histoire de la marque de Maranello. Avec d\u00e9sormais 800 ch sous son long capot avant (60 ch de plus que la F12), ses performances sont dignes d&rsquo;une hypercar, tout en pr\u00e9servant un style de GT \u00e0 moteur avant et le caract\u00e8re affirm\u00e9 d&rsquo;une belle italienne. Le profil a\u00e9rodynamique est \u00e9galement revu, m\u00eame si l&rsquo;a\u00e9robridge de la F12 disparait, la belle b\u00e9n\u00e9ficie d\u2019un a\u00e9ro actif avec des volets dans les diffuseurs qui permet d\u2019\u00e9viter un aileron arri\u00e8re mal venu sur ces lignes pures et fluides. Notre exemplaire est tout simplement neuf avec seulement 170km \u00e0 son compteur, voiture fran\u00e7aise d\u00e9j\u00e0 immatricul\u00e9e de malus pay\u00e9. L&rsquo;auto est extr\u00eamement bien optionn\u00e9e et parfaitement configur\u00e9e avec une valeur neuve \u00e0 plus de 400K\u20ac.<\/p>\n","protected":false},"excerpt":{"rendered":"<ul>\n<li>Apple Carplay<\/li>\n<li>Adaptative Frontlight System with SBL function<\/li>\n<li>Alcantara Boot carpet<\/li>\n<li>Black air vent grips on dashboard<\/li>\n<li>Yellow brake callipers<\/li>\n<li>Front bumper protection film<\/li>\n<li>Carbon fibre driver zone + leds<\/li>\n<li>Carbon fibre central bridge<\/li>\n<li>Exterior sill kick in carbon<\/li>\n<li>Coloured Inner Details<\/li>\n<li>Alcantara Centre Console<\/li>\n<li>Dash inserts in carbon fibre<\/li>\n<li>Suspension lifter<\/li>\n<li>Cavallino stitched on heardrest<\/li>\n<li>Black tailpipe tips<\/li>\n<li>Additional Coloured Mats With Logo<\/li>\n<li>Heat Insulating Windscreen<\/li>\n<li>Scuderia Ferrari shields<\/li>\n<li>Passenger Display<\/li>\n<li>Yellow rev counter<\/li>\n<li>Daytona Racing Seats<\/li>\n<li>Racing seat Lifter<\/li>\n<li>Alcantara Parcel Shelf<\/li>\n<li>Alcantara Rear Wall<\/li>\n<li>High Power HI-FI System<\/li>\n<li>Coloured standard stitching O.R<\/li>\n<li>Surround view<\/li>\n<\/ul>\n","protected":false},"featured_media":7790,"comment_status":"open","ping_status":"closed","template":"","meta":[],"product_cat":[23],"product_tag":[],"class_list":["post-7789","product","type-product","status-publish","has-post-thumbnail","hentry","product_cat-ferrari","entry","has-media"],"_links":{"self":[{"href":"https:\/\/newmoteuretsens.e-madgin.com\/index.php\/wp-json\/wp\/v2\/product\/7789","targetHints":{"allow":["GET"]}}],"collection":[{"href":"https:\/\/newmoteuretsens.e-madgin.com\/index.php\/wp-json\/wp\/v2\/product"}],"about":[{"href":"https:\/\/newmoteuretsens.e-madgin.com\/index.php\/wp-json\/wp\/v2\/types\/product"}],"replies":[{"embeddable":true,"href":"https:\/\/newmoteuretsens.e-madgin.com\/index.php\/wp-json\/wp\/v2\/comments?post=7789"}],"wp:featuredmedia":[{"embeddable":true,"href":"https:\/\/newmoteuretsens.e-madgin.com\/index.php\/wp-json\/wp\/v2\/media\/7790"}],"wp:attachment":[{"href":"https:\/\/newmoteuretsens.e-madgin.com\/index.php\/wp-json\/wp\/v2\/media?parent=7789"}],"wp:term":[{"taxonomy":"product_cat","embeddable":true,"href":"https:\/\/newmoteuretsens.e-madgin.com\/index.php\/wp-json\/wp\/v2\/product_cat?post=7789"},{"taxonomy":"product_tag","embeddable":true,"href":"https:\/\/newmoteuretsens.e-madgin.com\/index.php\/wp-json\/wp\/v2\/product_tag?post=7789"}],"curies":[{"name":"wp","href":"https:\/\/api.w.org\/{rel}","templated":true}]}}