{"id":775,"date":"2021-09-13T13:29:48","date_gmt":"2021-09-13T11:29:48","guid":{"rendered":"https:\/\/newmoteuretsens.e-madgin.com\/?post_type=product&#038;p=775"},"modified":"2021-10-04T10:34:14","modified_gmt":"2021-10-04T08:34:14","slug":"shelby-gt40-mkii-1966-50th-anniversary","status":"publish","type":"product","link":"https:\/\/newmoteuretsens.e-madgin.com\/index.php\/produit\/shelby-gt40-mkii-1966-50th-anniversary\/","title":{"rendered":"SHELBY &#8211; GT40 MKII 1966 (50th Anniversary)"},"content":{"rendered":"<p>En 1965, Henry Ford II et Carroll Shelby ont collabor\u00e9 ensemble pour battre Ferrari sur la plus grande sc\u00e8ne du monde : les 24 heures du Mans. Et ils ont gagn\u00e9 ! Ford et Shelby ont occup\u00e9 les trois places du podium de la course de 1966. La voiture n\u00b02 \u00e9tait pilot\u00e9e par l&rsquo;\u00e9quipage Bruce McLaren et Chris Amon et se sont eux qui ont remport\u00e9s la 34\u00e8me \u00e9dition du Mans. En l&rsquo;honneur de cette victoire historique, Shelby American construira une s\u00e9rie limit\u00e9e de 20 exemplaires dans le monde 50th Anniversary Shelby GT40 MKII voitures pour honorer cette course historique. Notre mod\u00e8le est un monument, un retour en arri\u00e8re puisqu&rsquo;il s&rsquo;agit du 6\u00e8me exemplaires de cette \u00e9dition tr\u00e8s limit\u00e9e.<\/p>\n","protected":false},"excerpt":{"rendered":"<p>En 1965, Henry Ford II et Carroll Shelby ont collabor\u00e9 ensemble pour battre Ferrari sur la plus grande sc\u00e8ne du monde : les 24 heures du Mans. Et ils ont gagn\u00e9 ! Ford et Shelby ont occup\u00e9 les trois places du podium de la course de 1966. La voiture n\u00b02 \u00e9tait pilot\u00e9e par l&rsquo;\u00e9quipage Bruce [&hellip;]<\/p>\n","protected":false},"featured_media":776,"comment_status":"open","ping_status":"closed","template":"","meta":[],"product_cat":[123],"product_tag":[],"class_list":["post-775","product","type-product","status-publish","has-post-thumbnail","hentry","product_cat-shelby","entry","has-media"],"_links":{"self":[{"href":"https:\/\/newmoteuretsens.e-madgin.com\/index.php\/wp-json\/wp\/v2\/product\/775","targetHints":{"allow":["GET"]}}],"collection":[{"href":"https:\/\/newmoteuretsens.e-madgin.com\/index.php\/wp-json\/wp\/v2\/product"}],"about":[{"href":"https:\/\/newmoteuretsens.e-madgin.com\/index.php\/wp-json\/wp\/v2\/types\/product"}],"replies":[{"embeddable":true,"href":"https:\/\/newmoteuretsens.e-madgin.com\/index.php\/wp-json\/wp\/v2\/comments?post=775"}],"wp:featuredmedia":[{"embeddable":true,"href":"https:\/\/newmoteuretsens.e-madgin.com\/index.php\/wp-json\/wp\/v2\/media\/776"}],"wp:attachment":[{"href":"https:\/\/newmoteuretsens.e-madgin.com\/index.php\/wp-json\/wp\/v2\/media?parent=775"}],"wp:term":[{"taxonomy":"product_cat","embeddable":true,"href":"https:\/\/newmoteuretsens.e-madgin.com\/index.php\/wp-json\/wp\/v2\/product_cat?post=775"},{"taxonomy":"product_tag","embeddable":true,"href":"https:\/\/newmoteuretsens.e-madgin.com\/index.php\/wp-json\/wp\/v2\/product_tag?post=775"}],"curies":[{"name":"wp","href":"https:\/\/api.w.org\/{rel}","templated":true}]}}