{"id":7734,"date":"2021-10-20T12:52:49","date_gmt":"2021-10-20T10:52:49","guid":{"rendered":"https:\/\/newmoteuretsens.e-madgin.com\/?post_type=product&#038;p=7734"},"modified":"2021-10-20T12:52:49","modified_gmt":"2021-10-20T10:52:49","slug":"alpine-a110-pure","status":"publish","type":"product","link":"https:\/\/newmoteuretsens.e-madgin.com\/index.php\/produit\/alpine-a110-pure\/","title":{"rendered":"ALPINE &#8211; A110 Pure"},"content":{"rendered":"<p>a venir,<\/p>\n","protected":false},"excerpt":{"rendered":"<ul>\n<li>Alpine t\u00e9l\u00e9m\u00e9trics<\/li>\n<li>Etriers de frein couleur Bleu Alpine<\/li>\n<li>Aide au stationnement AV AR et cam\u00e9ra de recul<\/li>\n<li>Echappement sport actif<\/li>\n<li>Pack h\u00e9ritage<\/li>\n<li>Logo Alpine sur les ailes avant<\/li>\n<li>Repose pieds passager en aluminium<\/li>\n<li>Tapis de sol avec le logo Alpine, surpiqures bleu Alpine<\/li>\n<li>Logo au centre du volant<\/li>\n<li>P\u00e9dalier en aluminium<\/li>\n<li>Peinture Bleu Alpine<\/li>\n<\/ul>\n","protected":false},"featured_media":7751,"comment_status":"open","ping_status":"closed","template":"","meta":[],"product_cat":[34],"product_tag":[],"class_list":["post-7734","product","type-product","status-publish","has-post-thumbnail","hentry","product_cat-alpine","entry","has-media"],"_links":{"self":[{"href":"https:\/\/newmoteuretsens.e-madgin.com\/index.php\/wp-json\/wp\/v2\/product\/7734","targetHints":{"allow":["GET"]}}],"collection":[{"href":"https:\/\/newmoteuretsens.e-madgin.com\/index.php\/wp-json\/wp\/v2\/product"}],"about":[{"href":"https:\/\/newmoteuretsens.e-madgin.com\/index.php\/wp-json\/wp\/v2\/types\/product"}],"replies":[{"embeddable":true,"href":"https:\/\/newmoteuretsens.e-madgin.com\/index.php\/wp-json\/wp\/v2\/comments?post=7734"}],"wp:featuredmedia":[{"embeddable":true,"href":"https:\/\/newmoteuretsens.e-madgin.com\/index.php\/wp-json\/wp\/v2\/media\/7751"}],"wp:attachment":[{"href":"https:\/\/newmoteuretsens.e-madgin.com\/index.php\/wp-json\/wp\/v2\/media?parent=7734"}],"wp:term":[{"taxonomy":"product_cat","embeddable":true,"href":"https:\/\/newmoteuretsens.e-madgin.com\/index.php\/wp-json\/wp\/v2\/product_cat?post=7734"},{"taxonomy":"product_tag","embeddable":true,"href":"https:\/\/newmoteuretsens.e-madgin.com\/index.php\/wp-json\/wp\/v2\/product_tag?post=7734"}],"curies":[{"name":"wp","href":"https:\/\/api.w.org\/{rel}","templated":true}]}}