{"id":7429,"date":"2021-10-20T11:35:27","date_gmt":"2021-10-20T09:35:27","guid":{"rendered":"https:\/\/newmoteuretsens.e-madgin.com\/?post_type=product&#038;p=7429"},"modified":"2021-10-20T12:07:53","modified_gmt":"2021-10-20T10:07:53","slug":"lamborghini-huracan-lp-580-2","status":"publish","type":"product","link":"https:\/\/newmoteuretsens.e-madgin.com\/index.php\/produit\/lamborghini-huracan-lp-580-2\/","title":{"rendered":"LAMBORGHINI &#8211; Huracan LP 580-2"},"content":{"rendered":"<p>Avec l&rsquo;Huracan, on peut d\u00e9cemment dire que Lamborghini entre de plein pied dans l&rsquo;\u00e8re des berlinettes ultra moderne. Et de quelle mani\u00e8re ! V10 atmosph\u00e9rique \u00e0 injection directe, boite double embrayage, performance stratosph\u00e9rique, facilit\u00e9 d&rsquo;utilisation comme jamais dans l&rsquo;histoire de Lamborghini, finition int\u00e9rieure au millim\u00e8tre et fiabilit\u00e9. Sans oublier l&rsquo;essentiel, une ligne \u00e0 couper le souffle comme seule Lamborghini sait les faire et une sonorit\u00e9 dantesque. Tous les ingr\u00e9dients d&rsquo;un Best Seller. Cet exemplaire particulier n&rsquo;est autre que la version LP 580-2 laissant de c\u00f4t\u00e9 la transmission int\u00e9grale pour gagner en poids et en sensation de conduite. Notre exemplaire est fran\u00e7ais d&rsquo;origine et en parfait \u00e9tat, une r\u00e9vision sera effectu\u00e9e chez Lamborghini pour la vente.<\/p>\n","protected":false},"excerpt":{"rendered":"<p>Avec l&rsquo;Huracan, on peut d\u00e9cemment dire que Lamborghini entre de plein pied dans l&rsquo;\u00e8re des berlinettes ultra moderne. Et de quelle mani\u00e8re ! V10 atmosph\u00e9rique \u00e0 injection directe, boite double embrayage, performance stratosph\u00e9rique, facilit\u00e9 d&rsquo;utilisation comme jamais dans l&rsquo;histoire de Lamborghini, finition int\u00e9rieure au millim\u00e8tre et fiabilit\u00e9. Sans oublier l&rsquo;essentiel, une ligne \u00e0 couper le [&hellip;]<\/p>\n","protected":false},"featured_media":7430,"comment_status":"open","ping_status":"closed","template":"","meta":[],"product_cat":[29],"product_tag":[],"class_list":["post-7429","product","type-product","status-publish","has-post-thumbnail","hentry","product_cat-lamborghini","entry","has-media"],"_links":{"self":[{"href":"https:\/\/newmoteuretsens.e-madgin.com\/index.php\/wp-json\/wp\/v2\/product\/7429","targetHints":{"allow":["GET"]}}],"collection":[{"href":"https:\/\/newmoteuretsens.e-madgin.com\/index.php\/wp-json\/wp\/v2\/product"}],"about":[{"href":"https:\/\/newmoteuretsens.e-madgin.com\/index.php\/wp-json\/wp\/v2\/types\/product"}],"replies":[{"embeddable":true,"href":"https:\/\/newmoteuretsens.e-madgin.com\/index.php\/wp-json\/wp\/v2\/comments?post=7429"}],"wp:featuredmedia":[{"embeddable":true,"href":"https:\/\/newmoteuretsens.e-madgin.com\/index.php\/wp-json\/wp\/v2\/media\/7430"}],"wp:attachment":[{"href":"https:\/\/newmoteuretsens.e-madgin.com\/index.php\/wp-json\/wp\/v2\/media?parent=7429"}],"wp:term":[{"taxonomy":"product_cat","embeddable":true,"href":"https:\/\/newmoteuretsens.e-madgin.com\/index.php\/wp-json\/wp\/v2\/product_cat?post=7429"},{"taxonomy":"product_tag","embeddable":true,"href":"https:\/\/newmoteuretsens.e-madgin.com\/index.php\/wp-json\/wp\/v2\/product_tag?post=7429"}],"curies":[{"name":"wp","href":"https:\/\/api.w.org\/{rel}","templated":true}]}}