{"id":7376,"date":"2021-10-20T11:24:06","date_gmt":"2021-10-20T09:24:06","guid":{"rendered":"https:\/\/newmoteuretsens.e-madgin.com\/?post_type=product&#038;p=7376"},"modified":"2021-10-20T11:28:42","modified_gmt":"2021-10-20T09:28:42","slug":"porsche-911-type-991-gt3rs","status":"publish","type":"product","link":"https:\/\/newmoteuretsens.e-madgin.com\/index.php\/produit\/porsche-911-type-991-gt3rs\/","title":{"rendered":"PORSCHE &#8211; 911 Type 991 GT3RS"},"content":{"rendered":"<p>\u00ab\u00a0Voiture de sport \u00e0 moteur atmosph\u00e9rique et concept haut r\u00e9gime, ch\u00e2ssis con\u00e7u pour le circuit\u00a0\u00bb : tel sont les mots d&rsquo;Andreas Preuninger (chef de projet de la GT3 RS) pour d\u00e9crire cette machine \u00e0 chasser le chrono. Avec son ch\u00e2ssis d&rsquo;une efficacit\u00e9 stup\u00e9fiante, un moteur prenant des tours \u00e0 n&rsquo;en plus finir et sa sonorit\u00e9 atypique, la GT3 RS est d\u00e9finitivement la reine de sa cat\u00e9gorie. Notre exemplaire est pr\u00e9sent\u00e9 dans cette superbe livr\u00e9e orange fusion. L&rsquo;auto est en parfait \u00e9tat et \u00e0 jour de r\u00e9vision en centre Porsche.<\/p>\n","protected":false},"excerpt":{"rendered":"<p>\u00ab\u00a0Voiture de sport \u00e0 moteur atmosph\u00e9rique et concept haut r\u00e9gime, ch\u00e2ssis con\u00e7u pour le circuit\u00a0\u00bb : tel sont les mots d&rsquo;Andreas Preuninger (chef de projet de la GT3 RS) pour d\u00e9crire cette machine \u00e0 chasser le chrono. Avec son ch\u00e2ssis d&rsquo;une efficacit\u00e9 stup\u00e9fiante, un moteur prenant des tours \u00e0 n&rsquo;en plus finir et sa sonorit\u00e9 [&hellip;]<\/p>\n","protected":false},"featured_media":7377,"comment_status":"open","ping_status":"closed","template":"","meta":[],"product_cat":[21],"product_tag":[],"class_list":["post-7376","product","type-product","status-publish","has-post-thumbnail","hentry","product_cat-porsche","entry","has-media"],"_links":{"self":[{"href":"https:\/\/newmoteuretsens.e-madgin.com\/index.php\/wp-json\/wp\/v2\/product\/7376","targetHints":{"allow":["GET"]}}],"collection":[{"href":"https:\/\/newmoteuretsens.e-madgin.com\/index.php\/wp-json\/wp\/v2\/product"}],"about":[{"href":"https:\/\/newmoteuretsens.e-madgin.com\/index.php\/wp-json\/wp\/v2\/types\/product"}],"replies":[{"embeddable":true,"href":"https:\/\/newmoteuretsens.e-madgin.com\/index.php\/wp-json\/wp\/v2\/comments?post=7376"}],"wp:featuredmedia":[{"embeddable":true,"href":"https:\/\/newmoteuretsens.e-madgin.com\/index.php\/wp-json\/wp\/v2\/media\/7377"}],"wp:attachment":[{"href":"https:\/\/newmoteuretsens.e-madgin.com\/index.php\/wp-json\/wp\/v2\/media?parent=7376"}],"wp:term":[{"taxonomy":"product_cat","embeddable":true,"href":"https:\/\/newmoteuretsens.e-madgin.com\/index.php\/wp-json\/wp\/v2\/product_cat?post=7376"},{"taxonomy":"product_tag","embeddable":true,"href":"https:\/\/newmoteuretsens.e-madgin.com\/index.php\/wp-json\/wp\/v2\/product_tag?post=7376"}],"curies":[{"name":"wp","href":"https:\/\/api.w.org\/{rel}","templated":true}]}}