{"id":7154,"date":"2021-10-20T10:53:46","date_gmt":"2021-10-20T08:53:46","guid":{"rendered":"https:\/\/newmoteuretsens.e-madgin.com\/?post_type=product&#038;p=7154"},"modified":"2021-12-13T14:35:10","modified_gmt":"2021-12-13T13:35:10","slug":"porsche-boxster-spyder-981-3","status":"publish","type":"product","link":"https:\/\/newmoteuretsens.e-madgin.com\/index.php\/produit\/porsche-boxster-spyder-981-3\/","title":{"rendered":"PORSCHE &#8211; Boxster Spyder 981"},"content":{"rendered":"<p>Chez Porsche, l&rsquo;appellation \u00ab\u00a0Spyder\u00a0\u00bb est entr\u00e9e dans la l\u00e9gende avec la 550, petit roadster ultra l\u00e9ger rendu c\u00e9l\u00e8bre par James Dean. Certain ont cri\u00e9 au scandale lorsqu&rsquo;elle a \u00e9t\u00e9 reprise pour le Boxster mais son utilisation \u00e9tait pourtant pleinement justifi\u00e9 ! Le programme reprend les grandes lignes, puisqu&rsquo;il pr\u00e9voit un all\u00e8gement g\u00e9n\u00e9ral de l&rsquo;auto, une boite m\u00e9canique proposant une pr\u00e9cision et une simplicit\u00e9 exceptionnelle et un look extr\u00eamement sexy avec un long capot arri\u00e8re \u00e0 double bossage. Le Spyder 981 annonce un poids \u00e0 vide de 1\u2009315 kg, soit 30 kg de moins qu\u2019un Porsche Boxster GTS de 330 ch alors qu&rsquo;il en d\u00e9compte l\u00e0 375 ! Il est difficile de trouver une auto aussi communicative et plaisante pour le budget d&rsquo;une Spyder 981. L&rsquo;exemplaire que nous proposons dans cette configuration exceptionnelle noir int\u00e9rieur cuir\/alcantara surpiqu\u00e9 rouge est extr\u00eamement bien optionn\u00e9. Son \u00e9tat est parfait avec un suivi Porsche (Derni\u00e8re r\u00e9vision en 10\/2020)<\/p>\n","protected":false},"excerpt":{"rendered":"<ul>\n<li>Si\u00e8ges 918<\/li>\n<li>Climatisation bi-zone<\/li>\n<li>BOSE Surround Sound System<\/li>\n<li>Coutures contrastantes<\/li>\n<li>Si\u00e8ges baquets 918<\/li>\n<li>Ceinture de s\u00e9curit\u00e9 rouges<\/li>\n<li>Levier de vitesse en alcantara<\/li>\n<li>syst\u00e8me d&rsquo;\u00e9chappement sport<\/li>\n<li>Interface audio universelle<\/li>\n<li>PCM incluant module de navigation<\/li>\n<li>Fond de compteur en Noir<\/li>\n<li>Pack Sport Chrono<\/li>\n<li>Cuir \u00e9tendu sur tableau de bord<\/li>\n<li>Cuir \u00e9tendu sur baie de pare-brise<\/li>\n<li>Cuir \u00e9tendu sur colonne de direction<\/li>\n<\/ul>\n","protected":false},"featured_media":7063,"comment_status":"open","ping_status":"closed","template":"","meta":[],"product_cat":[21],"product_tag":[],"class_list":["post-7154","product","type-product","status-publish","has-post-thumbnail","hentry","product_cat-porsche","entry","has-media"],"_links":{"self":[{"href":"https:\/\/newmoteuretsens.e-madgin.com\/index.php\/wp-json\/wp\/v2\/product\/7154","targetHints":{"allow":["GET"]}}],"collection":[{"href":"https:\/\/newmoteuretsens.e-madgin.com\/index.php\/wp-json\/wp\/v2\/product"}],"about":[{"href":"https:\/\/newmoteuretsens.e-madgin.com\/index.php\/wp-json\/wp\/v2\/types\/product"}],"replies":[{"embeddable":true,"href":"https:\/\/newmoteuretsens.e-madgin.com\/index.php\/wp-json\/wp\/v2\/comments?post=7154"}],"wp:featuredmedia":[{"embeddable":true,"href":"https:\/\/newmoteuretsens.e-madgin.com\/index.php\/wp-json\/wp\/v2\/media\/7063"}],"wp:attachment":[{"href":"https:\/\/newmoteuretsens.e-madgin.com\/index.php\/wp-json\/wp\/v2\/media?parent=7154"}],"wp:term":[{"taxonomy":"product_cat","embeddable":true,"href":"https:\/\/newmoteuretsens.e-madgin.com\/index.php\/wp-json\/wp\/v2\/product_cat?post=7154"},{"taxonomy":"product_tag","embeddable":true,"href":"https:\/\/newmoteuretsens.e-madgin.com\/index.php\/wp-json\/wp\/v2\/product_tag?post=7154"}],"curies":[{"name":"wp","href":"https:\/\/api.w.org\/{rel}","templated":true}]}}