{"id":7013,"date":"2021-10-20T10:46:56","date_gmt":"2021-10-20T08:46:56","guid":{"rendered":"https:\/\/newmoteuretsens.e-madgin.com\/?post_type=product&#038;p=7013"},"modified":"2021-11-22T13:01:39","modified_gmt":"2021-11-22T12:01:39","slug":"morgan-aero-8","status":"publish","type":"product","link":"https:\/\/newmoteuretsens.e-madgin.com\/index.php\/produit\/morgan-aero-8\/","title":{"rendered":"MORGAN &#8211; Aero 8"},"content":{"rendered":"<p>La gamme Morgan, comprenant les 4\/4, Plus 4 et autre Plus 8 \u00e0 mis plusieurs d\u00e9cennies avant d\u2019accepter une nouvelle venue. Les ann\u00e9es 2000 arrivants, Morgan s&rsquo;est d\u00e9cid\u00e9 \u00e0 moderniser consid\u00e9rable son style et \u00e0 faire sortir de ses cartons la sublime A\u00e9ro 8 ; une sportive moderne abandonnant la structure bois et acier de ses petites s\u0153urs pour un ch\u00e2ssis\/cadre en alliage. Pour ce qui est du moteur, la petite firme anglaise s\u2019\u00e9tait tourn\u00e9e vers le constructeur bavarois BMW pour offrir \u00e0 sa belle un c\u0153ur \u00e0 8 cylindres, du jamais vu \u00e0 Malvern ! L&rsquo;exemplaire que nous pr\u00e9sentons ici est une Phase 2 b\u00e9n\u00e9ficiant du moteur 4.8 litres d\u00e9veloppant 367 ch et surtout ayant \u00e9t\u00e9 retouch\u00e9 esth\u00e9tiquement sur la face avant pour le plus grand bonheur des d\u00e9tracteurs de la Phase 1 dont les deux feux avant semblaient loucher ! Cette auto se trouve dans un parfait \u00e9tat !<\/p>\n","protected":false},"excerpt":{"rendered":"<ul>\n<li>Vitres \u00e9lectriques<\/li>\n<li>Fermeture centralis\u00e9e<\/li>\n<li>Direction assist\u00e9e<\/li>\n<li>Airbags frontaux<\/li>\n<li>Climatisation<\/li>\n<li>volant en cuir<\/li>\n<li>volant 3 branches<\/li>\n<li>Radio<\/li>\n<li>Int\u00e9rieur tout cuir<\/li>\n<li>Echappement sport<\/li>\n<li>Jantes alliages<\/li>\n<li>Bouton de d\u00e9marrage<\/li>\n<\/ul>\n","protected":false},"featured_media":7015,"comment_status":"open","ping_status":"closed","template":"","meta":[],"product_cat":[40],"product_tag":[],"class_list":["post-7013","product","type-product","status-publish","has-post-thumbnail","hentry","product_cat-morgan","entry","has-media"],"_links":{"self":[{"href":"https:\/\/newmoteuretsens.e-madgin.com\/index.php\/wp-json\/wp\/v2\/product\/7013","targetHints":{"allow":["GET"]}}],"collection":[{"href":"https:\/\/newmoteuretsens.e-madgin.com\/index.php\/wp-json\/wp\/v2\/product"}],"about":[{"href":"https:\/\/newmoteuretsens.e-madgin.com\/index.php\/wp-json\/wp\/v2\/types\/product"}],"replies":[{"embeddable":true,"href":"https:\/\/newmoteuretsens.e-madgin.com\/index.php\/wp-json\/wp\/v2\/comments?post=7013"}],"wp:featuredmedia":[{"embeddable":true,"href":"https:\/\/newmoteuretsens.e-madgin.com\/index.php\/wp-json\/wp\/v2\/media\/7015"}],"wp:attachment":[{"href":"https:\/\/newmoteuretsens.e-madgin.com\/index.php\/wp-json\/wp\/v2\/media?parent=7013"}],"wp:term":[{"taxonomy":"product_cat","embeddable":true,"href":"https:\/\/newmoteuretsens.e-madgin.com\/index.php\/wp-json\/wp\/v2\/product_cat?post=7013"},{"taxonomy":"product_tag","embeddable":true,"href":"https:\/\/newmoteuretsens.e-madgin.com\/index.php\/wp-json\/wp\/v2\/product_tag?post=7013"}],"curies":[{"name":"wp","href":"https:\/\/api.w.org\/{rel}","templated":true}]}}