{"id":692,"date":"2021-09-13T11:29:55","date_gmt":"2021-09-13T09:29:55","guid":{"rendered":"https:\/\/newmoteuretsens.e-madgin.com\/?post_type=product&#038;p=692"},"modified":"2021-10-13T13:58:24","modified_gmt":"2021-10-13T11:58:24","slug":"porsche-911-cabriolet-type-992","status":"publish","type":"product","link":"https:\/\/newmoteuretsens.e-madgin.com\/index.php\/produit\/porsche-911-cabriolet-type-992\/","title":{"rendered":"PORSCHE &#8211; 911 Cabriolet Type 992"},"content":{"rendered":"<p>Cette nouvelle 911 Cabriolet 992 reprend les lignes du coup\u00e9. Elle se d\u00e9marque par une poupe plus massive qui abrite la capote en toile. Enti\u00e8rement \u00e9lectrique, cette derni\u00e8re est \u00e9quip\u00e9e d&rsquo;un nouveau m\u00e9canisme hydraulique permettant de d\u00e9ployer la capote encore plus rapidement. Porsche annonce un temps de 12 s environ pour passer en mode cabriolet et ce jusqu&rsquo;\u00e0 une vitesse de 50 km\/h. Autre nouveaut\u00e9, le syst\u00e8me \u00ab Wet Mode \u00bb capable de d\u00e9tecter si la chauss\u00e9e est humide pour activer les aides \u00e0 la conduite plus rapidement si besoin. Notre exemplaire est pr\u00e9sent\u00e9 avec une capote de couleur noire, parfaitement accord\u00e9 au Bleu Miami. Il s&rsquo;agit d&rsquo;une premi\u00e8re main fran\u00e7aise dans un \u00e9tat neuf.<\/p>\n","protected":false},"excerpt":{"rendered":"<p>Cette nouvelle 911 Cabriolet 992 reprend les lignes du coup\u00e9. Elle se d\u00e9marque par une poupe plus massive qui abrite la capote en toile. Enti\u00e8rement \u00e9lectrique, cette derni\u00e8re est \u00e9quip\u00e9e d&rsquo;un nouveau m\u00e9canisme hydraulique permettant de d\u00e9ployer la capote encore plus rapidement. Porsche annonce un temps de 12 s environ pour passer en mode cabriolet [&hellip;]<\/p>\n","protected":false},"featured_media":693,"comment_status":"open","ping_status":"closed","template":"","meta":[],"product_cat":[21],"product_tag":[],"class_list":["post-692","product","type-product","status-publish","has-post-thumbnail","hentry","product_cat-porsche","entry","has-media"],"_links":{"self":[{"href":"https:\/\/newmoteuretsens.e-madgin.com\/index.php\/wp-json\/wp\/v2\/product\/692","targetHints":{"allow":["GET"]}}],"collection":[{"href":"https:\/\/newmoteuretsens.e-madgin.com\/index.php\/wp-json\/wp\/v2\/product"}],"about":[{"href":"https:\/\/newmoteuretsens.e-madgin.com\/index.php\/wp-json\/wp\/v2\/types\/product"}],"replies":[{"embeddable":true,"href":"https:\/\/newmoteuretsens.e-madgin.com\/index.php\/wp-json\/wp\/v2\/comments?post=692"}],"wp:featuredmedia":[{"embeddable":true,"href":"https:\/\/newmoteuretsens.e-madgin.com\/index.php\/wp-json\/wp\/v2\/media\/693"}],"wp:attachment":[{"href":"https:\/\/newmoteuretsens.e-madgin.com\/index.php\/wp-json\/wp\/v2\/media?parent=692"}],"wp:term":[{"taxonomy":"product_cat","embeddable":true,"href":"https:\/\/newmoteuretsens.e-madgin.com\/index.php\/wp-json\/wp\/v2\/product_cat?post=692"},{"taxonomy":"product_tag","embeddable":true,"href":"https:\/\/newmoteuretsens.e-madgin.com\/index.php\/wp-json\/wp\/v2\/product_tag?post=692"}],"curies":[{"name":"wp","href":"https:\/\/api.w.org\/{rel}","templated":true}]}}