{"id":6714,"date":"2021-10-17T11:42:40","date_gmt":"2021-10-17T09:42:40","guid":{"rendered":"https:\/\/newmoteuretsens.e-madgin.com\/?post_type=product&#038;p=6714"},"modified":"2021-10-21T16:34:17","modified_gmt":"2021-10-21T14:34:17","slug":"ferrari-california-30-v8-490ch","status":"publish","type":"product","link":"https:\/\/newmoteuretsens.e-madgin.com\/index.php\/produit\/ferrari-california-30-v8-490ch\/","title":{"rendered":"FERRARI &#8211; California 30 V8 490CH"},"content":{"rendered":"<p>La California tient une place bien sp\u00e9ciale dans la gamme Ferrari car celle-ci f\u00fbt le premier mod\u00e8le coup\u00e9 cabriolet de la marque au cheval cabr\u00e9. A sa sortie, elle a tout de suite s\u00e9duit une nouvelle client\u00e8le, plus jeune, propos\u00e9e \u00e0 un prix attractif, elle a permis \u00e0 bon nombre de passionn\u00e9es de pouvoir mettre un pied dans l&rsquo;univers de Maranello. Quelques ann\u00e9es apr\u00e8s sa sortie et avant le changement pour la california T, la california 30 a fait son apparition, offrant 30ch de plus que le mod\u00e8le initiale et \u00e9galement 30kg de moins. A la conduite, l&rsquo;auto s&rsquo;aborde avec une facilit\u00e9 d\u00e9concertante avec une direction l\u00e9g\u00e8re. De nature plut\u00f4t GT elle s&rsquo;av\u00e8re \u00eatre confortable mais pas fade pour autant avec une sonorit\u00e9 musicale et rageuse qui nous rappelle d&rsquo;o\u00f9 vient le moteur V8 qui a re\u00e7u un nouveau collecteur d&rsquo;\u00e9chappement et une cartographie reprogramm\u00e9e. Notre exemplaire est particuli\u00e8rement bien optionn\u00e9, avec \u00e9norm\u00e9ment de carbone et une configuration sport\/chic. L&rsquo;auto est fran\u00e7aise d&rsquo;origine livr\u00e9e neuve chez Pozzi, elle a b\u00e9n\u00e9fici\u00e9e du contrat d&rsquo;entretiens et a donc re\u00e7ue un entretiens chaque ann\u00e9e (derni\u00e8re r\u00e9vision en 03\/2021 \u00e0 26 500km). Les freins c\u00e9ramiques sont us\u00e9s \u00e0 8% \u00e0 l&rsquo;avant et 6% \u00e0 l&rsquo;arri\u00e8re.<\/p>\n","protected":false},"excerpt":{"rendered":"<p>La California tient une place bien sp\u00e9ciale dans la gamme Ferrari car celle-ci f\u00fbt le premier mod\u00e8le coup\u00e9 cabriolet de la marque au cheval cabr\u00e9. A sa sortie, elle a tout de suite s\u00e9duit une nouvelle client\u00e8le, plus jeune, propos\u00e9e \u00e0 un prix attractif, elle a permis \u00e0 bon nombre de passionn\u00e9es de pouvoir mettre [&hellip;]<\/p>\n","protected":false},"featured_media":6715,"comment_status":"open","ping_status":"closed","template":"","meta":[],"product_cat":[23],"product_tag":[],"class_list":["post-6714","product","type-product","status-publish","has-post-thumbnail","hentry","product_cat-ferrari","entry","has-media"],"_links":{"self":[{"href":"https:\/\/newmoteuretsens.e-madgin.com\/index.php\/wp-json\/wp\/v2\/product\/6714","targetHints":{"allow":["GET"]}}],"collection":[{"href":"https:\/\/newmoteuretsens.e-madgin.com\/index.php\/wp-json\/wp\/v2\/product"}],"about":[{"href":"https:\/\/newmoteuretsens.e-madgin.com\/index.php\/wp-json\/wp\/v2\/types\/product"}],"replies":[{"embeddable":true,"href":"https:\/\/newmoteuretsens.e-madgin.com\/index.php\/wp-json\/wp\/v2\/comments?post=6714"}],"wp:featuredmedia":[{"embeddable":true,"href":"https:\/\/newmoteuretsens.e-madgin.com\/index.php\/wp-json\/wp\/v2\/media\/6715"}],"wp:attachment":[{"href":"https:\/\/newmoteuretsens.e-madgin.com\/index.php\/wp-json\/wp\/v2\/media?parent=6714"}],"wp:term":[{"taxonomy":"product_cat","embeddable":true,"href":"https:\/\/newmoteuretsens.e-madgin.com\/index.php\/wp-json\/wp\/v2\/product_cat?post=6714"},{"taxonomy":"product_tag","embeddable":true,"href":"https:\/\/newmoteuretsens.e-madgin.com\/index.php\/wp-json\/wp\/v2\/product_tag?post=6714"}],"curies":[{"name":"wp","href":"https:\/\/api.w.org\/{rel}","templated":true}]}}