{"id":6712,"date":"2021-10-16T13:08:55","date_gmt":"2021-10-16T11:08:55","guid":{"rendered":"https:\/\/newmoteuretsens.e-madgin.com\/?post_type=product&#038;p=6712"},"modified":"2021-10-16T13:09:59","modified_gmt":"2021-10-16T11:09:59","slug":"bmw-m5-pack-competition-35-jahre-f90","status":"publish","type":"product","link":"https:\/\/newmoteuretsens.e-madgin.com\/index.php\/produit\/bmw-m5-pack-competition-35-jahre-f90\/","title":{"rendered":"BMW &#8211; M5 PACK COMPETITION 35 JAHRE (F90)"},"content":{"rendered":"<p>La M5 Pack Comp\u00e9tition est le d\u00e9riv\u00e9 le plus radical de la s\u00e9rie 5, 625 ch dans une familiale, qui et c&rsquo;est la nouveaut\u00e9 de cette g\u00e9n\u00e9ration permet aussi bien de rouler en toute s\u00e9curit\u00e9 en 4 roues motrices ou de faire des figures artistiques en mode propulsion. Les performances sont d&rsquo;un autre monde, et de toutes les berlines concurrentes, c&rsquo;est certainement la plus int\u00e9ressante \u00e0 rouler. Incisive elle masque bien son poids, tout en proposant un niveau d&rsquo;\u00e9quipement pl\u00e9thorique, un confort princier et des sensations sportives. Un TGV aussi bien fait pour l&rsquo;autoroute que le sinueux. Notre exemplaire en particulier est une \u00e9dition 35 Jahre dont la production a \u00e9t\u00e9 limit\u00e9e \u00e0 350 unit\u00e9s dont seulement 11 pour le march\u00e9 Fran\u00e7ais. Elle est pr\u00e9sent\u00e9e dans cette peinture sp\u00e9ciale \u00ab\u00a0Frozen Dark Grey\u00a0\u00bb et dot\u00e9e d&rsquo;options BMW individual \u00e0 l&rsquo;image des jantes sp\u00e9cifiques 20&Prime; peintes en Graphite grey. L&rsquo;auto est une premi\u00e8re main fran\u00e7aise avec TVA r\u00e9cup\u00e9rable.<\/p>\n","protected":false},"excerpt":{"rendered":"<ul>\n<li>M Sports exhaust system<\/li>\n<li>Steering wheel heater<\/li>\n<li>20&Prime; Light wheel Y spoke 789M<\/li>\n<li>Comfort Access<\/li>\n<li>Soft-Close Automatic doors<\/li>\n<li>BMW display key<\/li>\n<li>Roller sun visor, rear lateral<\/li>\n<li>Climate-Controlled seats Front<\/li>\n<li>M Seat Belt<\/li>\n<li>Seat heating, front and rear<\/li>\n<li>M Multifunction seat<\/li>\n<li>Auto Climate control 4 zone<\/li>\n<li>Massage function Front seats<\/li>\n<li>Interior Trim Finish Al Carbon StructDark<\/li>\n<li>Driving Assistant Plus<\/li>\n<li>Parking assistance system Plus<\/li>\n<li>Bowers &amp; Wilkins High End Sound System<\/li>\n<li>BMW Gesture Control<\/li>\n<li>Individual option High-Gloss Shadow-Line<\/li>\n<li>Competition Package<\/li>\n<li>M Drivers Package<\/li>\n<li>Active Pedestrian Protection<\/li>\n<li>Individual Series<\/li>\n<li>Special equipment BMW Individual<\/li>\n<\/ul>\n","protected":false},"featured_media":6713,"comment_status":"open","ping_status":"closed","template":"","meta":[],"product_cat":[17],"product_tag":[],"class_list":["post-6712","product","type-product","status-publish","has-post-thumbnail","hentry","product_cat-bmw","entry","has-media"],"_links":{"self":[{"href":"https:\/\/newmoteuretsens.e-madgin.com\/index.php\/wp-json\/wp\/v2\/product\/6712","targetHints":{"allow":["GET"]}}],"collection":[{"href":"https:\/\/newmoteuretsens.e-madgin.com\/index.php\/wp-json\/wp\/v2\/product"}],"about":[{"href":"https:\/\/newmoteuretsens.e-madgin.com\/index.php\/wp-json\/wp\/v2\/types\/product"}],"replies":[{"embeddable":true,"href":"https:\/\/newmoteuretsens.e-madgin.com\/index.php\/wp-json\/wp\/v2\/comments?post=6712"}],"wp:featuredmedia":[{"embeddable":true,"href":"https:\/\/newmoteuretsens.e-madgin.com\/index.php\/wp-json\/wp\/v2\/media\/6713"}],"wp:attachment":[{"href":"https:\/\/newmoteuretsens.e-madgin.com\/index.php\/wp-json\/wp\/v2\/media?parent=6712"}],"wp:term":[{"taxonomy":"product_cat","embeddable":true,"href":"https:\/\/newmoteuretsens.e-madgin.com\/index.php\/wp-json\/wp\/v2\/product_cat?post=6712"},{"taxonomy":"product_tag","embeddable":true,"href":"https:\/\/newmoteuretsens.e-madgin.com\/index.php\/wp-json\/wp\/v2\/product_tag?post=6712"}],"curies":[{"name":"wp","href":"https:\/\/api.w.org\/{rel}","templated":true}]}}