{"id":6665,"date":"2021-10-16T12:56:45","date_gmt":"2021-10-16T10:56:45","guid":{"rendered":"https:\/\/newmoteuretsens.e-madgin.com\/?post_type=product&#038;p=6665"},"modified":"2021-10-16T12:56:45","modified_gmt":"2021-10-16T10:56:45","slug":"aston-martin-db11-v8-volante","status":"publish","type":"product","link":"https:\/\/newmoteuretsens.e-madgin.com\/index.php\/produit\/aston-martin-db11-v8-volante\/","title":{"rendered":"ASTON MARTIN &#8211; DB11 V8 Volante"},"content":{"rendered":"<p>Dire que l&rsquo;Aston DB11 Volante est somptueuse, c&rsquo;est une \u00e9vidence, qu&rsquo;elle chante aussi bien que ses pr\u00e9d\u00e9cesseurs l&rsquo;\u00e9tait moins avec ce V8 Biturbo, et pourtant ! Quel sonorit\u00e9, et \u00e9galement quel punch ! L&rsquo;int\u00e9rieur profite de la patte Mercedes pour \u00eatre au niveau de la concurrence en terme d&rsquo;ergonomie mais garde la touche d\u00e9licate d&rsquo;Aston concernant les mat\u00e9riaux et la finition. En terme de comportement la DB11 se savoure comme une GT au long cours, d&rsquo;ailleurs l&rsquo;insonorisation pour un cabriolet est exceptionnelle, m\u00eame \u00e0 haute vitesse. Cette version s&rsquo;adresse au puriste, avide de sensations et de ressenti de conduite. Notre exemplaire est en parfait \u00e9tat, et pr\u00e9sent\u00e9 dans cette sublime livr\u00e9e china grey.<\/p>\n","protected":false},"excerpt":{"rendered":"<ul>\n<li>Jantes 10 branches Gloss Black DT<\/li>\n<li>Cam\u00e9ra 360\u00b0<\/li>\n<li>R\u00e9troviseurs ext\u00e9rieurs chauffants<\/li>\n<li>Smart card \/ Smart key<\/li>\n<li>Radars de stationnement avant et arri\u00e8re<\/li>\n<li>Si\u00e8ges ventil\u00e9s<\/li>\n<li>Etrier de frein noir<\/li>\n<li>Taille \u00e9cran multi-fonctions 12 pouces<\/li>\n<li>Smart card \/ Smart key<\/li>\n<li>Palettes au volant<\/li>\n<li>Syst\u00e8me Audio Aston Martin Premium<\/li>\n<li>tapis de sol<\/li>\n<li>Surpiq\u00fbres contrast\u00e9es<\/li>\n<\/ul>\n","protected":false},"featured_media":6676,"comment_status":"open","ping_status":"closed","template":"","meta":[],"product_cat":[25],"product_tag":[],"class_list":["post-6665","product","type-product","status-publish","has-post-thumbnail","hentry","product_cat-aston-martin","entry","has-media"],"_links":{"self":[{"href":"https:\/\/newmoteuretsens.e-madgin.com\/index.php\/wp-json\/wp\/v2\/product\/6665","targetHints":{"allow":["GET"]}}],"collection":[{"href":"https:\/\/newmoteuretsens.e-madgin.com\/index.php\/wp-json\/wp\/v2\/product"}],"about":[{"href":"https:\/\/newmoteuretsens.e-madgin.com\/index.php\/wp-json\/wp\/v2\/types\/product"}],"replies":[{"embeddable":true,"href":"https:\/\/newmoteuretsens.e-madgin.com\/index.php\/wp-json\/wp\/v2\/comments?post=6665"}],"wp:featuredmedia":[{"embeddable":true,"href":"https:\/\/newmoteuretsens.e-madgin.com\/index.php\/wp-json\/wp\/v2\/media\/6676"}],"wp:attachment":[{"href":"https:\/\/newmoteuretsens.e-madgin.com\/index.php\/wp-json\/wp\/v2\/media?parent=6665"}],"wp:term":[{"taxonomy":"product_cat","embeddable":true,"href":"https:\/\/newmoteuretsens.e-madgin.com\/index.php\/wp-json\/wp\/v2\/product_cat?post=6665"},{"taxonomy":"product_tag","embeddable":true,"href":"https:\/\/newmoteuretsens.e-madgin.com\/index.php\/wp-json\/wp\/v2\/product_tag?post=6665"}],"curies":[{"name":"wp","href":"https:\/\/api.w.org\/{rel}","templated":true}]}}