{"id":6513,"date":"2021-10-15T18:10:21","date_gmt":"2021-10-15T16:10:21","guid":{"rendered":"https:\/\/newmoteuretsens.e-madgin.com\/?post_type=product&#038;p=6513"},"modified":"2021-10-15T18:10:22","modified_gmt":"2021-10-15T16:10:22","slug":"porsche-918-spyder","status":"publish","type":"product","link":"https:\/\/newmoteuretsens.e-madgin.com\/index.php\/produit\/porsche-918-spyder\/","title":{"rendered":"PORSCHE &#8211; 918 Spyder"},"content":{"rendered":"<p>La Porsche 918 Spyder est \u00e0 ce jour la plus fabuleuse d\u00e9monstration du savoir faire de Porsche. A la fois b\u00eate de performance, et facile \u00e0 vivre, la Porsche 918 Spyder est \u00e9galement une formidable vitrine technologique pour la marque. Elle marie \u00e0 la perfection des solutions issues de la comp\u00e9tition, comme sa coque en carbone, son a\u00e9rodynamique active, son moteur V8 4.6L issue de la RS Spyder engag\u00e9e en LMP2, avec le nec plus ultra de l&rsquo;hybridation. Ce qu&rsquo;on appellera, une hypercar. Une auto qui ne sera plus r\u00e9serv\u00e9e \u00e0 un usage tr\u00e8s limit\u00e9, complexe \u00e0 rouler, avec un mode d&#8217;emploi particulier, mais une soucoupe volante, pouvant r\u00e9ellement s&rsquo;adapter \u00e0 toutes les situations haut la main. L&rsquo;\u00e8re ultra moderne en somme. Une facult\u00e9 \u00e0 pouvoir rouler en tout \u00e9lectrique jusqu\u2019\u00e0 plus de 100 km\/h, pendant presque 30 km, ou de boucler un tour de Nurburgring en 6 min 57 avec un moteur hurlant \u00e0 plus de 9 000 tr\/min. Le meilleur dans tout \u00e7a ? C&rsquo;est une Porsche. Explications : tout est maitris\u00e9, \u00e0 sa place, exploitable, hallucinant de savoir faire. Cette voiture est une usine \u00e0 gaz, \u00e0 watt, \u00e0 essence. La ligne est, toute proportion gard\u00e9e, simplement fabuleuse. C&rsquo;est un objet de fascination, technologique et artistique, une \u0153uvre d&rsquo;art. De mani\u00e8re plus terre \u00e0 terre, cette 918 Spyder est dans un \u00e9tat absolument irr\u00e9prochable<\/p>\n","protected":false},"excerpt":{"rendered":"<p>La Porsche 918 Spyder est \u00e0 ce jour la plus fabuleuse d\u00e9monstration du savoir faire de Porsche. A la fois b\u00eate de performance, et facile \u00e0 vivre, la Porsche 918 Spyder est \u00e9galement une formidable vitrine technologique pour la marque. Elle marie \u00e0 la perfection des solutions issues de la comp\u00e9tition, comme sa coque en [&hellip;]<\/p>\n","protected":false},"featured_media":6575,"comment_status":"open","ping_status":"closed","template":"","meta":[],"product_cat":[21],"product_tag":[],"class_list":["post-6513","product","type-product","status-publish","has-post-thumbnail","hentry","product_cat-porsche","entry","has-media"],"_links":{"self":[{"href":"https:\/\/newmoteuretsens.e-madgin.com\/index.php\/wp-json\/wp\/v2\/product\/6513","targetHints":{"allow":["GET"]}}],"collection":[{"href":"https:\/\/newmoteuretsens.e-madgin.com\/index.php\/wp-json\/wp\/v2\/product"}],"about":[{"href":"https:\/\/newmoteuretsens.e-madgin.com\/index.php\/wp-json\/wp\/v2\/types\/product"}],"replies":[{"embeddable":true,"href":"https:\/\/newmoteuretsens.e-madgin.com\/index.php\/wp-json\/wp\/v2\/comments?post=6513"}],"wp:featuredmedia":[{"embeddable":true,"href":"https:\/\/newmoteuretsens.e-madgin.com\/index.php\/wp-json\/wp\/v2\/media\/6575"}],"wp:attachment":[{"href":"https:\/\/newmoteuretsens.e-madgin.com\/index.php\/wp-json\/wp\/v2\/media?parent=6513"}],"wp:term":[{"taxonomy":"product_cat","embeddable":true,"href":"https:\/\/newmoteuretsens.e-madgin.com\/index.php\/wp-json\/wp\/v2\/product_cat?post=6513"},{"taxonomy":"product_tag","embeddable":true,"href":"https:\/\/newmoteuretsens.e-madgin.com\/index.php\/wp-json\/wp\/v2\/product_tag?post=6513"}],"curies":[{"name":"wp","href":"https:\/\/api.w.org\/{rel}","templated":true}]}}