{"id":6463,"date":"2021-10-15T17:46:26","date_gmt":"2021-10-15T15:46:26","guid":{"rendered":"https:\/\/newmoteuretsens.e-madgin.com\/?post_type=product&#038;p=6463"},"modified":"2021-10-15T17:46:26","modified_gmt":"2021-10-15T15:46:26","slug":"lamborghini-huracan-evo-2","status":"publish","type":"product","link":"https:\/\/newmoteuretsens.e-madgin.com\/index.php\/produit\/lamborghini-huracan-evo-2\/","title":{"rendered":"LAMBORGHINI &#8211; Huracan EVO"},"content":{"rendered":"<p>L&rsquo;Huracan EVO est comme son nom l&rsquo;indique une \u00e9volution de la premi\u00e8re version d&rsquo;Huracan. Ce qui ressemble \u00e0 premi\u00e8re vue \u00e0 un restylage est en r\u00e9alit\u00e9 une profonde refonte articul\u00e9e autour de quatre points-cl\u00e9s : ch\u00e2ssis, moteur, design (donc a\u00e9rodynamique) et enfin l\u2019int\u00e9rieur. Le V10 atmosph\u00e9rique gagne 30ch pour atteindre 640ch et se montre plus expressif que jamais avec les \u00e9chappements qui ont \u00e9t\u00e9 repositionn\u00e9s pour faire de la place \u00e0 un nouveau diffuseur. Toujours motrices, les quatre roues sont \u00e9galement directrices<\/p>\n","protected":false},"excerpt":{"rendered":"<p>L&rsquo;Huracan EVO est comme son nom l&rsquo;indique une \u00e9volution de la premi\u00e8re version d&rsquo;Huracan. Ce qui ressemble \u00e0 premi\u00e8re vue \u00e0 un restylage est en r\u00e9alit\u00e9 une profonde refonte articul\u00e9e autour de quatre points-cl\u00e9s : ch\u00e2ssis, moteur, design (donc a\u00e9rodynamique) et enfin l\u2019int\u00e9rieur. Le V10 atmosph\u00e9rique gagne 30ch pour atteindre 640ch et se montre plus [&hellip;]<\/p>\n","protected":false},"featured_media":6501,"comment_status":"open","ping_status":"closed","template":"","meta":[],"product_cat":[29],"product_tag":[],"class_list":["post-6463","product","type-product","status-publish","has-post-thumbnail","hentry","product_cat-lamborghini","entry","has-media"],"_links":{"self":[{"href":"https:\/\/newmoteuretsens.e-madgin.com\/index.php\/wp-json\/wp\/v2\/product\/6463","targetHints":{"allow":["GET"]}}],"collection":[{"href":"https:\/\/newmoteuretsens.e-madgin.com\/index.php\/wp-json\/wp\/v2\/product"}],"about":[{"href":"https:\/\/newmoteuretsens.e-madgin.com\/index.php\/wp-json\/wp\/v2\/types\/product"}],"replies":[{"embeddable":true,"href":"https:\/\/newmoteuretsens.e-madgin.com\/index.php\/wp-json\/wp\/v2\/comments?post=6463"}],"wp:featuredmedia":[{"embeddable":true,"href":"https:\/\/newmoteuretsens.e-madgin.com\/index.php\/wp-json\/wp\/v2\/media\/6501"}],"wp:attachment":[{"href":"https:\/\/newmoteuretsens.e-madgin.com\/index.php\/wp-json\/wp\/v2\/media?parent=6463"}],"wp:term":[{"taxonomy":"product_cat","embeddable":true,"href":"https:\/\/newmoteuretsens.e-madgin.com\/index.php\/wp-json\/wp\/v2\/product_cat?post=6463"},{"taxonomy":"product_tag","embeddable":true,"href":"https:\/\/newmoteuretsens.e-madgin.com\/index.php\/wp-json\/wp\/v2\/product_tag?post=6463"}],"curies":[{"name":"wp","href":"https:\/\/api.w.org\/{rel}","templated":true}]}}