{"id":6413,"date":"2020-10-15T17:29:12","date_gmt":"2020-10-15T15:29:12","guid":{"rendered":"https:\/\/newmoteuretsens.e-madgin.com\/?post_type=product&#038;p=6413"},"modified":"2021-10-15T17:31:44","modified_gmt":"2021-10-15T15:31:44","slug":"porsche-997-gt2rs","status":"publish","type":"product","link":"https:\/\/newmoteuretsens.e-madgin.com\/index.php\/produit\/porsche-997-gt2rs\/","title":{"rendered":"PORSCHE &#8211; 997 GT2RS"},"content":{"rendered":"<p>La Porsche 997 GT2 RS restera dans l&rsquo;histoire comme la premi\u00e8re version radicale de la s\u00e9rie GT2. C&rsquo;est une d\u00e9monstration de force de la part de Porsche, et un vrai missile qui atomise la concurrence de l&rsquo;\u00e9poque ! 620 chevaux sur les roues arri\u00e8res, boite m\u00e9canique, 90 chevaux de plus et 70 kilos de moins qu&rsquo;une GT2, des r\u00e9glages de ch\u00e2ssis et de trains roulants sp\u00e9cifiques, une a\u00e9ro retravaill\u00e9e et surtout, une \u00e9dition limit\u00e9e \u00e0 500 exemplaires d\u00fbment num\u00e9rot\u00e9s. La RS propose une conduite \u00e0 l&rsquo;ancienne qui implique le conducteur sur chaque trajet, avec des performances stratosph\u00e9riques relativement faciles \u00e0 prendre en main au d\u00e9part, gr\u00e2ce au calibrage bien sp\u00e9cifique du PASM et PSM, mais si on la cherche, elle est capable de filer \u00e0 plus de 330 km\/h et de boucler un tour de circuit devant pas mal de super-sportives actuelles. C&rsquo;est surtout le chant du cygne pour la g\u00e9n\u00e9ration 997, qui reste dans le c\u0153ur des puristes comme \u00e9tant un peu plus brute de d\u00e9coffrage et moins assist\u00e9e \u00e9lectroniquement que la g\u00e9n\u00e9ration 991. Cet exemplaire est tout simplement parfait, ne pr\u00e9sentant absolument aucuns d\u00e9fauts, tant dans son \u00e9tat que son historique. Notre exemplaire porte le num\u00e9ro 212\/500, c&rsquo;est l&rsquo;une des 15 voitures fran\u00e7aise. Livr\u00e9e \u00e0 Porsche Reims, puis entretenue scrupuleusement dans le m\u00eame centre Porsche, factures d&rsquo;entretiens, contr\u00f4les techniques, tout y est ! Nous avons \u00e9galement effectu\u00e9 le test (PIWI) et la voiture ne pr\u00e9sente que des plages 1 et 2. Cette GT2 RS n&rsquo;a jamais fait de circuit. Un vrai collector en puissance !<\/p>\n","protected":false},"excerpt":{"rendered":"<p>La Porsche 997 GT2 RS restera dans l&rsquo;histoire comme la premi\u00e8re version radicale de la s\u00e9rie GT2. C&rsquo;est une d\u00e9monstration de force de la part de Porsche, et un vrai missile qui atomise la concurrence de l&rsquo;\u00e9poque ! 620 chevaux sur les roues arri\u00e8res, boite m\u00e9canique, 90 chevaux de plus et 70 kilos de moins [&hellip;]<\/p>\n","protected":false},"featured_media":6414,"comment_status":"open","ping_status":"closed","template":"","meta":[],"product_cat":[21],"product_tag":[],"class_list":["post-6413","product","type-product","status-publish","has-post-thumbnail","hentry","product_cat-porsche","entry","has-media"],"_links":{"self":[{"href":"https:\/\/newmoteuretsens.e-madgin.com\/index.php\/wp-json\/wp\/v2\/product\/6413","targetHints":{"allow":["GET"]}}],"collection":[{"href":"https:\/\/newmoteuretsens.e-madgin.com\/index.php\/wp-json\/wp\/v2\/product"}],"about":[{"href":"https:\/\/newmoteuretsens.e-madgin.com\/index.php\/wp-json\/wp\/v2\/types\/product"}],"replies":[{"embeddable":true,"href":"https:\/\/newmoteuretsens.e-madgin.com\/index.php\/wp-json\/wp\/v2\/comments?post=6413"}],"wp:featuredmedia":[{"embeddable":true,"href":"https:\/\/newmoteuretsens.e-madgin.com\/index.php\/wp-json\/wp\/v2\/media\/6414"}],"wp:attachment":[{"href":"https:\/\/newmoteuretsens.e-madgin.com\/index.php\/wp-json\/wp\/v2\/media?parent=6413"}],"wp:term":[{"taxonomy":"product_cat","embeddable":true,"href":"https:\/\/newmoteuretsens.e-madgin.com\/index.php\/wp-json\/wp\/v2\/product_cat?post=6413"},{"taxonomy":"product_tag","embeddable":true,"href":"https:\/\/newmoteuretsens.e-madgin.com\/index.php\/wp-json\/wp\/v2\/product_tag?post=6413"}],"curies":[{"name":"wp","href":"https:\/\/api.w.org\/{rel}","templated":true}]}}