{"id":6349,"date":"2021-10-15T17:13:06","date_gmt":"2021-10-15T15:13:06","guid":{"rendered":"https:\/\/newmoteuretsens.e-madgin.com\/?post_type=product&#038;p=6349"},"modified":"2021-10-15T17:13:06","modified_gmt":"2021-10-15T15:13:06","slug":"bentley-continental-gt-w12-first-edition","status":"publish","type":"product","link":"https:\/\/newmoteuretsens.e-madgin.com\/index.php\/produit\/bentley-continental-gt-w12-first-edition\/","title":{"rendered":"BENTLEY &#8211; Continental GT W12 First edition"},"content":{"rendered":"<p>La r\u00e9f\u00e9rence du Grand Tourisme est de retour. Luxe et \u00e9l\u00e9gance, charme et distinction, puissance et confort, cette derni\u00e8re g\u00e9n\u00e9ration de Continental GT reprend les ingr\u00e9dients maintenant connu du best seller de chez Bentley, et les magnifie. La ligne d\u00e9j\u00e0 est plus \u00e9lanc\u00e9e, la technologie progresse, le comportement beaucoup plus dynamique, la boite plus rapide, et l&rsquo;interface int\u00e9rieur devient sublime. M\u00e9langeant tradition et modernit\u00e9 avec une pointe d&rsquo;originalit\u00e9. Le confort est princier \u00e9videmment et les performances digne d&rsquo;un TGV de premi\u00e8re classe. Cet exemplaire particulier est une First Edition, les designers maison ont voulu c\u00e9l\u00e9brer le lancement de ce nouveau mod\u00e8le en lui donnant des d\u00e9tails sp\u00e9cifiques (coutures int\u00e9rieures, surpiq\u00fbres, d\u00e9tails de carrosserie) et en compilant toutes les options du catalogue (\u00e9cran rotatif, \u00e9cran num\u00e9rique grande taille 12.3 pouces, jantes 22, boiseries int\u00e9rieures, pack city, pack touring, pack Mulliner), de quoi profiter sans arri\u00e8res pens\u00e9es de la meilleure expression du Grand Tourisme dans le monde.<\/p>\n","protected":false},"excerpt":{"rendered":"<p>La r\u00e9f\u00e9rence du Grand Tourisme est de retour. Luxe et \u00e9l\u00e9gance, charme et distinction, puissance et confort, cette derni\u00e8re g\u00e9n\u00e9ration de Continental GT reprend les ingr\u00e9dients maintenant connu du best seller de chez Bentley, et les magnifie. La ligne d\u00e9j\u00e0 est plus \u00e9lanc\u00e9e, la technologie progresse, le comportement beaucoup plus dynamique, la boite plus rapide, [&hellip;]<\/p>\n","protected":false},"featured_media":6351,"comment_status":"open","ping_status":"closed","template":"","meta":[],"product_cat":[31],"product_tag":[],"class_list":["post-6349","product","type-product","status-publish","has-post-thumbnail","hentry","product_cat-bentley","entry","has-media"],"_links":{"self":[{"href":"https:\/\/newmoteuretsens.e-madgin.com\/index.php\/wp-json\/wp\/v2\/product\/6349","targetHints":{"allow":["GET"]}}],"collection":[{"href":"https:\/\/newmoteuretsens.e-madgin.com\/index.php\/wp-json\/wp\/v2\/product"}],"about":[{"href":"https:\/\/newmoteuretsens.e-madgin.com\/index.php\/wp-json\/wp\/v2\/types\/product"}],"replies":[{"embeddable":true,"href":"https:\/\/newmoteuretsens.e-madgin.com\/index.php\/wp-json\/wp\/v2\/comments?post=6349"}],"wp:featuredmedia":[{"embeddable":true,"href":"https:\/\/newmoteuretsens.e-madgin.com\/index.php\/wp-json\/wp\/v2\/media\/6351"}],"wp:attachment":[{"href":"https:\/\/newmoteuretsens.e-madgin.com\/index.php\/wp-json\/wp\/v2\/media?parent=6349"}],"wp:term":[{"taxonomy":"product_cat","embeddable":true,"href":"https:\/\/newmoteuretsens.e-madgin.com\/index.php\/wp-json\/wp\/v2\/product_cat?post=6349"},{"taxonomy":"product_tag","embeddable":true,"href":"https:\/\/newmoteuretsens.e-madgin.com\/index.php\/wp-json\/wp\/v2\/product_tag?post=6349"}],"curies":[{"name":"wp","href":"https:\/\/api.w.org\/{rel}","templated":true}]}}