{"id":6340,"date":"2021-10-14T19:08:47","date_gmt":"2021-10-14T17:08:47","guid":{"rendered":"https:\/\/newmoteuretsens.e-madgin.com\/?post_type=product&#038;p=6340"},"modified":"2021-10-14T19:08:47","modified_gmt":"2021-10-14T17:08:47","slug":"ferrari-458-speciale-3","status":"publish","type":"product","link":"https:\/\/newmoteuretsens.e-madgin.com\/index.php\/produit\/ferrari-458-speciale-3\/","title":{"rendered":"FERRARI &#8211; 458 Speciale"},"content":{"rendered":"<p>Cette Ferrari 458 Speciale est une premi\u00e8re main Fran\u00e7aise command\u00e9e chez Ferrari Lyon. Elle est dans un \u00e9tat parfait, \u00e0 jour d&rsquo;entretien. La Speciale est l&rsquo;ultime expression du V8 4.5L atmosph\u00e9rique et reste la derni\u00e8re berlinette radicale du constructeur Italien ayant un bloc non suraliment\u00e9. \u00c9lu plusieurs ann\u00e9es de suite meilleur moteur, celui-ci hurle son bonheur jusqu\u2019\u00e0 pr\u00e8s de 10 000 tr\/min. L&rsquo;ensemble moteur\/boite double embrayage est fabuleux, le ch\u00e2ssis est encore plus aff\u00fbt\u00e9 et la direction est digne d&rsquo;un scalpel ! La berlinette reste n\u00e9anmoins polyvalente et confortable, ce qui repr\u00e9sente une vraie diff\u00e9rence avec la Scuderia qu&rsquo;elle remplace tout en proposant un niveau de performance \u00e9voluant dans un autre univers. C&rsquo;est une des autos les plus jouissive qu&rsquo;il existe \u00e0 conduire.<\/p>\n","protected":false},"excerpt":{"rendered":"<p>Cette Ferrari 458 Speciale est une premi\u00e8re main Fran\u00e7aise command\u00e9e chez Ferrari Lyon. Elle est dans un \u00e9tat parfait, \u00e0 jour d&rsquo;entretien. La Speciale est l&rsquo;ultime expression du V8 4.5L atmosph\u00e9rique et reste la derni\u00e8re berlinette radicale du constructeur Italien ayant un bloc non suraliment\u00e9. \u00c9lu plusieurs ann\u00e9es de suite meilleur moteur, celui-ci hurle son [&hellip;]<\/p>\n","protected":false},"featured_media":6341,"comment_status":"open","ping_status":"closed","template":"","meta":[],"product_cat":[23],"product_tag":[],"class_list":["post-6340","product","type-product","status-publish","has-post-thumbnail","hentry","product_cat-ferrari","entry","has-media"],"_links":{"self":[{"href":"https:\/\/newmoteuretsens.e-madgin.com\/index.php\/wp-json\/wp\/v2\/product\/6340","targetHints":{"allow":["GET"]}}],"collection":[{"href":"https:\/\/newmoteuretsens.e-madgin.com\/index.php\/wp-json\/wp\/v2\/product"}],"about":[{"href":"https:\/\/newmoteuretsens.e-madgin.com\/index.php\/wp-json\/wp\/v2\/types\/product"}],"replies":[{"embeddable":true,"href":"https:\/\/newmoteuretsens.e-madgin.com\/index.php\/wp-json\/wp\/v2\/comments?post=6340"}],"wp:featuredmedia":[{"embeddable":true,"href":"https:\/\/newmoteuretsens.e-madgin.com\/index.php\/wp-json\/wp\/v2\/media\/6341"}],"wp:attachment":[{"href":"https:\/\/newmoteuretsens.e-madgin.com\/index.php\/wp-json\/wp\/v2\/media?parent=6340"}],"wp:term":[{"taxonomy":"product_cat","embeddable":true,"href":"https:\/\/newmoteuretsens.e-madgin.com\/index.php\/wp-json\/wp\/v2\/product_cat?post=6340"},{"taxonomy":"product_tag","embeddable":true,"href":"https:\/\/newmoteuretsens.e-madgin.com\/index.php\/wp-json\/wp\/v2\/product_tag?post=6340"}],"curies":[{"name":"wp","href":"https:\/\/api.w.org\/{rel}","templated":true}]}}