{"id":6330,"date":"2021-10-14T19:02:07","date_gmt":"2021-10-14T17:02:07","guid":{"rendered":"https:\/\/newmoteuretsens.e-madgin.com\/?post_type=product&#038;p=6330"},"modified":"2021-10-14T19:02:07","modified_gmt":"2021-10-14T17:02:07","slug":"wiessman-mf4-gt","status":"publish","type":"product","link":"https:\/\/newmoteuretsens.e-madgin.com\/index.php\/produit\/wiessman-mf4-gt\/","title":{"rendered":"WIESSMAN &#8211; MF4 GT"},"content":{"rendered":"<p>Wiesmann, bien que m\u00e9connu du grand publique, m\u00e9riterait sa place sur le podium des artisans de l&rsquo;automobile d&rsquo;exception. Cr\u00e9ateur de voiture au look n\u00e9o-r\u00e9tro mais aux entrailles bien fournis, le petit constructeur allemand \u00e0 donn\u00e9 naissance en 2007 \u00e0 la MF4 GT ; petite et l\u00e9g\u00e8re voiture de sport au look tout en rondeur et \u00e0 la m\u00e9canique emprunt\u00e9 \u00e0 BMW. Son moteur V8 atmosph\u00e9rique et de 367 chevaux est coupl\u00e9 \u00e0 une boite automatique ZF \u00e0 six rapports avec la possibilit\u00e9 de les passer via des palettes au volant. Ce mod\u00e8le, qui n&rsquo;est autre que le num\u00e9ro 1 de la s\u00e9rie, est d&rsquo;origine allemande. Son propri\u00e9taire, fran\u00e7ais, n&rsquo;a pas h\u00e9sit\u00e9 \u00e0 entamer il y a deux ans, avant qu&rsquo;il ne soit trop tard, les d\u00e9marches pour faire immatriculer cette superbe voiture en France. Nous vous proposons donc une rare occasion d\u2019acqu\u00e9rir une tr\u00e8s belle MF4 GT en carte grise fran\u00e7aise !<\/p>\n","protected":false},"excerpt":{"rendered":"<p>Wiesmann, bien que m\u00e9connu du grand publique, m\u00e9riterait sa place sur le podium des artisans de l&rsquo;automobile d&rsquo;exception. Cr\u00e9ateur de voiture au look n\u00e9o-r\u00e9tro mais aux entrailles bien fournis, le petit constructeur allemand \u00e0 donn\u00e9 naissance en 2007 \u00e0 la MF4 GT ; petite et l\u00e9g\u00e8re voiture de sport au look tout en rondeur et [&hellip;]<\/p>\n","protected":false},"featured_media":6332,"comment_status":"open","ping_status":"closed","template":"","meta":[],"product_cat":[30],"product_tag":[],"class_list":["post-6330","product","type-product","status-publish","has-post-thumbnail","hentry","product_cat-wiesmann","entry","has-media"],"_links":{"self":[{"href":"https:\/\/newmoteuretsens.e-madgin.com\/index.php\/wp-json\/wp\/v2\/product\/6330","targetHints":{"allow":["GET"]}}],"collection":[{"href":"https:\/\/newmoteuretsens.e-madgin.com\/index.php\/wp-json\/wp\/v2\/product"}],"about":[{"href":"https:\/\/newmoteuretsens.e-madgin.com\/index.php\/wp-json\/wp\/v2\/types\/product"}],"replies":[{"embeddable":true,"href":"https:\/\/newmoteuretsens.e-madgin.com\/index.php\/wp-json\/wp\/v2\/comments?post=6330"}],"wp:featuredmedia":[{"embeddable":true,"href":"https:\/\/newmoteuretsens.e-madgin.com\/index.php\/wp-json\/wp\/v2\/media\/6332"}],"wp:attachment":[{"href":"https:\/\/newmoteuretsens.e-madgin.com\/index.php\/wp-json\/wp\/v2\/media?parent=6330"}],"wp:term":[{"taxonomy":"product_cat","embeddable":true,"href":"https:\/\/newmoteuretsens.e-madgin.com\/index.php\/wp-json\/wp\/v2\/product_cat?post=6330"},{"taxonomy":"product_tag","embeddable":true,"href":"https:\/\/newmoteuretsens.e-madgin.com\/index.php\/wp-json\/wp\/v2\/product_tag?post=6330"}],"curies":[{"name":"wp","href":"https:\/\/api.w.org\/{rel}","templated":true}]}}