{"id":633,"date":"2021-09-13T10:56:23","date_gmt":"2021-09-13T08:56:23","guid":{"rendered":"https:\/\/newmoteuretsens.e-madgin.com\/?post_type=product&#038;p=633"},"modified":"2021-10-28T12:44:51","modified_gmt":"2021-10-28T10:44:51","slug":"porsche-911-carrera-gts-type-997","status":"publish","type":"product","link":"https:\/\/newmoteuretsens.e-madgin.com\/index.php\/produit\/porsche-911-carrera-gts-type-997\/","title":{"rendered":"PORSCHE &#8211; 911 Carrera GTS Type 997"},"content":{"rendered":"<p>C\u2019est avec l\u2019apparition de la 6\u00e8me g\u00e9n\u00e9ration de 911, le type 997, que Porsche d\u00e9cide de d\u00e9cliner son mod\u00e8le mythique dans plusieurs versions. Au total : 24 variantes ! Jamais un mod\u00e8le n\u2019avait pr\u00e9sentait une telle diversit\u00e9 en nombre de version possible. La 997 GTS embarque alors avec elle, le flat-6 atmosph\u00e9rique 3.8 et voit sa puissance \u00e0 408 ch. Notre exemplaire avec cette livr\u00e9e Argent platine m\u00e9tallis\u00e9 et int\u00e9rieur cuir\/alcantara noir, est bien optionn\u00e9 et en tr\u00e8s bel \u00e9tat.<\/p>\n","protected":false},"excerpt":{"rendered":"<ul>\n<li>Option1<\/li>\n<li>option2<\/li>\n<li>option3<\/li>\n<\/ul>\n","protected":false},"featured_media":634,"comment_status":"open","ping_status":"closed","template":"","meta":[],"product_cat":[21],"product_tag":[],"class_list":["post-633","product","type-product","status-publish","has-post-thumbnail","hentry","product_cat-porsche","entry","has-media"],"_links":{"self":[{"href":"https:\/\/newmoteuretsens.e-madgin.com\/index.php\/wp-json\/wp\/v2\/product\/633","targetHints":{"allow":["GET"]}}],"collection":[{"href":"https:\/\/newmoteuretsens.e-madgin.com\/index.php\/wp-json\/wp\/v2\/product"}],"about":[{"href":"https:\/\/newmoteuretsens.e-madgin.com\/index.php\/wp-json\/wp\/v2\/types\/product"}],"replies":[{"embeddable":true,"href":"https:\/\/newmoteuretsens.e-madgin.com\/index.php\/wp-json\/wp\/v2\/comments?post=633"}],"wp:featuredmedia":[{"embeddable":true,"href":"https:\/\/newmoteuretsens.e-madgin.com\/index.php\/wp-json\/wp\/v2\/media\/634"}],"wp:attachment":[{"href":"https:\/\/newmoteuretsens.e-madgin.com\/index.php\/wp-json\/wp\/v2\/media?parent=633"}],"wp:term":[{"taxonomy":"product_cat","embeddable":true,"href":"https:\/\/newmoteuretsens.e-madgin.com\/index.php\/wp-json\/wp\/v2\/product_cat?post=633"},{"taxonomy":"product_tag","embeddable":true,"href":"https:\/\/newmoteuretsens.e-madgin.com\/index.php\/wp-json\/wp\/v2\/product_tag?post=633"}],"curies":[{"name":"wp","href":"https:\/\/api.w.org\/{rel}","templated":true}]}}