{"id":6312,"date":"2021-10-14T17:08:05","date_gmt":"2021-10-14T15:08:05","guid":{"rendered":"https:\/\/newmoteuretsens.e-madgin.com\/?post_type=product&#038;p=6312"},"modified":"2021-10-14T17:08:05","modified_gmt":"2021-10-14T15:08:05","slug":"chevrolet-camaro-6-coupe-v8-6-2","status":"publish","type":"product","link":"https:\/\/newmoteuretsens.e-madgin.com\/index.php\/produit\/chevrolet-camaro-6-coupe-v8-6-2\/","title":{"rendered":"CHEVROLET &#8211; CAMARO 6 COUPE V8 6.2"},"content":{"rendered":"<p>Pour ses 50 ans d&rsquo;existence, la Camaro fait peau neuve et revient avec une 6\u00e8me version gardant le design agressif de la g\u00e9n\u00e9ration pr\u00e9c\u00e9dente mais qui n&rsquo;a conserv\u00e9e aucune pi\u00e8ce similaire. La concurrente de la mustang subit un r\u00e9gime draconien et perd 100kg sur la balance, sa direction et ses trains roulants sont revus, ce qui lui permet des appuis plus franc et le comportement gagne en dynamisme. \u00c0 l&rsquo;int\u00e9rieur l&rsquo;\u00e9cran central tactile s&rsquo;incorpore parfaitement parmi les instruments. La Camaro partage le m\u00eame moteur V8 atmosph\u00e9rique que sa soeur la corvette avec un poil moins de chevaux et un \u00e9chappement diff\u00e9rent mais tout aussi plaisant \u00e0 conduire et toujours autant rempli de couple et de caract\u00e8re. Notre exemplaire est une premi\u00e8re main fran\u00e7aise, tr\u00e8s bien \u00e9quip\u00e9e, \u00e0 jour de r\u00e9vision et garantie constructeur jusqu&rsquo;en novembre 2021.<\/p>\n","protected":false},"excerpt":{"rendered":"<p>Pour ses 50 ans d&rsquo;existence, la Camaro fait peau neuve et revient avec une 6\u00e8me version gardant le design agressif de la g\u00e9n\u00e9ration pr\u00e9c\u00e9dente mais qui n&rsquo;a conserv\u00e9e aucune pi\u00e8ce similaire. La concurrente de la mustang subit un r\u00e9gime draconien et perd 100kg sur la balance, sa direction et ses trains roulants sont revus, ce [&hellip;]<\/p>\n","protected":false},"featured_media":6313,"comment_status":"open","ping_status":"closed","template":"","meta":[],"product_cat":[26],"product_tag":[],"class_list":["post-6312","product","type-product","status-publish","has-post-thumbnail","hentry","product_cat-chevrolet","entry","has-media"],"_links":{"self":[{"href":"https:\/\/newmoteuretsens.e-madgin.com\/index.php\/wp-json\/wp\/v2\/product\/6312","targetHints":{"allow":["GET"]}}],"collection":[{"href":"https:\/\/newmoteuretsens.e-madgin.com\/index.php\/wp-json\/wp\/v2\/product"}],"about":[{"href":"https:\/\/newmoteuretsens.e-madgin.com\/index.php\/wp-json\/wp\/v2\/types\/product"}],"replies":[{"embeddable":true,"href":"https:\/\/newmoteuretsens.e-madgin.com\/index.php\/wp-json\/wp\/v2\/comments?post=6312"}],"wp:featuredmedia":[{"embeddable":true,"href":"https:\/\/newmoteuretsens.e-madgin.com\/index.php\/wp-json\/wp\/v2\/media\/6313"}],"wp:attachment":[{"href":"https:\/\/newmoteuretsens.e-madgin.com\/index.php\/wp-json\/wp\/v2\/media?parent=6312"}],"wp:term":[{"taxonomy":"product_cat","embeddable":true,"href":"https:\/\/newmoteuretsens.e-madgin.com\/index.php\/wp-json\/wp\/v2\/product_cat?post=6312"},{"taxonomy":"product_tag","embeddable":true,"href":"https:\/\/newmoteuretsens.e-madgin.com\/index.php\/wp-json\/wp\/v2\/product_tag?post=6312"}],"curies":[{"name":"wp","href":"https:\/\/api.w.org\/{rel}","templated":true}]}}