{"id":6304,"date":"2021-10-14T17:02:37","date_gmt":"2021-10-14T15:02:37","guid":{"rendered":"https:\/\/newmoteuretsens.e-madgin.com\/?post_type=product&#038;p=6304"},"modified":"2021-10-14T17:02:38","modified_gmt":"2021-10-14T15:02:38","slug":"audi-r8-v10","status":"publish","type":"product","link":"https:\/\/newmoteuretsens.e-madgin.com\/index.php\/produit\/audi-r8-v10\/","title":{"rendered":"AUDI &#8211; R8 V10+"},"content":{"rendered":"<p>L&rsquo;audi R8 V10 + est une arme d&rsquo;efficacit\u00e9 et de polyvalence gr\u00e2ce \u00e0 sa transmission int\u00e9grale Quattro et son moteur FSI pouss\u00e9 \u00e0 610ch soit 60 de plus que la version classique. Cette version re\u00e7oit une dotation impressionnante de carbon: des r\u00e9troviseurs jusqu&rsquo;au diffuseur arri\u00e8re en passant par les slides blades, l&rsquo;aileron fixe arri\u00e8re, le capot moteur, la lame avant et m\u00eame les seuils de porte. Grace \u00e0 tous ces \u00e9l\u00e9ments, l&rsquo;auto gagne en poids et en rigidit\u00e9 et \u00e7a se ressent en terme de comportement dynamique o\u00f9 l&rsquo;on retrouve un temp\u00e9rament plut\u00f4t survireur. Dans une \u00e9poque o\u00f9 les constructeurs succombent au downsizing, quel bonheur de pouvoir toujours entendre un moteur atmosph\u00e9rique exprimer pleinement son caract\u00e8re. Notre exemplaire est en parfait \u00e9tat et \u00e0 jour d&rsquo;entretiens<\/p>\n","protected":false},"excerpt":{"rendered":"<p>L&rsquo;audi R8 V10 + est une arme d&rsquo;efficacit\u00e9 et de polyvalence gr\u00e2ce \u00e0 sa transmission int\u00e9grale Quattro et son moteur FSI pouss\u00e9 \u00e0 610ch soit 60 de plus que la version classique. Cette version re\u00e7oit une dotation impressionnante de carbon: des r\u00e9troviseurs jusqu&rsquo;au diffuseur arri\u00e8re en passant par les slides blades, l&rsquo;aileron fixe arri\u00e8re, le [&hellip;]<\/p>\n","protected":false},"featured_media":6305,"comment_status":"open","ping_status":"closed","template":"","meta":[],"product_cat":[20],"product_tag":[],"class_list":["post-6304","product","type-product","status-publish","has-post-thumbnail","hentry","product_cat-audi","entry","has-media"],"_links":{"self":[{"href":"https:\/\/newmoteuretsens.e-madgin.com\/index.php\/wp-json\/wp\/v2\/product\/6304","targetHints":{"allow":["GET"]}}],"collection":[{"href":"https:\/\/newmoteuretsens.e-madgin.com\/index.php\/wp-json\/wp\/v2\/product"}],"about":[{"href":"https:\/\/newmoteuretsens.e-madgin.com\/index.php\/wp-json\/wp\/v2\/types\/product"}],"replies":[{"embeddable":true,"href":"https:\/\/newmoteuretsens.e-madgin.com\/index.php\/wp-json\/wp\/v2\/comments?post=6304"}],"wp:featuredmedia":[{"embeddable":true,"href":"https:\/\/newmoteuretsens.e-madgin.com\/index.php\/wp-json\/wp\/v2\/media\/6305"}],"wp:attachment":[{"href":"https:\/\/newmoteuretsens.e-madgin.com\/index.php\/wp-json\/wp\/v2\/media?parent=6304"}],"wp:term":[{"taxonomy":"product_cat","embeddable":true,"href":"https:\/\/newmoteuretsens.e-madgin.com\/index.php\/wp-json\/wp\/v2\/product_cat?post=6304"},{"taxonomy":"product_tag","embeddable":true,"href":"https:\/\/newmoteuretsens.e-madgin.com\/index.php\/wp-json\/wp\/v2\/product_tag?post=6304"}],"curies":[{"name":"wp","href":"https:\/\/api.w.org\/{rel}","templated":true}]}}