{"id":6295,"date":"2021-10-14T16:56:57","date_gmt":"2021-10-14T14:56:57","guid":{"rendered":"https:\/\/newmoteuretsens.e-madgin.com\/?post_type=product&#038;p=6295"},"modified":"2021-10-14T16:56:57","modified_gmt":"2021-10-14T14:56:57","slug":"ferrari-812-superfast","status":"publish","type":"product","link":"https:\/\/newmoteuretsens.e-madgin.com\/index.php\/produit\/ferrari-812-superfast\/","title":{"rendered":"FERRARI &#8211; 812 Superfast"},"content":{"rendered":"<p>La 812 Superfast est la Ferrari \u00e0 moteur avant la plus puissante de l&rsquo;histoire de la marque de Maranello. Avec d\u00e9sormais 800 ch sous son long capot avant (60 ch de plus que la F12), ses performances sont dignes d&rsquo;une hypercar, tout en pr\u00e9servant un style de GT \u00e0 moteur avant et le caract\u00e8re affirm\u00e9 d&rsquo;une belle italienne. Le profil a\u00e9rodynamique est \u00e9galement revu, m\u00eame si l&rsquo;a\u00e9robridge de la F12 disparait, la belle b\u00e9n\u00e9ficie d\u2019un a\u00e9ro actif avec des volets dans les diffuseurs qui permet d\u2019\u00e9viter un aileron arri\u00e8re mal venu sur ces lignes pures et fluides. Notre exemplaire est une premi\u00e8re main fran\u00e7aise superbement optionn\u00e9e, qui sort de r\u00e9vision.<\/p>\n","protected":false},"excerpt":{"rendered":"<p>La 812 Superfast est la Ferrari \u00e0 moteur avant la plus puissante de l&rsquo;histoire de la marque de Maranello. Avec d\u00e9sormais 800 ch sous son long capot avant (60 ch de plus que la F12), ses performances sont dignes d&rsquo;une hypercar, tout en pr\u00e9servant un style de GT \u00e0 moteur avant et le caract\u00e8re affirm\u00e9 [&hellip;]<\/p>\n","protected":false},"featured_media":6296,"comment_status":"open","ping_status":"closed","template":"","meta":[],"product_cat":[23],"product_tag":[],"class_list":["post-6295","product","type-product","status-publish","has-post-thumbnail","hentry","product_cat-ferrari","entry","has-media"],"_links":{"self":[{"href":"https:\/\/newmoteuretsens.e-madgin.com\/index.php\/wp-json\/wp\/v2\/product\/6295","targetHints":{"allow":["GET"]}}],"collection":[{"href":"https:\/\/newmoteuretsens.e-madgin.com\/index.php\/wp-json\/wp\/v2\/product"}],"about":[{"href":"https:\/\/newmoteuretsens.e-madgin.com\/index.php\/wp-json\/wp\/v2\/types\/product"}],"replies":[{"embeddable":true,"href":"https:\/\/newmoteuretsens.e-madgin.com\/index.php\/wp-json\/wp\/v2\/comments?post=6295"}],"wp:featuredmedia":[{"embeddable":true,"href":"https:\/\/newmoteuretsens.e-madgin.com\/index.php\/wp-json\/wp\/v2\/media\/6296"}],"wp:attachment":[{"href":"https:\/\/newmoteuretsens.e-madgin.com\/index.php\/wp-json\/wp\/v2\/media?parent=6295"}],"wp:term":[{"taxonomy":"product_cat","embeddable":true,"href":"https:\/\/newmoteuretsens.e-madgin.com\/index.php\/wp-json\/wp\/v2\/product_cat?post=6295"},{"taxonomy":"product_tag","embeddable":true,"href":"https:\/\/newmoteuretsens.e-madgin.com\/index.php\/wp-json\/wp\/v2\/product_tag?post=6295"}],"curies":[{"name":"wp","href":"https:\/\/api.w.org\/{rel}","templated":true}]}}