{"id":6245,"date":"2021-10-14T16:51:24","date_gmt":"2021-10-14T14:51:24","guid":{"rendered":"https:\/\/newmoteuretsens.e-madgin.com\/?post_type=product&#038;p=6245"},"modified":"2021-10-14T16:51:24","modified_gmt":"2021-10-14T14:51:24","slug":"mclaren-570gt","status":"publish","type":"product","link":"https:\/\/newmoteuretsens.e-madgin.com\/index.php\/produit\/mclaren-570gt\/","title":{"rendered":"MCLAREN &#8211; 570GT"},"content":{"rendered":"<p>La Mclaren 570GT est la version un peu plus luxueuse et polyvalente de la 570S dont elle partage le moteur et la plateforme. Elle re\u00e7oit notamment de s\u00e9rie un second coffre, le toit panoramique, ou encore un int\u00e9rieur garni de cuir. Rassurez-vous, m\u00eame si ce mod\u00e8le est l&rsquo;auto la plus raffin\u00e9e de la gamme sport series , elle n&rsquo;en devient pas pour autant moins sportive, cela reste une vraie McLaren avec son V8 bi-turbo 3.8 litres en position centrale arri\u00e8re, qui d\u00e9veloppe comme son nom l&rsquo;indique 570 ch, soit presque la puissance d&rsquo;une Lamborghini Huracan (580-2).Face \u00e0 la version S, cette GT re\u00e7oit un typage ch\u00e2ssis plus orient\u00e9 route que piste : la direction est rendue un peu moins directe. Le freinage s&rsquo;est civilis\u00e9 avec une course plus progressive. Et l&rsquo;amortissement s&rsquo;est assoupli de 15% \u00e0 l&rsquo;avant et de 10% \u00e0 l&rsquo;arri\u00e8re. M\u00eame les pneus Pirelli P-Zero en 19 pouces \u00e0 l&rsquo;avant et 20 \u00e0 l&rsquo;arri\u00e8re sont moins sportifs pour assurer un confort sup\u00e9rieur. R\u00e9sultat : rouler durant des heures n&rsquo;a rien de fatiguant. Notre exemplaire est deuxi\u00e8me main fran\u00e7aise (d\u00e9j\u00e0 immatricul\u00e9e) dans un \u00e9tat proche du neuf totalisant 5900km seulement.<\/p>\n","protected":false},"excerpt":{"rendered":"<p>La Mclaren 570GT est la version un peu plus luxueuse et polyvalente de la 570S dont elle partage le moteur et la plateforme. Elle re\u00e7oit notamment de s\u00e9rie un second coffre, le toit panoramique, ou encore un int\u00e9rieur garni de cuir. Rassurez-vous, m\u00eame si ce mod\u00e8le est l&rsquo;auto la plus raffin\u00e9e de la gamme sport [&hellip;]<\/p>\n","protected":false},"featured_media":6246,"comment_status":"open","ping_status":"closed","template":"","meta":[],"product_cat":[22],"product_tag":[],"class_list":["post-6245","product","type-product","status-publish","has-post-thumbnail","hentry","product_cat-mclaren","entry","has-media"],"_links":{"self":[{"href":"https:\/\/newmoteuretsens.e-madgin.com\/index.php\/wp-json\/wp\/v2\/product\/6245","targetHints":{"allow":["GET"]}}],"collection":[{"href":"https:\/\/newmoteuretsens.e-madgin.com\/index.php\/wp-json\/wp\/v2\/product"}],"about":[{"href":"https:\/\/newmoteuretsens.e-madgin.com\/index.php\/wp-json\/wp\/v2\/types\/product"}],"replies":[{"embeddable":true,"href":"https:\/\/newmoteuretsens.e-madgin.com\/index.php\/wp-json\/wp\/v2\/comments?post=6245"}],"wp:featuredmedia":[{"embeddable":true,"href":"https:\/\/newmoteuretsens.e-madgin.com\/index.php\/wp-json\/wp\/v2\/media\/6246"}],"wp:attachment":[{"href":"https:\/\/newmoteuretsens.e-madgin.com\/index.php\/wp-json\/wp\/v2\/media?parent=6245"}],"wp:term":[{"taxonomy":"product_cat","embeddable":true,"href":"https:\/\/newmoteuretsens.e-madgin.com\/index.php\/wp-json\/wp\/v2\/product_cat?post=6245"},{"taxonomy":"product_tag","embeddable":true,"href":"https:\/\/newmoteuretsens.e-madgin.com\/index.php\/wp-json\/wp\/v2\/product_tag?post=6245"}],"curies":[{"name":"wp","href":"https:\/\/api.w.org\/{rel}","templated":true}]}}