{"id":6208,"date":"2021-10-14T16:29:22","date_gmt":"2021-10-14T14:29:22","guid":{"rendered":"https:\/\/newmoteuretsens.e-madgin.com\/?post_type=product&#038;p=6208"},"modified":"2021-10-14T16:29:23","modified_gmt":"2021-10-14T14:29:23","slug":"porsche-911-type-991-targa-4gts-450ch","status":"publish","type":"product","link":"https:\/\/newmoteuretsens.e-madgin.com\/index.php\/produit\/porsche-911-type-991-targa-4gts-450ch\/","title":{"rendered":"PORSCHE &#8211; 911 Type 991 Targa 4GTS 450CH"},"content":{"rendered":"<p>Chez Porsche, la gamme GTS, bien que jeune, est d\u00e9j\u00e0 incontournable dans l&rsquo;esprit des propri\u00e9taires. Apparue sur la g\u00e9n\u00e9ration 997 de la 911, cette alternative se voulait \u00eatre une \u00e9tape entre la Carrera S et la GT3. Le programme consiste donc \u00e0 conserver l&rsquo;excellente polyvalence de la 911 tout en y ajoutant une dose de sportivit\u00e9 proche d&rsquo;une GT3. La puissance moteur est augment\u00e9e de 30 chevaux par rapport \u00e0 une Carrera S et de nombreuses options comme le PASM, le PTV ou le PDCC viennent peaufiner le comportement dynamique. Notre exemplaire pr\u00e9sente une magnifique configuration et est extr\u00eamement bien \u00e9quip\u00e9. L&rsquo;auto est fran\u00e7aise d&rsquo;origine et sera entretenue chez Porsche avant la vente.<\/p>\n","protected":false},"excerpt":{"rendered":"<p>Chez Porsche, la gamme GTS, bien que jeune, est d\u00e9j\u00e0 incontournable dans l&rsquo;esprit des propri\u00e9taires. Apparue sur la g\u00e9n\u00e9ration 997 de la 911, cette alternative se voulait \u00eatre une \u00e9tape entre la Carrera S et la GT3. Le programme consiste donc \u00e0 conserver l&rsquo;excellente polyvalence de la 911 tout en y ajoutant une dose de [&hellip;]<\/p>\n","protected":false},"featured_media":6209,"comment_status":"open","ping_status":"closed","template":"","meta":[],"product_cat":[21],"product_tag":[],"class_list":["post-6208","product","type-product","status-publish","has-post-thumbnail","hentry","product_cat-porsche","entry","has-media"],"_links":{"self":[{"href":"https:\/\/newmoteuretsens.e-madgin.com\/index.php\/wp-json\/wp\/v2\/product\/6208","targetHints":{"allow":["GET"]}}],"collection":[{"href":"https:\/\/newmoteuretsens.e-madgin.com\/index.php\/wp-json\/wp\/v2\/product"}],"about":[{"href":"https:\/\/newmoteuretsens.e-madgin.com\/index.php\/wp-json\/wp\/v2\/types\/product"}],"replies":[{"embeddable":true,"href":"https:\/\/newmoteuretsens.e-madgin.com\/index.php\/wp-json\/wp\/v2\/comments?post=6208"}],"wp:featuredmedia":[{"embeddable":true,"href":"https:\/\/newmoteuretsens.e-madgin.com\/index.php\/wp-json\/wp\/v2\/media\/6209"}],"wp:attachment":[{"href":"https:\/\/newmoteuretsens.e-madgin.com\/index.php\/wp-json\/wp\/v2\/media?parent=6208"}],"wp:term":[{"taxonomy":"product_cat","embeddable":true,"href":"https:\/\/newmoteuretsens.e-madgin.com\/index.php\/wp-json\/wp\/v2\/product_cat?post=6208"},{"taxonomy":"product_tag","embeddable":true,"href":"https:\/\/newmoteuretsens.e-madgin.com\/index.php\/wp-json\/wp\/v2\/product_tag?post=6208"}],"curies":[{"name":"wp","href":"https:\/\/api.w.org\/{rel}","templated":true}]}}