{"id":6172,"date":"2021-10-14T15:36:56","date_gmt":"2021-10-14T13:36:56","guid":{"rendered":"https:\/\/newmoteuretsens.e-madgin.com\/?post_type=product&#038;p=6172"},"modified":"2021-10-14T15:36:56","modified_gmt":"2021-10-14T13:36:56","slug":"ferrari-488-pista-3","status":"publish","type":"product","link":"https:\/\/newmoteuretsens.e-madgin.com\/index.php\/produit\/ferrari-488-pista-3\/","title":{"rendered":"FERRARI &#8211; 488 Pista"},"content":{"rendered":"<p>Pour plusieurs raisons, la 488 est une r\u00e9volution dans la famille des berlinettes V8 chez Ferrari. Tout d&rsquo;abord son nom qui rompt avec la tradition des pr\u00e9c\u00e9dentes 458 ou encore 430 et qui indique d\u00e9sormais le volume d&rsquo;un cylindre en cm3. Au del\u00e0 de l&rsquo;aspect marketing, la r\u00e9el nouveaut\u00e9 est son moteur : Un V8 Bi-turbo en position centrale arri\u00e8re, une premi\u00e8re depuis la F40. Son admission d&rsquo;air modifi\u00e9e ainsi que les 2 turbos issus de la 488 GT3 conf\u00e8re \u00e0 la Pista 720ch, soit 50 de plus que sur la version GTB, de quoi vous procurer une sensation de pouss\u00e9e et une efficacit\u00e9 hors du commun ! Grace \u00e0 son concept a\u00e9rodynamique \u00ab\u00a0S-Duct\u00a0\u00bb directement inspir\u00e9 de la F1, la Pista gagne 20% en appui aero sur la version classique et s&rsquo;all\u00e8ge \u00e9galement de 90kg. Notre mod\u00e8le est une premiere main fran\u00e7aise incroyablement configur\u00e9e et optionn\u00e9e avec TVA r\u00e9cup\u00e9rable<\/p>\n","protected":false},"excerpt":{"rendered":"<p>Pour plusieurs raisons, la 488 est une r\u00e9volution dans la famille des berlinettes V8 chez Ferrari. Tout d&rsquo;abord son nom qui rompt avec la tradition des pr\u00e9c\u00e9dentes 458 ou encore 430 et qui indique d\u00e9sormais le volume d&rsquo;un cylindre en cm3. Au del\u00e0 de l&rsquo;aspect marketing, la r\u00e9el nouveaut\u00e9 est son moteur : Un V8 [&hellip;]<\/p>\n","protected":false},"featured_media":6173,"comment_status":"open","ping_status":"closed","template":"","meta":[],"product_cat":[23],"product_tag":[],"class_list":["post-6172","product","type-product","status-publish","has-post-thumbnail","hentry","product_cat-ferrari","entry","has-media"],"_links":{"self":[{"href":"https:\/\/newmoteuretsens.e-madgin.com\/index.php\/wp-json\/wp\/v2\/product\/6172","targetHints":{"allow":["GET"]}}],"collection":[{"href":"https:\/\/newmoteuretsens.e-madgin.com\/index.php\/wp-json\/wp\/v2\/product"}],"about":[{"href":"https:\/\/newmoteuretsens.e-madgin.com\/index.php\/wp-json\/wp\/v2\/types\/product"}],"replies":[{"embeddable":true,"href":"https:\/\/newmoteuretsens.e-madgin.com\/index.php\/wp-json\/wp\/v2\/comments?post=6172"}],"wp:featuredmedia":[{"embeddable":true,"href":"https:\/\/newmoteuretsens.e-madgin.com\/index.php\/wp-json\/wp\/v2\/media\/6173"}],"wp:attachment":[{"href":"https:\/\/newmoteuretsens.e-madgin.com\/index.php\/wp-json\/wp\/v2\/media?parent=6172"}],"wp:term":[{"taxonomy":"product_cat","embeddable":true,"href":"https:\/\/newmoteuretsens.e-madgin.com\/index.php\/wp-json\/wp\/v2\/product_cat?post=6172"},{"taxonomy":"product_tag","embeddable":true,"href":"https:\/\/newmoteuretsens.e-madgin.com\/index.php\/wp-json\/wp\/v2\/product_tag?post=6172"}],"curies":[{"name":"wp","href":"https:\/\/api.w.org\/{rel}","templated":true}]}}