{"id":6121,"date":"2021-10-14T15:29:44","date_gmt":"2021-10-14T13:29:44","guid":{"rendered":"https:\/\/newmoteuretsens.e-madgin.com\/?post_type=product&#038;p=6121"},"modified":"2021-10-14T15:29:45","modified_gmt":"2021-10-14T13:29:45","slug":"porsche-911-type-997-gt3-rs-3-8l","status":"publish","type":"product","link":"https:\/\/newmoteuretsens.e-madgin.com\/index.php\/produit\/porsche-911-type-997-gt3-rs-3-8l\/","title":{"rendered":"PORSCHE &#8211; 911 Type 997 GT3 RS 3.8L"},"content":{"rendered":"<p>La Porsche 997 GT3 RS descend d&rsquo;une longue et prestigieuse lign\u00e9e de sportive. Digne h\u00e9riti\u00e8re de la mythique 911 Carrera 2.7 RS dite \u00ab\u00a0Clubsport\u00a0\u00bb, la philosophie n&rsquo;a pas chang\u00e9. Le programme est simple : favoriser les sensations de conduite gr\u00e2ce \u00e0 une optimisation m\u00e9canique et surtout \u00e0 l&rsquo;all\u00e8gement de l&rsquo;auto. Cette g\u00e9n\u00e9ration n&rsquo;\u00e9chappe pas \u00e0 cette r\u00e8gle puis-que de nombreux kilos sont gagn\u00e9s sur la balance gr\u00e2ce \u00e0 l&rsquo;utilisation de carbone et de polycarbonate. Le pilotage n&rsquo;est pas oubli\u00e9 puisque les r\u00e9glages de ch\u00e2ssis et de trains sont revus. Le mod\u00e8le que nous proposons \u00e0 la vente est exceptionnel a plus d&rsquo;un titre. Il s&rsquo;agit d&rsquo;une auto d&rsquo;origine fran\u00e7aise, son historique est limpide et nous disposons de toutes les factures et de son carnet d&rsquo;entretien. Une r\u00e9vision vient juste d&rsquo;\u00eatre r\u00e9alis\u00e9e en centre Porsche.<\/p>\n","protected":false},"excerpt":{"rendered":"<p>La Porsche 997 GT3 RS descend d&rsquo;une longue et prestigieuse lign\u00e9e de sportive. Digne h\u00e9riti\u00e8re de la mythique 911 Carrera 2.7 RS dite \u00ab\u00a0Clubsport\u00a0\u00bb, la philosophie n&rsquo;a pas chang\u00e9. Le programme est simple : favoriser les sensations de conduite gr\u00e2ce \u00e0 une optimisation m\u00e9canique et surtout \u00e0 l&rsquo;all\u00e8gement de l&rsquo;auto. Cette g\u00e9n\u00e9ration n&rsquo;\u00e9chappe pas \u00e0 [&hellip;]<\/p>\n","protected":false},"featured_media":6122,"comment_status":"open","ping_status":"closed","template":"","meta":[],"product_cat":[21],"product_tag":[],"class_list":["post-6121","product","type-product","status-publish","has-post-thumbnail","hentry","product_cat-porsche","entry","has-media"],"_links":{"self":[{"href":"https:\/\/newmoteuretsens.e-madgin.com\/index.php\/wp-json\/wp\/v2\/product\/6121","targetHints":{"allow":["GET"]}}],"collection":[{"href":"https:\/\/newmoteuretsens.e-madgin.com\/index.php\/wp-json\/wp\/v2\/product"}],"about":[{"href":"https:\/\/newmoteuretsens.e-madgin.com\/index.php\/wp-json\/wp\/v2\/types\/product"}],"replies":[{"embeddable":true,"href":"https:\/\/newmoteuretsens.e-madgin.com\/index.php\/wp-json\/wp\/v2\/comments?post=6121"}],"wp:featuredmedia":[{"embeddable":true,"href":"https:\/\/newmoteuretsens.e-madgin.com\/index.php\/wp-json\/wp\/v2\/media\/6122"}],"wp:attachment":[{"href":"https:\/\/newmoteuretsens.e-madgin.com\/index.php\/wp-json\/wp\/v2\/media?parent=6121"}],"wp:term":[{"taxonomy":"product_cat","embeddable":true,"href":"https:\/\/newmoteuretsens.e-madgin.com\/index.php\/wp-json\/wp\/v2\/product_cat?post=6121"},{"taxonomy":"product_tag","embeddable":true,"href":"https:\/\/newmoteuretsens.e-madgin.com\/index.php\/wp-json\/wp\/v2\/product_tag?post=6121"}],"curies":[{"name":"wp","href":"https:\/\/api.w.org\/{rel}","templated":true}]}}