{"id":6013,"date":"2021-10-14T13:31:01","date_gmt":"2021-10-14T11:31:01","guid":{"rendered":"https:\/\/newmoteuretsens.e-madgin.com\/?post_type=product&#038;p=6013"},"modified":"2021-10-14T15:07:55","modified_gmt":"2021-10-14T13:07:55","slug":"porsche-cayman-981-gt4","status":"publish","type":"product","link":"https:\/\/newmoteuretsens.e-madgin.com\/index.php\/produit\/porsche-cayman-981-gt4\/","title":{"rendered":"PORSCHE &#8211; Cayman 981 GT4"},"content":{"rendered":"<p>Le Cayman GT4 est un petit joyaux dans la gamme Porsche. Une auto de puriste s&rsquo;il en est d\u00e9di\u00e9 au plaisir de conduite \u00a0\u00bba l&rsquo;ancienne\u00a0\u00bb. Moteur central arri\u00e8re, flat-six atmosph\u00e9rique hurlant dans les tours, boite m\u00e9ca revu par rapport au Cayman GTS dont elle d\u00e9coule, un poids contenu et un ch\u00e2ssis d&rsquo;exception ! Le train avant, la direction \u00e0 assistance \u00e9lectrique et les amortisseurs (invers\u00e9s, en aluminium et pilot\u00e9s) sont issus de la 991 GT3. Cela lui conf\u00e8re une pr\u00e9cision diabolique et des performances dynamiques d&rsquo;un tr\u00e8s haut niveau, bien assis au fond des baquets issus de la 918. Tout cet ensemble fait de cette auto un v\u00e9ritable cocktail aux saveurs relev\u00e9s, sans compter son freinage mordant et efficace, le travail a\u00e9ro et les Sport Cup 2 d\u00e9velopp\u00e9 par Michelin, il serait dommage de se priver d&rsquo;un petit tour de piste ! Le mod\u00e8le en question re\u00e7oit une configuration exceptionnelle avec cette peinture PTS Midnight blue metallic du plus bel effet, les baquets carbone type 918, surpiq\u00fbres contrastantes etc..<\/p>\n","protected":false},"excerpt":{"rendered":"<p>Le Cayman GT4 est un petit joyaux dans la gamme Porsche. Une auto de puriste s&rsquo;il en est d\u00e9di\u00e9 au plaisir de conduite \u00a0\u00bba l&rsquo;ancienne\u00a0\u00bb. Moteur central arri\u00e8re, flat-six atmosph\u00e9rique hurlant dans les tours, boite m\u00e9ca revu par rapport au Cayman GTS dont elle d\u00e9coule, un poids contenu et un ch\u00e2ssis d&rsquo;exception ! Le train [&hellip;]<\/p>\n","protected":false},"featured_media":6014,"comment_status":"open","ping_status":"closed","template":"","meta":[],"product_cat":[21],"product_tag":[],"class_list":["post-6013","product","type-product","status-publish","has-post-thumbnail","hentry","product_cat-porsche","entry","has-media"],"_links":{"self":[{"href":"https:\/\/newmoteuretsens.e-madgin.com\/index.php\/wp-json\/wp\/v2\/product\/6013","targetHints":{"allow":["GET"]}}],"collection":[{"href":"https:\/\/newmoteuretsens.e-madgin.com\/index.php\/wp-json\/wp\/v2\/product"}],"about":[{"href":"https:\/\/newmoteuretsens.e-madgin.com\/index.php\/wp-json\/wp\/v2\/types\/product"}],"replies":[{"embeddable":true,"href":"https:\/\/newmoteuretsens.e-madgin.com\/index.php\/wp-json\/wp\/v2\/comments?post=6013"}],"wp:featuredmedia":[{"embeddable":true,"href":"https:\/\/newmoteuretsens.e-madgin.com\/index.php\/wp-json\/wp\/v2\/media\/6014"}],"wp:attachment":[{"href":"https:\/\/newmoteuretsens.e-madgin.com\/index.php\/wp-json\/wp\/v2\/media?parent=6013"}],"wp:term":[{"taxonomy":"product_cat","embeddable":true,"href":"https:\/\/newmoteuretsens.e-madgin.com\/index.php\/wp-json\/wp\/v2\/product_cat?post=6013"},{"taxonomy":"product_tag","embeddable":true,"href":"https:\/\/newmoteuretsens.e-madgin.com\/index.php\/wp-json\/wp\/v2\/product_tag?post=6013"}],"curies":[{"name":"wp","href":"https:\/\/api.w.org\/{rel}","templated":true}]}}