{"id":5964,"date":"2021-10-14T13:24:40","date_gmt":"2021-10-14T11:24:40","guid":{"rendered":"https:\/\/newmoteuretsens.e-madgin.com\/?post_type=product&#038;p=5964"},"modified":"2021-10-21T16:35:08","modified_gmt":"2021-10-21T14:35:08","slug":"porsche-911-type-991-targa-4-gts-430ch","status":"publish","type":"product","link":"https:\/\/newmoteuretsens.e-madgin.com\/index.php\/produit\/porsche-911-type-991-targa-4-gts-430ch\/","title":{"rendered":"PORSCHE &#8211; 911 TYPE 991 Targa 4 GTS 430ch"},"content":{"rendered":"<p>Chez Porsche, la gamme GTS, bien que jeune, est d\u00e9j\u00e0 incontournable dans l&rsquo;esprit des propri\u00e9taires. Apparue sur la g\u00e9n\u00e9ration 997 de la 911, cette alternative se voulait \u00eatre une \u00e9tape entre la Carrera S et la GT3. Le programme consiste donc \u00e0 conserver l&rsquo;excellente polyvalence de la 911 tout en y ajoutant une dose de sportivit\u00e9 proche d&rsquo;une GT3. Le kit moteur X51 permet un gain de puissance de 30 chevaux par rapport \u00e0 une Carrera S et de nombreuses options comme le PASM, le PTV ou le PDCC viennent peaufiner le comportement dynamique. Quasiment unique sur le march\u00e9 actuel fran\u00e7ais, cette Targa 4 GTS atmosph\u00e9rique est pr\u00e9sent\u00e9e dans une superbe configuration gris argent GT. Le mod\u00e8le que nous pr\u00e9sentons ici est dans un superbe \u00e9tat, la carrosserie ne pr\u00e9sente aucun d\u00e9faut et le v\u00e9hicule poss\u00e8de un carnet d&rsquo;entretiens complet et \u00e0 jour (Derni\u00e8re r\u00e9vision en 07\/2020 \u00e0 17.000km chez Porsche)<\/p>\n","protected":false},"excerpt":{"rendered":"<p>Chez Porsche, la gamme GTS, bien que jeune, est d\u00e9j\u00e0 incontournable dans l&rsquo;esprit des propri\u00e9taires. Apparue sur la g\u00e9n\u00e9ration 997 de la 911, cette alternative se voulait \u00eatre une \u00e9tape entre la Carrera S et la GT3. Le programme consiste donc \u00e0 conserver l&rsquo;excellente polyvalence de la 911 tout en y ajoutant une dose de [&hellip;]<\/p>\n","protected":false},"featured_media":5965,"comment_status":"open","ping_status":"closed","template":"","meta":[],"product_cat":[21],"product_tag":[],"class_list":["post-5964","product","type-product","status-publish","has-post-thumbnail","hentry","product_cat-porsche","entry","has-media"],"_links":{"self":[{"href":"https:\/\/newmoteuretsens.e-madgin.com\/index.php\/wp-json\/wp\/v2\/product\/5964","targetHints":{"allow":["GET"]}}],"collection":[{"href":"https:\/\/newmoteuretsens.e-madgin.com\/index.php\/wp-json\/wp\/v2\/product"}],"about":[{"href":"https:\/\/newmoteuretsens.e-madgin.com\/index.php\/wp-json\/wp\/v2\/types\/product"}],"replies":[{"embeddable":true,"href":"https:\/\/newmoteuretsens.e-madgin.com\/index.php\/wp-json\/wp\/v2\/comments?post=5964"}],"wp:featuredmedia":[{"embeddable":true,"href":"https:\/\/newmoteuretsens.e-madgin.com\/index.php\/wp-json\/wp\/v2\/media\/5965"}],"wp:attachment":[{"href":"https:\/\/newmoteuretsens.e-madgin.com\/index.php\/wp-json\/wp\/v2\/media?parent=5964"}],"wp:term":[{"taxonomy":"product_cat","embeddable":true,"href":"https:\/\/newmoteuretsens.e-madgin.com\/index.php\/wp-json\/wp\/v2\/product_cat?post=5964"},{"taxonomy":"product_tag","embeddable":true,"href":"https:\/\/newmoteuretsens.e-madgin.com\/index.php\/wp-json\/wp\/v2\/product_tag?post=5964"}],"curies":[{"name":"wp","href":"https:\/\/api.w.org\/{rel}","templated":true}]}}