{"id":5910,"date":"2021-10-14T13:02:00","date_gmt":"2021-10-14T11:02:00","guid":{"rendered":"https:\/\/newmoteuretsens.e-madgin.com\/?post_type=product&#038;p=5910"},"modified":"2021-10-14T13:02:01","modified_gmt":"2021-10-14T11:02:01","slug":"porsche-991-gt2-rs-pack-weissach","status":"publish","type":"product","link":"https:\/\/newmoteuretsens.e-madgin.com\/index.php\/produit\/porsche-991-gt2-rs-pack-weissach\/","title":{"rendered":"PORSCHE &#8211; 991 GT2 RS Pack Weissach"},"content":{"rendered":"<p>La Porsche GT2 RS, deuxi\u00e8me du nom, est une nouvelle fois une d\u00e9monstration de force de la part de Porsche, et un vrai missile qui atomise la concurrence ! Les avis sont dithyrambiques et l&rsquo;auto impressionne par son look ultra sportif mais \u00e9galement par sa facilit\u00e9 d&rsquo;utilisation.<br \/>\nCe superbe exemplaire de Porsche 991 GT2 RS est Fran\u00e7ais, premi\u00e8re main, et toutes les taxes sont pay\u00e9es. La voiture n&rsquo;a jamais fait de circuit et est dans un \u00e9tat absolument neuf. Elle a \u00e9t\u00e9 configur\u00e9 avec go\u00fbt et sa liste d&rsquo;options est impressionnante.<\/p>\n","protected":false},"excerpt":{"rendered":"<p>La Porsche GT2 RS, deuxi\u00e8me du nom, est une nouvelle fois une d\u00e9monstration de force de la part de Porsche, et un vrai missile qui atomise la concurrence ! Les avis sont dithyrambiques et l&rsquo;auto impressionne par son look ultra sportif mais \u00e9galement par sa facilit\u00e9 d&rsquo;utilisation. Ce superbe exemplaire de Porsche 991 GT2 RS [&hellip;]<\/p>\n","protected":false},"featured_media":5911,"comment_status":"open","ping_status":"closed","template":"","meta":[],"product_cat":[21],"product_tag":[],"class_list":["post-5910","product","type-product","status-publish","has-post-thumbnail","hentry","product_cat-porsche","entry","has-media"],"_links":{"self":[{"href":"https:\/\/newmoteuretsens.e-madgin.com\/index.php\/wp-json\/wp\/v2\/product\/5910","targetHints":{"allow":["GET"]}}],"collection":[{"href":"https:\/\/newmoteuretsens.e-madgin.com\/index.php\/wp-json\/wp\/v2\/product"}],"about":[{"href":"https:\/\/newmoteuretsens.e-madgin.com\/index.php\/wp-json\/wp\/v2\/types\/product"}],"replies":[{"embeddable":true,"href":"https:\/\/newmoteuretsens.e-madgin.com\/index.php\/wp-json\/wp\/v2\/comments?post=5910"}],"wp:featuredmedia":[{"embeddable":true,"href":"https:\/\/newmoteuretsens.e-madgin.com\/index.php\/wp-json\/wp\/v2\/media\/5911"}],"wp:attachment":[{"href":"https:\/\/newmoteuretsens.e-madgin.com\/index.php\/wp-json\/wp\/v2\/media?parent=5910"}],"wp:term":[{"taxonomy":"product_cat","embeddable":true,"href":"https:\/\/newmoteuretsens.e-madgin.com\/index.php\/wp-json\/wp\/v2\/product_cat?post=5910"},{"taxonomy":"product_tag","embeddable":true,"href":"https:\/\/newmoteuretsens.e-madgin.com\/index.php\/wp-json\/wp\/v2\/product_tag?post=5910"}],"curies":[{"name":"wp","href":"https:\/\/api.w.org\/{rel}","templated":true}]}}