{"id":5858,"date":"2021-10-14T12:57:06","date_gmt":"2021-10-14T10:57:06","guid":{"rendered":"https:\/\/newmoteuretsens.e-madgin.com\/?post_type=product&#038;p=5858"},"modified":"2021-10-14T12:57:06","modified_gmt":"2021-10-14T10:57:06","slug":"porsche-991-gt3-rs-520ch-pack-weissach","status":"publish","type":"product","link":"https:\/\/newmoteuretsens.e-madgin.com\/index.php\/produit\/porsche-991-gt3-rs-520ch-pack-weissach\/","title":{"rendered":"PORSCHE &#8211; 991 GT3 RS 520CH Pack Weissach"},"content":{"rendered":"<p>L&rsquo;ultime it\u00e9ration de l&rsquo;arme parfaite sur circuit ! La GT3 RS, revient, encore une fois plus forte, plus performante, plus agressive et bard\u00e9e de technologies de pointes savamment orchestr\u00e9es (roues arri\u00e8re directrices, diff\u00e9rentiel pilot\u00e9, torque vectoring\u2026). R\u00e9glages de suspensions et de direction revus, et a\u00e9rodynamique plus charg\u00e9e de 40\u2009%. Le clou du spectacle est bien \u00e9videmment son flat-six de 520 ch (+20 ch + 10 nm), toujours atmo, et plus que jamais hurlant dans les tours. A vous vriller les tympans ! Quel pied ! Car oui, la version que nous vous proposons n&rsquo;est pas \u00a0\u00bbfap\u00e9\u00a0\u00bb. Sans parler de sa configuration plus que compl\u00e8te, reprenant toutes les options devenues presque in\u00e9vitables (Pack Weissach &#8211; 18 kg, etc). Un must pour tout passionn\u00e9 de m\u00e9canique, d&rsquo;automobile, de sport et d&rsquo;\u00e9motions fortes.<\/p>\n","protected":false},"excerpt":{"rendered":"<p>L&rsquo;ultime it\u00e9ration de l&rsquo;arme parfaite sur circuit ! La GT3 RS, revient, encore une fois plus forte, plus performante, plus agressive et bard\u00e9e de technologies de pointes savamment orchestr\u00e9es (roues arri\u00e8re directrices, diff\u00e9rentiel pilot\u00e9, torque vectoring\u2026). R\u00e9glages de suspensions et de direction revus, et a\u00e9rodynamique plus charg\u00e9e de 40\u2009%. Le clou du spectacle est bien [&hellip;]<\/p>\n","protected":false},"featured_media":5859,"comment_status":"open","ping_status":"closed","template":"","meta":[],"product_cat":[21],"product_tag":[],"class_list":["post-5858","product","type-product","status-publish","has-post-thumbnail","hentry","product_cat-porsche","entry","has-media"],"_links":{"self":[{"href":"https:\/\/newmoteuretsens.e-madgin.com\/index.php\/wp-json\/wp\/v2\/product\/5858","targetHints":{"allow":["GET"]}}],"collection":[{"href":"https:\/\/newmoteuretsens.e-madgin.com\/index.php\/wp-json\/wp\/v2\/product"}],"about":[{"href":"https:\/\/newmoteuretsens.e-madgin.com\/index.php\/wp-json\/wp\/v2\/types\/product"}],"replies":[{"embeddable":true,"href":"https:\/\/newmoteuretsens.e-madgin.com\/index.php\/wp-json\/wp\/v2\/comments?post=5858"}],"wp:featuredmedia":[{"embeddable":true,"href":"https:\/\/newmoteuretsens.e-madgin.com\/index.php\/wp-json\/wp\/v2\/media\/5859"}],"wp:attachment":[{"href":"https:\/\/newmoteuretsens.e-madgin.com\/index.php\/wp-json\/wp\/v2\/media?parent=5858"}],"wp:term":[{"taxonomy":"product_cat","embeddable":true,"href":"https:\/\/newmoteuretsens.e-madgin.com\/index.php\/wp-json\/wp\/v2\/product_cat?post=5858"},{"taxonomy":"product_tag","embeddable":true,"href":"https:\/\/newmoteuretsens.e-madgin.com\/index.php\/wp-json\/wp\/v2\/product_tag?post=5858"}],"curies":[{"name":"wp","href":"https:\/\/api.w.org\/{rel}","templated":true}]}}