{"id":5808,"date":"2021-10-14T12:50:14","date_gmt":"2021-10-14T10:50:14","guid":{"rendered":"https:\/\/newmoteuretsens.e-madgin.com\/?post_type=product&#038;p=5808"},"modified":"2021-10-14T12:50:23","modified_gmt":"2021-10-14T10:50:23","slug":"aston-martin-dbs-superleggera","status":"publish","type":"product","link":"https:\/\/newmoteuretsens.e-madgin.com\/index.php\/produit\/aston-martin-dbs-superleggera\/","title":{"rendered":"ASTON MARTIN &#8211; DBS Superleggera"},"content":{"rendered":"<p>L&rsquo;Aston Martin DBS Superleggera est la version sportive de la DB11 avec laquelle elle partage sa plateforme. Celle-ci s&rsquo;all\u00e8ge de 77Kg notamment grace \u00e0 son capot, toit et malle arri\u00e8re en carbon. Son nom est un clin d&rsquo;oeil \u00e0 la DB5 superleggera dont la carroserie en aluminium avait \u00e9t\u00e9 faite par la soci\u00e9t\u00e9 italienne touring. Le moteur V12 5.2L Bi-turbo est associ\u00e9 \u00e0 la boite ZF 8 rapports qui a \u00e9t\u00e9 modifi\u00e9e par rapport \u00e0 celle de la DB11 pour encaisser les 900NM de couple. Le mod\u00e8le que nous proposons dans sa livr\u00e9e Lightning Silver est une deuxi\u00e8me main fran\u00e7aise dans un \u00e9tat parfait.<\/p>\n","protected":false},"excerpt":{"rendered":"<p>L&rsquo;Aston Martin DBS Superleggera est la version sportive de la DB11 avec laquelle elle partage sa plateforme. Celle-ci s&rsquo;all\u00e8ge de 77Kg notamment grace \u00e0 son capot, toit et malle arri\u00e8re en carbon. Son nom est un clin d&rsquo;oeil \u00e0 la DB5 superleggera dont la carroserie en aluminium avait \u00e9t\u00e9 faite par la soci\u00e9t\u00e9 italienne touring. [&hellip;]<\/p>\n","protected":false},"featured_media":5809,"comment_status":"open","ping_status":"closed","template":"","meta":[],"product_cat":[25],"product_tag":[],"class_list":["post-5808","product","type-product","status-publish","has-post-thumbnail","hentry","product_cat-aston-martin","entry","has-media"],"_links":{"self":[{"href":"https:\/\/newmoteuretsens.e-madgin.com\/index.php\/wp-json\/wp\/v2\/product\/5808","targetHints":{"allow":["GET"]}}],"collection":[{"href":"https:\/\/newmoteuretsens.e-madgin.com\/index.php\/wp-json\/wp\/v2\/product"}],"about":[{"href":"https:\/\/newmoteuretsens.e-madgin.com\/index.php\/wp-json\/wp\/v2\/types\/product"}],"replies":[{"embeddable":true,"href":"https:\/\/newmoteuretsens.e-madgin.com\/index.php\/wp-json\/wp\/v2\/comments?post=5808"}],"wp:featuredmedia":[{"embeddable":true,"href":"https:\/\/newmoteuretsens.e-madgin.com\/index.php\/wp-json\/wp\/v2\/media\/5809"}],"wp:attachment":[{"href":"https:\/\/newmoteuretsens.e-madgin.com\/index.php\/wp-json\/wp\/v2\/media?parent=5808"}],"wp:term":[{"taxonomy":"product_cat","embeddable":true,"href":"https:\/\/newmoteuretsens.e-madgin.com\/index.php\/wp-json\/wp\/v2\/product_cat?post=5808"},{"taxonomy":"product_tag","embeddable":true,"href":"https:\/\/newmoteuretsens.e-madgin.com\/index.php\/wp-json\/wp\/v2\/product_tag?post=5808"}],"curies":[{"name":"wp","href":"https:\/\/api.w.org\/{rel}","templated":true}]}}